{"id":8354,"date":"2022-03-17T09:44:29","date_gmt":"2022-03-17T12:44:29","guid":{"rendered":"https:\/\/higiene.edu.uy\/unidad-de-educacion-permanente-1\/?page_id=8354"},"modified":"2025-01-20T17:04:19","modified_gmt":"2025-01-20T20:04:19","slug":"cursos","status":"publish","type":"page","link":"https:\/\/higiene.edu.uy\/unidad-de-educacion-permanente\/cursos\/","title":{"rendered":"Cursos"},"content":{"rendered":"\t\t<div data-elementor-type=\"wp-page\" data-elementor-id=\"8354\" class=\"elementor elementor-8354\">\n\t\t\t\t\t\t<section class=\"elementor-section elementor-top-section elementor-element elementor-element-d5333af elementor-section-full_width elementor-section-stretched elementor-section-height-default elementor-section-height-default\" data-id=\"d5333af\" data-element_type=\"section\" data-settings=\"{&quot;background_background&quot;:&quot;classic&quot;,&quot;stretch_section&quot;:&quot;section-stretched&quot;}\">\n\t\t\t\t\t\t<div class=\"elementor-container elementor-column-gap-default\">\n\t\t\t\t\t<div class=\"elementor-column elementor-col-100 elementor-top-column elementor-element elementor-element-392cb29\" data-id=\"392cb29\" data-element_type=\"column\">\n\t\t\t<div class=\"elementor-widget-wrap elementor-element-populated\">\n\t\t\t\t\t\t<div class=\"elementor-element elementor-element-c3daf45 edubin-nav-menu-breakpoint-big-tablet elementor-widget elementor-widget-edubin-header-menu\" data-id=\"c3daf45\" data-element_type=\"widget\" data-widget_type=\"edubin-header-menu.default\">\n\t\t\t\t<div class=\"elementor-widget-container\">\n\t\t\t\t\t<div class=\"edubin-nav-menu-wrapper edubin-header-area edubin-navbar-expand-lg edubin-elementor-nav-menu-wrapper\"><nav class=\"main-navigation edubin-navbar-collapse edubin-elementor-nav\"><ul id=\"menu-1-c3daf45\" class=\"edubin-navbar-nav edubin-navbar-right nav-menu edubin-nav-ul-wrapper\"><li itemscope=\"itemscope\" itemtype=\"https:\/\/www.schema.org\/SiteNavigationElement\" id=\"menu-item-8659\" class=\"menu-item menu-item-type-custom menu-item-object-custom nav-item menu-item-8659\"><a class=\"nav-link\" href=\"\/unidad-de-educacion-permanente\/\">Inicio<\/a><\/li>\n<li itemscope=\"itemscope\" itemtype=\"https:\/\/www.schema.org\/SiteNavigationElement\" id=\"menu-item-8319\" class=\"menu-item menu-item-type-custom menu-item-object-custom nav-item menu-item-8319\"><a class=\"nav-link\" href=\"\/unidad-de-educacion-permanente\/integrantes\">Integrantes<\/a><\/li>\n<li itemscope=\"itemscope\" itemtype=\"https:\/\/www.schema.org\/SiteNavigationElement\" id=\"menu-item-8585\" class=\"menu-item menu-item-type-custom menu-item-object-custom nav-item menu-item-8585\"><a class=\"nav-link\" href=\"\/unidad-de-educacion-permanente\/cursos\">Cursos<\/a><\/li>\n<li itemscope=\"itemscope\" itemtype=\"https:\/\/www.schema.org\/SiteNavigationElement\" id=\"menu-item-8581\" class=\"menu-item menu-item-type-custom menu-item-object-custom nav-item menu-item-8581\"><a class=\"nav-link\" href=\"\/unidad-de-educacion-permanente\/links-de-interes\">Links de inter\u00e9s<\/a><\/li>\n<\/ul><\/nav><div class=\"edubin-default-header-mobile-navbar edubin-mobile-menu\"><div class=\"edubin-elementor-mobile-menu-overlay\"><\/div><div class=\"edubin-elementor-mobile-hamburger-menu\"><a href=\"javascript:void(0);\"><svg xmlns=\"http:\/\/www.w3.org\/2000\/svg\" xmlns:xlink=\"http:\/\/www.w3.org\/1999\/xlink\" id=\"Capa_1\" x=\"0px\" y=\"0px\" viewBox=\"0 0 448 512\" style=\"enable-background:new 0 0 448 512;\" xml:space=\"preserve\"><style type=\"text\/css\">\t.st0{fill:#FFFFFF;}<\/style><path class=\"st0\" d=\"M0,96c0-17.7,14.3-32,32-32h384c17.7,0,32,14.3,32,32s-14.3,32-32,32H32C14.3,128,0,113.7,0,96z M0,256 c0-17.7,14.3-32,32-32h384c17.7,0,32,14.3,32,32s-14.3,32-32,32H32C14.3,288,0,273.7,0,256z M448,416c0,17.7-14.3,32-32,32H32 c-17.7,0-32-14.3-32-32s14.3-32,32-32h384C433.7,384,448,398.3,448,416z\"><\/path><\/svg><\/a><\/div><div class=\"edubin-mobile-menu-nav-wrapper edubin-elementor-mobile-menu-nav-wrapper\"><div class=\"edubin-elementor-mobile-menu-close\"><a href=\"javascript:void(0);\"><i aria-hidden=\"true\" class=\"flaticon-cancel\"><\/i><\/a><\/div><ul id=\"edubin-elementor-mobile-menu-item\" class=\"edubin-elementor-mobile-menu-item\"><li itemscope=\"itemscope\" itemtype=\"https:\/\/www.schema.org\/SiteNavigationElement\" class=\"menu-item menu-item-type-custom menu-item-object-custom nav-item menu-item-8659\"><a class=\"nav-link\" href=\"\/unidad-de-educacion-permanente\/\">Inicio<\/a><\/li>\n<li itemscope=\"itemscope\" itemtype=\"https:\/\/www.schema.org\/SiteNavigationElement\" class=\"menu-item menu-item-type-custom menu-item-object-custom nav-item menu-item-8319\"><a class=\"nav-link\" href=\"\/unidad-de-educacion-permanente\/integrantes\">Integrantes<\/a><\/li>\n<li itemscope=\"itemscope\" itemtype=\"https:\/\/www.schema.org\/SiteNavigationElement\" class=\"menu-item menu-item-type-custom menu-item-object-custom nav-item menu-item-8585\"><a class=\"nav-link\" href=\"\/unidad-de-educacion-permanente\/cursos\">Cursos<\/a><\/li>\n<li itemscope=\"itemscope\" itemtype=\"https:\/\/www.schema.org\/SiteNavigationElement\" class=\"menu-item menu-item-type-custom menu-item-object-custom nav-item menu-item-8581\"><a class=\"nav-link\" href=\"\/unidad-de-educacion-permanente\/links-de-interes\">Links de inter\u00e9s<\/a><\/li>\n<\/ul><\/div><\/div><\/div>\t\t\t\t<\/div>\n\t\t\t\t<\/div>\n\t\t\t\t\t<\/div>\n\t\t<\/div>\n\t\t\t\t\t<\/div>\n\t\t<\/section>\n\t\t\t\t<section class=\"elementor-section elementor-top-section elementor-element elementor-element-f660069 elementor-section-boxed elementor-section-height-default elementor-section-height-default\" data-id=\"f660069\" data-element_type=\"section\">\n\t\t\t\t\t\t<div class=\"elementor-container elementor-column-gap-default\">\n\t\t\t\t\t<div class=\"elementor-column elementor-col-100 elementor-top-column elementor-element elementor-element-4f1448b\" data-id=\"4f1448b\" data-element_type=\"column\">\n\t\t\t<div class=\"elementor-widget-wrap elementor-element-populated\">\n\t\t\t\t\t\t<div class=\"elementor-element elementor-element-c245ea1 elementor-widget elementor-widget-spacer\" data-id=\"c245ea1\" data-element_type=\"widget\" data-widget_type=\"spacer.default\">\n\t\t\t\t<div class=\"elementor-widget-container\">\n\t\t\t\t\t\t\t<div class=\"elementor-spacer\">\n\t\t\t<div class=\"elementor-spacer-inner\"><\/div>\n\t\t<\/div>\n\t\t\t\t\t\t<\/div>\n\t\t\t\t<\/div>\n\t\t\t\t\t<\/div>\n\t\t<\/div>\n\t\t\t\t\t<\/div>\n\t\t<\/section>\n\t\t\t\t<section class=\"elementor-section elementor-top-section elementor-element elementor-element-18466bf elementor-section-boxed elementor-section-height-default elementor-section-height-default\" data-id=\"18466bf\" data-element_type=\"section\">\n\t\t\t\t\t\t<div class=\"elementor-container elementor-column-gap-default\">\n\t\t\t\t\t<div class=\"elementor-column elementor-col-100 elementor-top-column elementor-element elementor-element-59676e0\" data-id=\"59676e0\" data-element_type=\"column\">\n\t\t\t<div class=\"elementor-widget-wrap elementor-element-populated\">\n\t\t\t\t\t\t<div class=\"elementor-element elementor-element-e04d694 elementor-widget elementor-widget-custom-title-addons\" data-id=\"e04d694\" data-element_type=\"widget\" data-widget_type=\"custom-title-addons.default\">\n\t\t\t\t<div class=\"elementor-widget-container\">\n\t\t\t\t\t<div class=\"tpc-double_heading\"><div class=\"dbl__subtitle\"><span>CURSOS<\/span><\/div><h3 class=\"dbl__title-wrapper\"><span class=\"dbl__title dbl-title_1\">Unidad de Educaci\u00f3n Permanente<\/span><\/h3><\/div>\t\t\t\t<\/div>\n\t\t\t\t<\/div>\n\t\t\t\t\t<\/div>\n\t\t<\/div>\n\t\t\t\t\t<\/div>\n\t\t<\/section>\n\t\t\t\t<section class=\"elementor-section elementor-top-section elementor-element elementor-element-2e6a42d elementor-section-boxed elementor-section-height-default elementor-section-height-default\" data-id=\"2e6a42d\" data-element_type=\"section\">\n\t\t\t\t\t\t<div class=\"elementor-container elementor-column-gap-default\">\n\t\t\t\t\t<div class=\"elementor-column elementor-col-100 elementor-top-column elementor-element elementor-element-bea92ea\" data-id=\"bea92ea\" data-element_type=\"column\">\n\t\t\t<div class=\"elementor-widget-wrap elementor-element-populated\">\n\t\t\t\t\t\t<div class=\"elementor-element elementor-element-e6e4542 elementor-widget elementor-widget-spacer\" data-id=\"e6e4542\" data-element_type=\"widget\" data-widget_type=\"spacer.default\">\n\t\t\t\t<div class=\"elementor-widget-container\">\n\t\t\t\t\t\t\t<div class=\"elementor-spacer\">\n\t\t\t<div class=\"elementor-spacer-inner\"><\/div>\n\t\t<\/div>\n\t\t\t\t\t\t<\/div>\n\t\t\t\t<\/div>\n\t\t\t\t\t<\/div>\n\t\t<\/div>\n\t\t\t\t\t<\/div>\n\t\t<\/section>\n\t\t\t\t<section class=\"elementor-section elementor-top-section elementor-element elementor-element-f7ad528 elementor-section-boxed elementor-section-height-default elementor-section-height-default\" data-id=\"f7ad528\" data-element_type=\"section\">\n\t\t\t\t\t\t<div class=\"elementor-container elementor-column-gap-default\">\n\t\t\t\t\t<div class=\"elementor-column elementor-col-100 elementor-top-column elementor-element elementor-element-aae8b34\" data-id=\"aae8b34\" data-element_type=\"column\">\n\t\t\t<div class=\"elementor-widget-wrap elementor-element-populated\">\n\t\t\t\t\t\t<div class=\"elementor-element elementor-element-d1b51f4 elementor-widget elementor-widget-heading\" data-id=\"d1b51f4\" data-element_type=\"widget\" data-widget_type=\"heading.default\">\n\t\t\t\t<div class=\"elementor-widget-container\">\n\t\t\t\t\t<h4 class=\"elementor-heading-title elementor-size-default\">CURSOS ABIERTOS 2024<\/h4>\t\t\t\t<\/div>\n\t\t\t\t<\/div>\n\t\t\t\t\t<\/div>\n\t\t<\/div>\n\t\t\t\t\t<\/div>\n\t\t<\/section>\n\t\t\t\t<section class=\"elementor-section elementor-top-section elementor-element elementor-element-097c87a elementor-section-boxed elementor-section-height-default elementor-section-height-default\" data-id=\"097c87a\" data-element_type=\"section\">\n\t\t\t\t\t\t<div class=\"elementor-container elementor-column-gap-default\">\n\t\t\t\t\t<div class=\"elementor-column elementor-col-100 elementor-top-column elementor-element elementor-element-ce83299\" data-id=\"ce83299\" data-element_type=\"column\">\n\t\t\t<div class=\"elementor-widget-wrap elementor-element-populated\">\n\t\t\t\t\t\t<div class=\"elementor-element elementor-element-a21ba25 elementor-widget elementor-widget-heading\" data-id=\"a21ba25\" data-element_type=\"widget\" data-widget_type=\"heading.default\">\n\t\t\t\t<div class=\"elementor-widget-container\">\n\t\t\t\t\t<h4 class=\"elementor-heading-title elementor-size-default\"> \nAFICHES DE LOS CURSOS<\/h4>\t\t\t\t<\/div>\n\t\t\t\t<\/div>\n\t\t\t\t\t<\/div>\n\t\t<\/div>\n\t\t\t\t\t<\/div>\n\t\t<\/section>\n\t\t\t\t<section class=\"elementor-section elementor-top-section elementor-element elementor-element-9431217 elementor-section-boxed elementor-section-height-default elementor-section-height-default\" data-id=\"9431217\" data-element_type=\"section\">\n\t\t\t\t\t\t<div class=\"elementor-container elementor-column-gap-default\">\n\t\t\t\t\t<div class=\"elementor-column elementor-col-100 elementor-top-column elementor-element elementor-element-61e598a\" data-id=\"61e598a\" data-element_type=\"column\">\n\t\t\t<div class=\"elementor-widget-wrap elementor-element-populated\">\n\t\t\t\t\t\t<div class=\"elementor-element elementor-element-c357b6c elementor-widget elementor-widget-edubin-button\" data-id=\"c357b6c\" data-element_type=\"widget\" data-widget_type=\"edubin-button.default\">\n\t\t\t\t<div class=\"elementor-widget-container\">\n\t\t\t\t\t<div class=\"edubin-button-widget-wrapper\"><a class=\"edubin-btn edubin-btn-custom edubin-btn-size-custom\" href=\"https:\/\/docs.google.com\/forms\/d\/e\/1FAIpQLSeRCS853ekTdDQUhaSpQJK9gPxSW-aUdvGSLIDkD08JhT7uow\/viewform\" target=\"_blank\">Link de inscripciones<\/a><\/div>\t\t\t\t<\/div>\n\t\t\t\t<\/div>\n\t\t\t\t\t<\/div>\n\t\t<\/div>\n\t\t\t\t\t<\/div>\n\t\t<\/section>\n\t\t\t\t<section class=\"elementor-section elementor-top-section elementor-element elementor-element-9edebc5 elementor-section-boxed elementor-section-height-default elementor-section-height-default\" data-id=\"9edebc5\" data-element_type=\"section\">\n\t\t\t\t\t\t<div class=\"elementor-container elementor-column-gap-default\">\n\t\t\t\t\t<div class=\"elementor-column elementor-col-100 elementor-top-column elementor-element elementor-element-142fd5b\" data-id=\"142fd5b\" data-element_type=\"column\">\n\t\t\t<div class=\"elementor-widget-wrap elementor-element-populated\">\n\t\t\t\t\t\t<div class=\"elementor-element elementor-element-5d46f33 elementor-widget elementor-widget-spacer\" data-id=\"5d46f33\" data-element_type=\"widget\" data-widget_type=\"spacer.default\">\n\t\t\t\t<div class=\"elementor-widget-container\">\n\t\t\t\t\t\t\t<div class=\"elementor-spacer\">\n\t\t\t<div class=\"elementor-spacer-inner\"><\/div>\n\t\t<\/div>\n\t\t\t\t\t\t<\/div>\n\t\t\t\t<\/div>\n\t\t\t\t\t<\/div>\n\t\t<\/div>\n\t\t\t\t\t<\/div>\n\t\t<\/section>\n\t\t\t\t<section class=\"elementor-section elementor-top-section elementor-element elementor-element-c798a2f elementor-section-boxed elementor-section-height-default elementor-section-height-default\" data-id=\"c798a2f\" data-element_type=\"section\">\n\t\t\t\t\t\t<div class=\"elementor-container elementor-column-gap-default\">\n\t\t\t\t\t<div class=\"elementor-column elementor-col-100 elementor-top-column elementor-element elementor-element-d7e3788\" data-id=\"d7e3788\" data-element_type=\"column\">\n\t\t\t<div class=\"elementor-widget-wrap elementor-element-populated\">\n\t\t\t\t\t\t<div class=\"elementor-element elementor-element-159a42a elementor-widget elementor-widget-heading\" data-id=\"159a42a\" data-element_type=\"widget\" data-widget_type=\"heading.default\">\n\t\t\t\t<div class=\"elementor-widget-container\">\n\t\t\t\t\t<h4 class=\"elementor-heading-title elementor-size-default\">CALENDARIO TENTATIVO 2024<\/h4>\t\t\t\t<\/div>\n\t\t\t\t<\/div>\n\t\t\t\t\t<\/div>\n\t\t<\/div>\n\t\t\t\t\t<\/div>\n\t\t<\/section>\n\t\t\t\t<section class=\"elementor-section elementor-top-section elementor-element elementor-element-1bb08dd elementor-section-boxed elementor-section-height-default elementor-section-height-default\" data-id=\"1bb08dd\" data-element_type=\"section\">\n\t\t\t\t\t\t<div class=\"elementor-container elementor-column-gap-default\">\n\t\t\t\t\t<div class=\"elementor-column elementor-col-100 elementor-top-column elementor-element elementor-element-bb32876\" data-id=\"bb32876\" data-element_type=\"column\">\n\t\t\t<div class=\"elementor-widget-wrap elementor-element-populated\">\n\t\t\t\t\t\t<div class=\"elementor-element elementor-element-a4d0977 elementor-widget elementor-widget-text-editor\" data-id=\"a4d0977\" data-element_type=\"widget\" data-widget_type=\"text-editor.default\">\n\t\t\t\t<div class=\"elementor-widget-container\">\n\t\t\t\t\t\t\t\t\t<p><strong>MAYO:<\/strong><\/p><ul><li>\u00bfCompartimos un cuento?: La narrativa como forma de acompa\u00f1ar a las infancias.<br \/>Inmunohematolog\u00eda avanzada.<\/li><li>Abriendo di\u00e1logos: educaci\u00f3n y sexualidad desde una mirada integral.<\/li><li>Herramientas para la elaboraci\u00f3n del Trabajo Final de Grado en la Licenciatura en Psicomotricidad.<\/li><li>Aplicaciones del centellograma \u00f3seo con SPECT\/CT en patolog\u00eda osteoarticular benigna.<\/li><li>Salud Vocal para maestros, maestras y estudiantes de Magisterio.<\/li><li>Liderarse para Liderar.<\/li><\/ul>\t\t\t\t\t\t\t\t<\/div>\n\t\t\t\t<\/div>\n\t\t\t\t\t<\/div>\n\t\t<\/div>\n\t\t\t\t\t<\/div>\n\t\t<\/section>\n\t\t\t\t<section class=\"elementor-section elementor-top-section elementor-element elementor-element-587865e elementor-section-boxed elementor-section-height-default elementor-section-height-default\" data-id=\"587865e\" data-element_type=\"section\">\n\t\t\t\t\t\t<div class=\"elementor-container elementor-column-gap-default\">\n\t\t\t\t\t<div class=\"elementor-column elementor-col-100 elementor-top-column elementor-element elementor-element-c445dc4\" data-id=\"c445dc4\" data-element_type=\"column\">\n\t\t\t<div class=\"elementor-widget-wrap elementor-element-populated\">\n\t\t\t\t\t\t<div class=\"elementor-element elementor-element-0f6fd3e elementor-widget elementor-widget-text-editor\" data-id=\"0f6fd3e\" data-element_type=\"widget\" data-widget_type=\"text-editor.default\">\n\t\t\t\t<div class=\"elementor-widget-container\">\n\t\t\t\t\t\t\t\t\t<p><strong>JUNIO:<\/strong><\/p><ul><li>Actualizaci\u00f3n en Asistencia Inicial del Reci\u00e9n Nacido y Reanimaci\u00f3n Cardiopulmonar Neonatal.<\/li><li>Construyendo una mirada integral hacia el reci\u00e9n nacido hospitalizado.<\/li><li>Jornada de Valoraci\u00f3n del Da\u00f1o Corporal.<\/li><li>Salud vocal para estudiantes y docentes de Educaci\u00f3n F\u00edsica.<\/li><\/ul>\t\t\t\t\t\t\t\t<\/div>\n\t\t\t\t<\/div>\n\t\t\t\t\t<\/div>\n\t\t<\/div>\n\t\t\t\t\t<\/div>\n\t\t<\/section>\n\t\t\t\t<section class=\"elementor-section elementor-top-section elementor-element elementor-element-829c7b6 elementor-section-boxed elementor-section-height-default elementor-section-height-default\" data-id=\"829c7b6\" data-element_type=\"section\">\n\t\t\t\t\t\t<div class=\"elementor-container elementor-column-gap-default\">\n\t\t\t\t\t<div class=\"elementor-column elementor-col-100 elementor-top-column elementor-element elementor-element-2e3f2fa\" data-id=\"2e3f2fa\" data-element_type=\"column\">\n\t\t\t<div class=\"elementor-widget-wrap elementor-element-populated\">\n\t\t\t\t\t\t<div class=\"elementor-element elementor-element-d10cc13 elementor-widget elementor-widget-text-editor\" data-id=\"d10cc13\" data-element_type=\"widget\" data-widget_type=\"text-editor.default\">\n\t\t\t\t<div class=\"elementor-widget-container\">\n\t\t\t\t\t\t\t\t\t<p><strong>JULIO:<\/strong><\/p><ul><li>Bioseguridad para Tatuadores y Punzadores.<\/li><li>Actualizaci\u00f3n en Diagn\u00f3stico en Micolog\u00eda M\u00e9dica.<\/li><li>Enyesado en Serie del Miembro Superior: Una alternativa pr\u00e1ctica en el proceso de Rehabilitaci\u00f3n.<\/li><li>Garant\u00eda de Calidad.<\/li><li>Curso de radiobiolog\u00eda aplicada a la Radioterapia.<\/li><li>Introducci\u00f3n a la rehabilitaci\u00f3n interdisciplinaria de pacientes neurol\u00f3gicos.<\/li><li>Actualizaci\u00f3n en estudios del Sistema Nervioso Perif\u00e9rico.<\/li><li>Estudios de casos de transiciones al egreso: dificultades percibidas por estudiantes en la elaboraci\u00f3n de monograf\u00edas\/tesis y pr\u00e1cticas profesionales en tres licenciaturas de alta participaci\u00f3n de la UdelaR.<\/li><\/ul>\t\t\t\t\t\t\t\t<\/div>\n\t\t\t\t<\/div>\n\t\t\t\t\t<\/div>\n\t\t<\/div>\n\t\t\t\t\t<\/div>\n\t\t<\/section>\n\t\t\t\t<section class=\"elementor-section elementor-top-section elementor-element elementor-element-6a410ce elementor-section-boxed elementor-section-height-default elementor-section-height-default\" data-id=\"6a410ce\" data-element_type=\"section\">\n\t\t\t\t\t\t<div class=\"elementor-container elementor-column-gap-default\">\n\t\t\t\t\t<div class=\"elementor-column elementor-col-100 elementor-top-column elementor-element elementor-element-a270ce4\" data-id=\"a270ce4\" data-element_type=\"column\">\n\t\t\t<div class=\"elementor-widget-wrap elementor-element-populated\">\n\t\t\t\t\t\t<div class=\"elementor-element elementor-element-f4ac2d4 elementor-widget elementor-widget-text-editor\" data-id=\"f4ac2d4\" data-element_type=\"widget\" data-widget_type=\"text-editor.default\">\n\t\t\t\t<div class=\"elementor-widget-container\">\n\t\t\t\t\t\t\t\t\t<p><strong>JULIO:<\/strong><\/p><ul><li>Bioseguridad para Tatuadores y Punzadores.<\/li><li>Actualizaci\u00f3n en Diagn\u00f3stico en Micolog\u00eda M\u00e9dica.<\/li><li>Enyesado en Serie del Miembro Superior: Una alternativa pr\u00e1ctica en el proceso de Rehabilitaci\u00f3n.<\/li><li>Garant\u00eda de Calidad.<\/li><li>Curso de radiobiolog\u00eda aplicada a la Radioterapia.<\/li><li>Introducci\u00f3n a la rehabilitaci\u00f3n interdisciplinaria de pacientes neurol\u00f3gicos.<\/li><li>Actualizaci\u00f3n en estudios del Sistema Nervioso Perif\u00e9rico.<\/li><li>Estudios de casos de transiciones al egreso: dificultades percibidas por estudiantes en la elaboraci\u00f3n de monograf\u00edas\/tesis y pr\u00e1cticas profesionales en tres licenciaturas de alta participaci\u00f3n de la UdelaR.<\/li><\/ul>\t\t\t\t\t\t\t\t<\/div>\n\t\t\t\t<\/div>\n\t\t\t\t\t<\/div>\n\t\t<\/div>\n\t\t\t\t\t<\/div>\n\t\t<\/section>\n\t\t\t\t<section class=\"elementor-section elementor-top-section elementor-element elementor-element-e25401d elementor-section-boxed elementor-section-height-default elementor-section-height-default\" data-id=\"e25401d\" data-element_type=\"section\">\n\t\t\t\t\t\t<div class=\"elementor-container elementor-column-gap-default\">\n\t\t\t\t\t<div class=\"elementor-column elementor-col-100 elementor-top-column elementor-element elementor-element-a3350f2\" data-id=\"a3350f2\" data-element_type=\"column\">\n\t\t\t<div class=\"elementor-widget-wrap elementor-element-populated\">\n\t\t\t\t\t\t<div class=\"elementor-element elementor-element-9258c9b elementor-widget elementor-widget-text-editor\" data-id=\"9258c9b\" data-element_type=\"widget\" data-widget_type=\"text-editor.default\">\n\t\t\t\t<div class=\"elementor-widget-container\">\n\t\t\t\t\t\t\t\t\t<p><strong>SETIEMBRE:<\/strong><\/p><ul><li>Aportes para pensar c\u00f3mo las pr\u00e1cticas de crianza impactan en el sue\u00f1o del ni\u00f1o durante la primera infancia.<\/li><li>Pr\u00e1cticas saludables para los cuidados de la piel de la persona mayor II.<\/li><li>Mosquitos Vectores: abordando la problem\u00e1tica desde la perspectiva de Una Salud.<\/li><li>La violencia basada en g\u00e9nero como problema de salud p\u00fablica y su abordaje desde la medicina.<\/li><li>Taller de Electro-medicina: manejo adecuado de Ultrasonidos Focalizados de Alta Intensidad (HIFU).<\/li><li>Radioprotecci\u00f3n en Radioterapia, Imagenolog\u00eda y Medicina Nuclear.<\/li><li>Consideraciones \u00e9ticas en la intervenci\u00f3n psicomotriz.<\/li><\/ul>\t\t\t\t\t\t\t\t<\/div>\n\t\t\t\t<\/div>\n\t\t\t\t\t<\/div>\n\t\t<\/div>\n\t\t\t\t\t<\/div>\n\t\t<\/section>\n\t\t\t\t<section class=\"elementor-section elementor-top-section elementor-element elementor-element-3f28768 elementor-section-boxed elementor-section-height-default elementor-section-height-default\" data-id=\"3f28768\" data-element_type=\"section\">\n\t\t\t\t\t\t<div class=\"elementor-container elementor-column-gap-default\">\n\t\t\t\t\t<div class=\"elementor-column elementor-col-100 elementor-top-column elementor-element elementor-element-a4dbd75\" data-id=\"a4dbd75\" data-element_type=\"column\">\n\t\t\t<div class=\"elementor-widget-wrap elementor-element-populated\">\n\t\t\t\t\t\t<div class=\"elementor-element elementor-element-7654d0c elementor-widget elementor-widget-text-editor\" data-id=\"7654d0c\" data-element_type=\"widget\" data-widget_type=\"text-editor.default\">\n\t\t\t\t<div class=\"elementor-widget-container\">\n\t\t\t\t\t\t\t\t\t<p><strong>OCTUBRE:<\/strong><\/p><ul><li>Farmacolog\u00eda para profesionales de la salud no prescriptores.<\/li><li>Diagn\u00f3stico de Leishmaniasis: \u201cUn enfoque epidemiol\u00f3gico, parasitol\u00f3gico y molecular\u201d.<\/li><li>Diagn\u00f3stico Molecular: Bases Cient\u00edficas y Aplicaciones.<\/li><li>Evaluaci\u00f3n y abordaje de las dificultades pr\u00e1xicas desde la perspectiva psicomotriz. Impacto en la vida diaria y en el aprendizaje acad\u00e9mico.<\/li><li>Curso Internacional de Revascularizaci\u00f3n Infrainguinal.<\/li><li>Seminarios de casos cl\u00ednicos en Inmunohematolog\u00eda, desafiando su resoluci\u00f3n.<\/li><li>ABC de la hemoterapia \u2013 3ra Edici\u00f3n.<\/li><li>Jornada de Valoraci\u00f3n del Da\u00f1o Corporal.<\/li><\/ul>\t\t\t\t\t\t\t\t<\/div>\n\t\t\t\t<\/div>\n\t\t\t\t\t<\/div>\n\t\t<\/div>\n\t\t\t\t\t<\/div>\n\t\t<\/section>\n\t\t\t\t<section class=\"elementor-section elementor-top-section elementor-element elementor-element-1ade0fc elementor-section-boxed elementor-section-height-default elementor-section-height-default\" data-id=\"1ade0fc\" data-element_type=\"section\">\n\t\t\t\t\t\t<div class=\"elementor-container elementor-column-gap-default\">\n\t\t\t\t\t<div class=\"elementor-column elementor-col-100 elementor-top-column elementor-element elementor-element-6d9ab70\" data-id=\"6d9ab70\" data-element_type=\"column\">\n\t\t\t<div class=\"elementor-widget-wrap elementor-element-populated\">\n\t\t\t\t\t\t<div class=\"elementor-element elementor-element-81ea8a0 elementor-widget elementor-widget-text-editor\" data-id=\"81ea8a0\" data-element_type=\"widget\" data-widget_type=\"text-editor.default\">\n\t\t\t\t<div class=\"elementor-widget-container\">\n\t\t\t\t\t\t\t\t\t<p><strong>NOVIEMBRE:<\/strong><\/p><ul><li>Vectores de la Enfermedad de Chagas.<\/li><\/ul>\t\t\t\t\t\t\t\t<\/div>\n\t\t\t\t<\/div>\n\t\t\t\t\t<\/div>\n\t\t<\/div>\n\t\t\t\t\t<\/div>\n\t\t<\/section>\n\t\t\t\t<section class=\"elementor-section elementor-top-section elementor-element elementor-element-2c81a48 elementor-section-boxed elementor-section-height-default elementor-section-height-default\" data-id=\"2c81a48\" data-element_type=\"section\">\n\t\t\t\t\t\t<div class=\"elementor-container elementor-column-gap-default\">\n\t\t\t\t\t<div class=\"elementor-column elementor-col-100 elementor-top-column elementor-element elementor-element-236cf71\" data-id=\"236cf71\" data-element_type=\"column\">\n\t\t\t<div class=\"elementor-widget-wrap elementor-element-populated\">\n\t\t\t\t\t\t<div class=\"elementor-element elementor-element-4740108 elementor-widget elementor-widget-spacer\" data-id=\"4740108\" data-element_type=\"widget\" data-widget_type=\"spacer.default\">\n\t\t\t\t<div class=\"elementor-widget-container\">\n\t\t\t\t\t\t\t<div class=\"elementor-spacer\">\n\t\t\t<div class=\"elementor-spacer-inner\"><\/div>\n\t\t<\/div>\n\t\t\t\t\t\t<\/div>\n\t\t\t\t<\/div>\n\t\t\t\t\t<\/div>\n\t\t<\/div>\n\t\t\t\t\t<\/div>\n\t\t<\/section>\n\t\t\t\t<\/div>\n\t\t","protected":false},"excerpt":{"rendered":"<p>Inicio Integrantes Cursos Links de inter\u00e9s Inicio Integrantes Cursos Links de inter\u00e9s CURSOS Unidad de Educaci\u00f3n Permanente CURSOS ABIERTOS 2024&#8230;<\/p>\n","protected":false},"author":1,"featured_media":0,"parent":0,"menu_order":0,"comment_status":"closed","ping_status":"closed","template":"","meta":{"_acf_changed":false,"footnotes":""},"class_list":["post-8354","page","type-page","status-publish","hentry"],"acf":[],"_links":{"self":[{"href":"https:\/\/higiene.edu.uy\/unidad-de-educacion-permanente\/wp-json\/wp\/v2\/pages\/8354","targetHints":{"allow":["GET"]}}],"collection":[{"href":"https:\/\/higiene.edu.uy\/unidad-de-educacion-permanente\/wp-json\/wp\/v2\/pages"}],"about":[{"href":"https:\/\/higiene.edu.uy\/unidad-de-educacion-permanente\/wp-json\/wp\/v2\/types\/page"}],"author":[{"embeddable":true,"href":"https:\/\/higiene.edu.uy\/unidad-de-educacion-permanente\/wp-json\/wp\/v2\/users\/1"}],"replies":[{"embeddable":true,"href":"https:\/\/higiene.edu.uy\/unidad-de-educacion-permanente\/wp-json\/wp\/v2\/comments?post=8354"}],"version-history":[{"count":124,"href":"https:\/\/higiene.edu.uy\/unidad-de-educacion-permanente\/wp-json\/wp\/v2\/pages\/8354\/revisions"}],"predecessor-version":[{"id":9562,"href":"https:\/\/higiene.edu.uy\/unidad-de-educacion-permanente\/wp-json\/wp\/v2\/pages\/8354\/revisions\/9562"}],"wp:attachment":[{"href":"https:\/\/higiene.edu.uy\/unidad-de-educacion-permanente\/wp-json\/wp\/v2\/media?parent=8354"}],"curies":[{"name":"wp","href":"https:\/\/api.w.org\/{rel}","templated":true}]}}