{"id":8318,"date":"2022-03-17T09:22:04","date_gmt":"2022-03-17T12:22:04","guid":{"rendered":"https:\/\/higiene.edu.uy\/parasitologia-y-micologia\/?page_id=8318"},"modified":"2025-01-14T17:19:17","modified_gmt":"2025-01-14T20:19:17","slug":"lineas-de-investigacion","status":"publish","type":"page","link":"https:\/\/higiene.edu.uy\/parasitologia-y-micologia\/lineas-de-investigacion\/","title":{"rendered":"L\u00edneas de Investigaci\u00f3n"},"content":{"rendered":"\t\t<div data-elementor-type=\"wp-page\" data-elementor-id=\"8318\" class=\"elementor elementor-8318\">\n\t\t\t\t\t\t<section class=\"elementor-section elementor-top-section elementor-element elementor-element-a05e2bb elementor-section-full_width elementor-section-stretched elementor-section-height-default elementor-section-height-default\" data-id=\"a05e2bb\" data-element_type=\"section\" data-settings=\"{&quot;background_background&quot;:&quot;classic&quot;,&quot;stretch_section&quot;:&quot;section-stretched&quot;}\">\n\t\t\t\t\t\t<div class=\"elementor-container elementor-column-gap-default\">\n\t\t\t\t\t<div class=\"elementor-column elementor-col-100 elementor-top-column elementor-element elementor-element-162723d\" data-id=\"162723d\" data-element_type=\"column\">\n\t\t\t<div class=\"elementor-widget-wrap elementor-element-populated\">\n\t\t\t\t\t\t<div class=\"elementor-element elementor-element-925b184 edubin-nav-menu-breakpoint-big-tablet elementor-widget elementor-widget-edubin-header-menu\" data-id=\"925b184\" data-element_type=\"widget\" data-widget_type=\"edubin-header-menu.default\">\n\t\t\t\t<div class=\"elementor-widget-container\">\n\t\t\t\t\t<div class=\"edubin-nav-menu-wrapper edubin-header-area edubin-navbar-expand-lg edubin-elementor-nav-menu-wrapper\"><nav class=\"main-navigation edubin-navbar-collapse edubin-elementor-nav\"><ul id=\"menu-1-925b184\" class=\"edubin-navbar-nav edubin-navbar-right nav-menu edubin-nav-ul-wrapper\"><li itemscope=\"itemscope\" itemtype=\"https:\/\/www.schema.org\/SiteNavigationElement\" id=\"menu-item-8659\" class=\"menu-item menu-item-type-custom menu-item-object-custom nav-item menu-item-8659\"><a class=\"nav-link\" href=\"\/parasitologia-y-micologia\/\">Inicio<\/a><\/li>\n<li itemscope=\"itemscope\" itemtype=\"https:\/\/www.schema.org\/SiteNavigationElement\" id=\"menu-item-8319\" class=\"menu-item menu-item-type-custom menu-item-object-custom nav-item menu-item-8319\"><a class=\"nav-link\" href=\"\/parasitologia-y-micologia\/integrantes\">Integrantes<\/a><\/li>\n<li itemscope=\"itemscope\" itemtype=\"https:\/\/www.schema.org\/SiteNavigationElement\" id=\"menu-item-8585\" class=\"menu-item menu-item-type-custom menu-item-object-custom nav-item menu-item-8585\"><a class=\"nav-link\" href=\"\/parasitologia-y-micologia\/cursos\">Cursos<\/a><\/li>\n<li itemscope=\"itemscope\" itemtype=\"https:\/\/www.schema.org\/SiteNavigationElement\" id=\"menu-item-8586\" class=\"menu-item menu-item-type-custom menu-item-object-custom nav-item menu-item-8586\"><a class=\"nav-link\" href=\"\/parasitologia-y-micologia\/lineas-de-investigacion\">L\u00edneas de Investigaci\u00f3n<\/a><\/li>\n<li itemscope=\"itemscope\" itemtype=\"https:\/\/www.schema.org\/SiteNavigationElement\" id=\"menu-item-8644\" class=\"menu-item menu-item-type-custom menu-item-object-custom nav-item menu-item-8644\"><a class=\"nav-link\" href=\"\/parasitologia-y-micologia\/proyectos\">Proyectos<\/a><\/li>\n<li itemscope=\"itemscope\" itemtype=\"https:\/\/www.schema.org\/SiteNavigationElement\" id=\"menu-item-8582\" class=\"menu-item menu-item-type-custom menu-item-object-custom nav-item menu-item-8582\"><a class=\"nav-link\" href=\"\/parasitologia-y-micologia\/produccion-cientifica\">Producci\u00f3n cient\u00edfica<\/a><\/li>\n<li itemscope=\"itemscope\" itemtype=\"https:\/\/www.schema.org\/SiteNavigationElement\" id=\"menu-item-8583\" class=\"menu-item menu-item-type-custom menu-item-object-custom nav-item menu-item-8583\"><a class=\"nav-link\" href=\"\/parasitologia-y-micologia\/extension\">Extensi\u00f3n<\/a><\/li>\n<li itemscope=\"itemscope\" itemtype=\"https:\/\/www.schema.org\/SiteNavigationElement\" id=\"menu-item-8581\" class=\"menu-item menu-item-type-custom menu-item-object-custom nav-item menu-item-8581\"><a class=\"nav-link\" href=\"\/parasitologia-y-micologia\/links-de-interes\">Links de inter\u00e9s<\/a><\/li>\n<\/ul><\/nav><div class=\"edubin-default-header-mobile-navbar edubin-mobile-menu\"><div class=\"edubin-elementor-mobile-menu-overlay\"><\/div><div class=\"edubin-elementor-mobile-hamburger-menu\"><a href=\"javascript:void(0);\"><svg xmlns=\"http:\/\/www.w3.org\/2000\/svg\" xmlns:xlink=\"http:\/\/www.w3.org\/1999\/xlink\" id=\"Capa_1\" x=\"0px\" y=\"0px\" viewBox=\"0 0 448 512\" style=\"enable-background:new 0 0 448 512;\" xml:space=\"preserve\"><style type=\"text\/css\">\t.st0{fill:#FFFFFF;}<\/style><path class=\"st0\" d=\"M0,96c0-17.7,14.3-32,32-32h384c17.7,0,32,14.3,32,32s-14.3,32-32,32H32C14.3,128,0,113.7,0,96z M0,256 c0-17.7,14.3-32,32-32h384c17.7,0,32,14.3,32,32s-14.3,32-32,32H32C14.3,288,0,273.7,0,256z M448,416c0,17.7-14.3,32-32,32H32 c-17.7,0-32-14.3-32-32s14.3-32,32-32h384C433.7,384,448,398.3,448,416z\"><\/path><\/svg><\/a><\/div><div class=\"edubin-mobile-menu-nav-wrapper edubin-elementor-mobile-menu-nav-wrapper\"><div class=\"edubin-elementor-mobile-menu-close\"><a href=\"javascript:void(0);\"><i aria-hidden=\"true\" class=\"flaticon-cancel\"><\/i><\/a><\/div><ul id=\"edubin-elementor-mobile-menu-item\" class=\"edubin-elementor-mobile-menu-item\"><li itemscope=\"itemscope\" itemtype=\"https:\/\/www.schema.org\/SiteNavigationElement\" class=\"menu-item menu-item-type-custom menu-item-object-custom nav-item menu-item-8659\"><a class=\"nav-link\" href=\"\/parasitologia-y-micologia\/\">Inicio<\/a><\/li>\n<li itemscope=\"itemscope\" itemtype=\"https:\/\/www.schema.org\/SiteNavigationElement\" class=\"menu-item menu-item-type-custom menu-item-object-custom nav-item menu-item-8319\"><a class=\"nav-link\" href=\"\/parasitologia-y-micologia\/integrantes\">Integrantes<\/a><\/li>\n<li itemscope=\"itemscope\" itemtype=\"https:\/\/www.schema.org\/SiteNavigationElement\" class=\"menu-item menu-item-type-custom menu-item-object-custom nav-item menu-item-8585\"><a class=\"nav-link\" href=\"\/parasitologia-y-micologia\/cursos\">Cursos<\/a><\/li>\n<li itemscope=\"itemscope\" itemtype=\"https:\/\/www.schema.org\/SiteNavigationElement\" class=\"menu-item menu-item-type-custom menu-item-object-custom nav-item menu-item-8586\"><a class=\"nav-link\" href=\"\/parasitologia-y-micologia\/lineas-de-investigacion\">L\u00edneas de Investigaci\u00f3n<\/a><\/li>\n<li itemscope=\"itemscope\" itemtype=\"https:\/\/www.schema.org\/SiteNavigationElement\" class=\"menu-item menu-item-type-custom menu-item-object-custom nav-item menu-item-8644\"><a class=\"nav-link\" href=\"\/parasitologia-y-micologia\/proyectos\">Proyectos<\/a><\/li>\n<li itemscope=\"itemscope\" itemtype=\"https:\/\/www.schema.org\/SiteNavigationElement\" class=\"menu-item menu-item-type-custom menu-item-object-custom nav-item menu-item-8582\"><a class=\"nav-link\" href=\"\/parasitologia-y-micologia\/produccion-cientifica\">Producci\u00f3n cient\u00edfica<\/a><\/li>\n<li itemscope=\"itemscope\" itemtype=\"https:\/\/www.schema.org\/SiteNavigationElement\" class=\"menu-item menu-item-type-custom menu-item-object-custom nav-item menu-item-8583\"><a class=\"nav-link\" href=\"\/parasitologia-y-micologia\/extension\">Extensi\u00f3n<\/a><\/li>\n<li itemscope=\"itemscope\" itemtype=\"https:\/\/www.schema.org\/SiteNavigationElement\" class=\"menu-item menu-item-type-custom menu-item-object-custom nav-item menu-item-8581\"><a class=\"nav-link\" href=\"\/parasitologia-y-micologia\/links-de-interes\">Links de inter\u00e9s<\/a><\/li>\n<\/ul><\/div><\/div><\/div>\t\t\t\t<\/div>\n\t\t\t\t<\/div>\n\t\t\t\t\t<\/div>\n\t\t<\/div>\n\t\t\t\t\t<\/div>\n\t\t<\/section>\n\t\t\t\t<section class=\"elementor-section elementor-top-section elementor-element elementor-element-227f2f6 elementor-section-boxed elementor-section-height-default elementor-section-height-default\" data-id=\"227f2f6\" data-element_type=\"section\">\n\t\t\t\t\t\t<div class=\"elementor-container elementor-column-gap-default\">\n\t\t\t\t\t<div class=\"elementor-column elementor-col-100 elementor-top-column elementor-element elementor-element-12ff499\" data-id=\"12ff499\" data-element_type=\"column\">\n\t\t\t<div class=\"elementor-widget-wrap elementor-element-populated\">\n\t\t\t\t\t\t<div class=\"elementor-element elementor-element-248f90c elementor-widget elementor-widget-spacer\" data-id=\"248f90c\" data-element_type=\"widget\" data-widget_type=\"spacer.default\">\n\t\t\t\t<div class=\"elementor-widget-container\">\n\t\t\t\t\t\t\t<div class=\"elementor-spacer\">\n\t\t\t<div class=\"elementor-spacer-inner\"><\/div>\n\t\t<\/div>\n\t\t\t\t\t\t<\/div>\n\t\t\t\t<\/div>\n\t\t\t\t\t<\/div>\n\t\t<\/div>\n\t\t\t\t\t<\/div>\n\t\t<\/section>\n\t\t\t\t<section class=\"elementor-section elementor-top-section elementor-element elementor-element-dced46c elementor-section-boxed elementor-section-height-default elementor-section-height-default\" data-id=\"dced46c\" data-element_type=\"section\">\n\t\t\t\t\t\t<div class=\"elementor-container elementor-column-gap-default\">\n\t\t\t\t\t<div class=\"elementor-column elementor-col-100 elementor-top-column elementor-element elementor-element-6be528d\" data-id=\"6be528d\" data-element_type=\"column\">\n\t\t\t<div class=\"elementor-widget-wrap elementor-element-populated\">\n\t\t\t\t\t\t<div class=\"elementor-element elementor-element-fa8e769 elementor-widget elementor-widget-custom-title-addons\" data-id=\"fa8e769\" data-element_type=\"widget\" data-widget_type=\"custom-title-addons.default\">\n\t\t\t\t<div class=\"elementor-widget-container\">\n\t\t\t\t\t<div class=\"tpc-double_heading\"><div class=\"dbl__subtitle\"><span>L\u00cdNEAS DE INVESTIGACI\u00d3N<\/span><\/div><h3 class=\"dbl__title-wrapper\"><span class=\"dbl__title dbl-title_1\">Unidad Acad\u00e9mica Parasitolog\u00eda y Micolog\u00eda<\/span><\/h3><\/div>\t\t\t\t<\/div>\n\t\t\t\t<\/div>\n\t\t\t\t\t<\/div>\n\t\t<\/div>\n\t\t\t\t\t<\/div>\n\t\t<\/section>\n\t\t\t\t<section class=\"elementor-section elementor-top-section elementor-element elementor-element-98bc637 elementor-section-boxed elementor-section-height-default elementor-section-height-default\" data-id=\"98bc637\" data-element_type=\"section\">\n\t\t\t\t\t\t<div class=\"elementor-container elementor-column-gap-default\">\n\t\t\t\t\t<div class=\"elementor-column elementor-col-100 elementor-top-column elementor-element elementor-element-64d05db\" data-id=\"64d05db\" data-element_type=\"column\">\n\t\t\t<div class=\"elementor-widget-wrap elementor-element-populated\">\n\t\t\t\t\t\t<div class=\"elementor-element elementor-element-e07bc30 elementor-widget elementor-widget-spacer\" data-id=\"e07bc30\" data-element_type=\"widget\" data-widget_type=\"spacer.default\">\n\t\t\t\t<div class=\"elementor-widget-container\">\n\t\t\t\t\t\t\t<div class=\"elementor-spacer\">\n\t\t\t<div class=\"elementor-spacer-inner\"><\/div>\n\t\t<\/div>\n\t\t\t\t\t\t<\/div>\n\t\t\t\t<\/div>\n\t\t\t\t\t<\/div>\n\t\t<\/div>\n\t\t\t\t\t<\/div>\n\t\t<\/section>\n\t\t\t\t<section class=\"elementor-section elementor-top-section elementor-element elementor-element-b4dca3d elementor-section-boxed elementor-section-height-default elementor-section-height-default\" data-id=\"b4dca3d\" data-element_type=\"section\">\n\t\t\t\t\t\t<div class=\"elementor-container elementor-column-gap-default\">\n\t\t\t\t\t<div class=\"elementor-column elementor-col-100 elementor-top-column elementor-element elementor-element-8b3e826\" data-id=\"8b3e826\" data-element_type=\"column\">\n\t\t\t<div class=\"elementor-widget-wrap elementor-element-populated\">\n\t\t\t\t\t\t<div class=\"elementor-element elementor-element-67e82e8 elementor-widget elementor-widget-heading\" data-id=\"67e82e8\" data-element_type=\"widget\" data-widget_type=\"heading.default\">\n\t\t\t\t<div class=\"elementor-widget-container\">\n\t\t\t\t\t<h4 class=\"elementor-heading-title elementor-size-default\">\u00c1REA DE ENTEROPARASITOSIS<\/h4>\t\t\t\t<\/div>\n\t\t\t\t<\/div>\n\t\t\t\t\t<\/div>\n\t\t<\/div>\n\t\t\t\t\t<\/div>\n\t\t<\/section>\n\t\t\t\t<section class=\"elementor-section elementor-top-section elementor-element elementor-element-a2ba9ec elementor-section-boxed elementor-section-height-default elementor-section-height-default\" data-id=\"a2ba9ec\" data-element_type=\"section\">\n\t\t\t\t\t\t<div class=\"elementor-container elementor-column-gap-default\">\n\t\t\t\t\t<div class=\"elementor-column elementor-col-100 elementor-top-column elementor-element elementor-element-de3a979\" data-id=\"de3a979\" data-element_type=\"column\">\n\t\t\t<div class=\"elementor-widget-wrap elementor-element-populated\">\n\t\t\t\t\t\t<div class=\"elementor-element elementor-element-74702bc elementor-widget elementor-widget-text-editor\" data-id=\"74702bc\" data-element_type=\"widget\" data-widget_type=\"text-editor.default\">\n\t\t\t\t<div class=\"elementor-widget-container\">\n\t\t\t\t\t\t\t\t\t<p>a) Relevamientos epidemiol\u00f3gicos con estudios coproparasitol\u00f3gicos.<br \/>b) Colaboraci\u00f3n con la IMM en proyectos ambientales de saneamiento, contribuyendo a la evaluaci\u00f3n de riesgo sanitario, m\u00e1s evidente en poblaciones vulnerables.<br \/>c) Diagn\u00f3stico en inmunodeprimidos<br \/>d) L\u00edneas de investigaci\u00f3n en diagn\u00f3stico, cultivo y epidemiolog\u00eda molecular de: Cryptosporidium spp, Microsporidios y Blastocystis spp<br \/>e) Prote\u00f3mica de especies de helmintos transmitidos por el suelo.<\/p>\t\t\t\t\t\t\t\t<\/div>\n\t\t\t\t<\/div>\n\t\t\t\t\t<\/div>\n\t\t<\/div>\n\t\t\t\t\t<\/div>\n\t\t<\/section>\n\t\t\t\t<section class=\"elementor-section elementor-top-section elementor-element elementor-element-4f57c67 elementor-section-boxed elementor-section-height-default elementor-section-height-default\" data-id=\"4f57c67\" data-element_type=\"section\">\n\t\t\t\t\t\t<div class=\"elementor-container elementor-column-gap-default\">\n\t\t\t\t\t<div class=\"elementor-column elementor-col-100 elementor-top-column elementor-element elementor-element-f2132a7\" data-id=\"f2132a7\" data-element_type=\"column\">\n\t\t\t<div class=\"elementor-widget-wrap elementor-element-populated\">\n\t\t\t\t\t\t<div class=\"elementor-element elementor-element-c86d856 elementor-widget elementor-widget-spacer\" data-id=\"c86d856\" data-element_type=\"widget\" data-widget_type=\"spacer.default\">\n\t\t\t\t<div class=\"elementor-widget-container\">\n\t\t\t\t\t\t\t<div class=\"elementor-spacer\">\n\t\t\t<div class=\"elementor-spacer-inner\"><\/div>\n\t\t<\/div>\n\t\t\t\t\t\t<\/div>\n\t\t\t\t<\/div>\n\t\t\t\t\t<\/div>\n\t\t<\/div>\n\t\t\t\t\t<\/div>\n\t\t<\/section>\n\t\t\t\t<section class=\"elementor-section elementor-top-section elementor-element elementor-element-dc96974 elementor-section-boxed elementor-section-height-default elementor-section-height-default\" data-id=\"dc96974\" data-element_type=\"section\">\n\t\t\t\t\t\t<div class=\"elementor-container elementor-column-gap-default\">\n\t\t\t\t\t<div class=\"elementor-column elementor-col-100 elementor-top-column elementor-element elementor-element-7014b6c\" data-id=\"7014b6c\" data-element_type=\"column\">\n\t\t\t<div class=\"elementor-widget-wrap elementor-element-populated\">\n\t\t\t\t\t\t<div class=\"elementor-element elementor-element-f378d0b elementor-widget elementor-widget-heading\" data-id=\"f378d0b\" data-element_type=\"widget\" data-widget_type=\"heading.default\">\n\t\t\t\t<div class=\"elementor-widget-container\">\n\t\t\t\t\t<h4 class=\"elementor-heading-title elementor-size-default\">\u00c1REA DE MICOLOG\u00cdA<\/h4>\t\t\t\t<\/div>\n\t\t\t\t<\/div>\n\t\t\t\t\t<\/div>\n\t\t<\/div>\n\t\t\t\t\t<\/div>\n\t\t<\/section>\n\t\t\t\t<section class=\"elementor-section elementor-top-section elementor-element elementor-element-6a68eb4 elementor-section-boxed elementor-section-height-default elementor-section-height-default\" data-id=\"6a68eb4\" data-element_type=\"section\">\n\t\t\t\t\t\t<div class=\"elementor-container elementor-column-gap-default\">\n\t\t\t\t\t<div class=\"elementor-column elementor-col-100 elementor-top-column elementor-element elementor-element-98752a7\" data-id=\"98752a7\" data-element_type=\"column\">\n\t\t\t<div class=\"elementor-widget-wrap elementor-element-populated\">\n\t\t\t\t\t\t<div class=\"elementor-element elementor-element-90a28ad elementor-widget elementor-widget-text-editor\" data-id=\"90a28ad\" data-element_type=\"widget\" data-widget_type=\"text-editor.default\">\n\t\t\t\t<div class=\"elementor-widget-container\">\n\t\t\t\t\t\t\t\t\t<p>a) Caracterizaci\u00f3n molecular de cepas de Cryptococcus spp.<br \/>b) Caracterizaci\u00f3n molecular de cepas de Fusarium spp.<br \/>c) Susceptibilidad a los antif\u00fangicos de cepas de Candida spp y Cryptococcus spp.<br \/>d) Caracterizaci\u00f3n molecular de cepas de Sporothrix spp.<br \/>e) Aplicaci\u00f3n de la espectrometr\u00eda de masas en la identificaci\u00f3n de Dermatofitos.<\/p>\t\t\t\t\t\t\t\t<\/div>\n\t\t\t\t<\/div>\n\t\t\t\t\t<\/div>\n\t\t<\/div>\n\t\t\t\t\t<\/div>\n\t\t<\/section>\n\t\t\t\t<section class=\"elementor-section elementor-top-section elementor-element elementor-element-4fb0071 elementor-section-boxed elementor-section-height-default elementor-section-height-default\" data-id=\"4fb0071\" data-element_type=\"section\">\n\t\t\t\t\t\t<div class=\"elementor-container elementor-column-gap-default\">\n\t\t\t\t\t<div class=\"elementor-column elementor-col-100 elementor-top-column elementor-element elementor-element-035e9a8\" data-id=\"035e9a8\" data-element_type=\"column\">\n\t\t\t<div class=\"elementor-widget-wrap elementor-element-populated\">\n\t\t\t\t\t\t<div class=\"elementor-element elementor-element-f39f299 elementor-widget elementor-widget-spacer\" data-id=\"f39f299\" data-element_type=\"widget\" data-widget_type=\"spacer.default\">\n\t\t\t\t<div class=\"elementor-widget-container\">\n\t\t\t\t\t\t\t<div class=\"elementor-spacer\">\n\t\t\t<div class=\"elementor-spacer-inner\"><\/div>\n\t\t<\/div>\n\t\t\t\t\t\t<\/div>\n\t\t\t\t<\/div>\n\t\t\t\t\t<\/div>\n\t\t<\/div>\n\t\t\t\t\t<\/div>\n\t\t<\/section>\n\t\t\t\t<section class=\"elementor-section elementor-top-section elementor-element elementor-element-bc2c3c1 elementor-section-boxed elementor-section-height-default elementor-section-height-default\" data-id=\"bc2c3c1\" data-element_type=\"section\">\n\t\t\t\t\t\t<div class=\"elementor-container elementor-column-gap-default\">\n\t\t\t\t\t<div class=\"elementor-column elementor-col-100 elementor-top-column elementor-element elementor-element-2e5daf2\" data-id=\"2e5daf2\" data-element_type=\"column\">\n\t\t\t<div class=\"elementor-widget-wrap elementor-element-populated\">\n\t\t\t\t\t\t<div class=\"elementor-element elementor-element-9349cc0 elementor-widget elementor-widget-heading\" data-id=\"9349cc0\" data-element_type=\"widget\" data-widget_type=\"heading.default\">\n\t\t\t\t<div class=\"elementor-widget-container\">\n\t\t\t\t\t<h4 class=\"elementor-heading-title elementor-size-default\">\u00c1REA DE ZOONOSIS Y VECTORES<\/h4>\t\t\t\t<\/div>\n\t\t\t\t<\/div>\n\t\t\t\t\t<\/div>\n\t\t<\/div>\n\t\t\t\t\t<\/div>\n\t\t<\/section>\n\t\t\t\t<section class=\"elementor-section elementor-top-section elementor-element elementor-element-00b9748 elementor-section-boxed elementor-section-height-default elementor-section-height-default\" data-id=\"00b9748\" data-element_type=\"section\">\n\t\t\t\t\t\t<div class=\"elementor-container elementor-column-gap-default\">\n\t\t\t\t\t<div class=\"elementor-column elementor-col-100 elementor-top-column elementor-element elementor-element-0fb62c8\" data-id=\"0fb62c8\" data-element_type=\"column\">\n\t\t\t<div class=\"elementor-widget-wrap elementor-element-populated\">\n\t\t\t\t\t\t<div class=\"elementor-element elementor-element-28ddf1d elementor-widget elementor-widget-text-editor\" data-id=\"28ddf1d\" data-element_type=\"widget\" data-widget_type=\"text-editor.default\">\n\t\t\t\t<div class=\"elementor-widget-container\">\n\t\t\t\t\t\t\t\t\t<p><span style=\"font-weight: 400;\">Descubrimiento y posterior investigaci\u00f3n aplicada en una nueva zoonosis parasitaria para el pa\u00eds: Leishmaniasis visceral (hallazgo del vector en 2010, hallazgo de los primeros perros infectados en 2015, hallazgo de los primeros casos humanos en 2018). Toda la investigaci\u00f3n se efectu\u00f3 en el Departamento, en colaboraci\u00f3n con docentes de la Facultad de Veterinaria e investigadores del Instituto Pasteur de Montevideo. Posteriormente, se continu\u00f3 con el trabajo, colaborando con el Ministerio de Salud P\u00fablica.<\/span><\/p><p><span style=\"font-weight: 400;\">a) Aislamiento de cepas de Trypanosoma cruzi, para su tipificaci\u00f3n y caracterizaci\u00f3n fenot\u00edpica (ej. Resistencia a antiparasitarios y din\u00e1micas de transmisi\u00f3n).<br \/><\/span><span style=\"font-weight: 400;\">b) Mantenimiento del \u00fanico criadero de triatom\u00edneos de nuestro pa\u00eds.<br \/><\/span><span style=\"font-weight: 400;\">c) Ecolog\u00eda de triatom\u00edneos en nuestro pa\u00eds.<br \/><\/span><span style=\"font-weight: 400;\">d) Implementaci\u00f3n de m\u00e9todos moleculares y microsc\u00f3picos para estudios cl\u00ednicos y ambientales relativos a Cryptosporidium spp. en Uruguay<\/span><\/p>\t\t\t\t\t\t\t\t<\/div>\n\t\t\t\t<\/div>\n\t\t\t\t\t<\/div>\n\t\t<\/div>\n\t\t\t\t\t<\/div>\n\t\t<\/section>\n\t\t\t\t<section class=\"elementor-section elementor-top-section elementor-element elementor-element-656c69a elementor-section-boxed elementor-section-height-default elementor-section-height-default\" data-id=\"656c69a\" data-element_type=\"section\">\n\t\t\t\t\t\t<div class=\"elementor-container elementor-column-gap-default\">\n\t\t\t\t\t<div class=\"elementor-column elementor-col-100 elementor-top-column elementor-element elementor-element-f813b1b\" data-id=\"f813b1b\" data-element_type=\"column\">\n\t\t\t<div class=\"elementor-widget-wrap elementor-element-populated\">\n\t\t\t\t\t\t<div class=\"elementor-element elementor-element-185ba06 elementor-widget elementor-widget-spacer\" data-id=\"185ba06\" data-element_type=\"widget\" data-widget_type=\"spacer.default\">\n\t\t\t\t<div class=\"elementor-widget-container\">\n\t\t\t\t\t\t\t<div class=\"elementor-spacer\">\n\t\t\t<div class=\"elementor-spacer-inner\"><\/div>\n\t\t<\/div>\n\t\t\t\t\t\t<\/div>\n\t\t\t\t<\/div>\n\t\t\t\t\t<\/div>\n\t\t<\/div>\n\t\t\t\t\t<\/div>\n\t\t<\/section>\n\t\t\t\t<\/div>\n\t\t","protected":false},"excerpt":{"rendered":"<p>Inicio Integrantes Cursos L\u00edneas de Investigaci\u00f3n Proyectos Producci\u00f3n cient\u00edfica Extensi\u00f3n Links de inter\u00e9s Inicio Integrantes Cursos L\u00edneas de Investigaci\u00f3n Proyectos&#8230;<\/p>\n","protected":false},"author":1,"featured_media":0,"parent":0,"menu_order":0,"comment_status":"closed","ping_status":"closed","template":"","meta":{"_acf_changed":false,"footnotes":""},"class_list":["post-8318","page","type-page","status-publish","hentry"],"acf":[],"_links":{"self":[{"href":"https:\/\/higiene.edu.uy\/parasitologia-y-micologia\/wp-json\/wp\/v2\/pages\/8318","targetHints":{"allow":["GET"]}}],"collection":[{"href":"https:\/\/higiene.edu.uy\/parasitologia-y-micologia\/wp-json\/wp\/v2\/pages"}],"about":[{"href":"https:\/\/higiene.edu.uy\/parasitologia-y-micologia\/wp-json\/wp\/v2\/types\/page"}],"author":[{"embeddable":true,"href":"https:\/\/higiene.edu.uy\/parasitologia-y-micologia\/wp-json\/wp\/v2\/users\/1"}],"replies":[{"embeddable":true,"href":"https:\/\/higiene.edu.uy\/parasitologia-y-micologia\/wp-json\/wp\/v2\/comments?post=8318"}],"version-history":[{"count":57,"href":"https:\/\/higiene.edu.uy\/parasitologia-y-micologia\/wp-json\/wp\/v2\/pages\/8318\/revisions"}],"predecessor-version":[{"id":9721,"href":"https:\/\/higiene.edu.uy\/parasitologia-y-micologia\/wp-json\/wp\/v2\/pages\/8318\/revisions\/9721"}],"wp:attachment":[{"href":"https:\/\/higiene.edu.uy\/parasitologia-y-micologia\/wp-json\/wp\/v2\/media?parent=8318"}],"curies":[{"name":"wp","href":"https:\/\/api.w.org\/{rel}","templated":true}]}}