{"id":8334,"date":"2022-03-17T09:34:20","date_gmt":"2022-03-17T12:34:20","guid":{"rendered":"https:\/\/higiene.edu.uy\/medicina-preventiva\/?page_id=8334"},"modified":"2025-12-05T10:31:37","modified_gmt":"2025-12-05T13:31:37","slug":"produccion-cientifica","status":"publish","type":"page","link":"https:\/\/higiene.edu.uy\/medicina-preventiva\/produccion-cientifica\/","title":{"rendered":"Producci\u00f3n Cient\u00edfica"},"content":{"rendered":"\t\t<div data-elementor-type=\"wp-page\" data-elementor-id=\"8334\" class=\"elementor elementor-8334\">\n\t\t\t\t\t\t<section class=\"elementor-section elementor-top-section elementor-element elementor-element-ced61f6 elementor-section-full_width elementor-section-stretched elementor-section-height-default elementor-section-height-default\" data-id=\"ced61f6\" data-element_type=\"section\" data-settings=\"{&quot;background_background&quot;:&quot;classic&quot;,&quot;stretch_section&quot;:&quot;section-stretched&quot;}\">\n\t\t\t\t\t\t<div class=\"elementor-container elementor-column-gap-default\">\n\t\t\t\t\t<div class=\"elementor-column elementor-col-100 elementor-top-column elementor-element elementor-element-a046e4f\" data-id=\"a046e4f\" data-element_type=\"column\">\n\t\t\t<div class=\"elementor-widget-wrap elementor-element-populated\">\n\t\t\t\t\t\t<div class=\"elementor-element elementor-element-a7d5a79 edubin-nav-menu-breakpoint-big-tablet elementor-widget elementor-widget-edubin-header-menu\" data-id=\"a7d5a79\" data-element_type=\"widget\" data-widget_type=\"edubin-header-menu.default\">\n\t\t\t\t<div class=\"elementor-widget-container\">\n\t\t\t\t\t<div class=\"edubin-nav-menu-wrapper edubin-header-area edubin-navbar-expand-lg edubin-elementor-nav-menu-wrapper\"><nav class=\"main-navigation edubin-navbar-collapse edubin-elementor-nav\"><ul id=\"menu-1-a7d5a79\" class=\"edubin-navbar-nav edubin-navbar-right nav-menu edubin-nav-ul-wrapper\"><li itemscope=\"itemscope\" itemtype=\"https:\/\/www.schema.org\/SiteNavigationElement\" id=\"menu-item-8659\" class=\"menu-item menu-item-type-custom menu-item-object-custom nav-item menu-item-8659\"><a class=\"nav-link\" href=\"\/medicina-preventiva\/\">Inicio<\/a><\/li>\n<li itemscope=\"itemscope\" itemtype=\"https:\/\/www.schema.org\/SiteNavigationElement\" id=\"menu-item-8319\" class=\"menu-item menu-item-type-custom menu-item-object-custom nav-item menu-item-8319\"><a class=\"nav-link\" href=\"\/medicina-preventiva\/integrantes\">Integrantes<\/a><\/li>\n<li itemscope=\"itemscope\" itemtype=\"https:\/\/www.schema.org\/SiteNavigationElement\" id=\"menu-item-8585\" class=\"menu-item menu-item-type-custom menu-item-object-custom nav-item menu-item-8585\"><a class=\"nav-link\" href=\"\/medicina-preventiva\/cursos\">Cursos<\/a><\/li>\n<li itemscope=\"itemscope\" itemtype=\"https:\/\/www.schema.org\/SiteNavigationElement\" id=\"menu-item-8586\" class=\"menu-item menu-item-type-custom menu-item-object-custom nav-item menu-item-8586\"><a class=\"nav-link\" href=\"\/medicina-preventiva\/lineas-de-investigacion\">L\u00edneas de Investigaci\u00f3n<\/a><\/li>\n<li itemscope=\"itemscope\" itemtype=\"https:\/\/www.schema.org\/SiteNavigationElement\" id=\"menu-item-8644\" class=\"menu-item menu-item-type-custom menu-item-object-custom nav-item menu-item-8644\"><a class=\"nav-link\" href=\"\/medicina-preventiva\/proyectos\">Proyectos<\/a><\/li>\n<li itemscope=\"itemscope\" itemtype=\"https:\/\/www.schema.org\/SiteNavigationElement\" id=\"menu-item-8582\" class=\"menu-item menu-item-type-custom menu-item-object-custom nav-item menu-item-8582\"><a class=\"nav-link\" href=\"\/medicina-preventiva\/produccion-cientifica\">Producci\u00f3n cient\u00edfica<\/a><\/li>\n<li itemscope=\"itemscope\" itemtype=\"https:\/\/www.schema.org\/SiteNavigationElement\" id=\"menu-item-8583\" class=\"menu-item menu-item-type-custom menu-item-object-custom nav-item menu-item-8583\"><a class=\"nav-link\" href=\"\/medicina-preventiva\/extension\">Extensi\u00f3n<\/a><\/li>\n<li itemscope=\"itemscope\" itemtype=\"https:\/\/www.schema.org\/SiteNavigationElement\" id=\"menu-item-8581\" class=\"menu-item menu-item-type-custom menu-item-object-custom nav-item menu-item-8581\"><a class=\"nav-link\" href=\"\/medicina-preventiva\/links-de-interes\">Links de inter\u00e9s<\/a><\/li>\n<\/ul><\/nav><div class=\"edubin-default-header-mobile-navbar edubin-mobile-menu\"><div class=\"edubin-elementor-mobile-menu-overlay\"><\/div><div class=\"edubin-elementor-mobile-hamburger-menu\"><a href=\"javascript:void(0);\"><svg xmlns=\"http:\/\/www.w3.org\/2000\/svg\" xmlns:xlink=\"http:\/\/www.w3.org\/1999\/xlink\" id=\"Capa_1\" x=\"0px\" y=\"0px\" viewBox=\"0 0 448 512\" style=\"enable-background:new 0 0 448 512;\" xml:space=\"preserve\"><style type=\"text\/css\">\t.st0{fill:#FFFFFF;}<\/style><path class=\"st0\" d=\"M0,96c0-17.7,14.3-32,32-32h384c17.7,0,32,14.3,32,32s-14.3,32-32,32H32C14.3,128,0,113.7,0,96z M0,256 c0-17.7,14.3-32,32-32h384c17.7,0,32,14.3,32,32s-14.3,32-32,32H32C14.3,288,0,273.7,0,256z M448,416c0,17.7-14.3,32-32,32H32 c-17.7,0-32-14.3-32-32s14.3-32,32-32h384C433.7,384,448,398.3,448,416z\"><\/path><\/svg><\/a><\/div><div class=\"edubin-mobile-menu-nav-wrapper edubin-elementor-mobile-menu-nav-wrapper\"><div class=\"edubin-elementor-mobile-menu-close\"><a href=\"javascript:void(0);\"><i aria-hidden=\"true\" class=\"flaticon-cancel\"><\/i><\/a><\/div><ul id=\"edubin-elementor-mobile-menu-item\" class=\"edubin-elementor-mobile-menu-item\"><li itemscope=\"itemscope\" itemtype=\"https:\/\/www.schema.org\/SiteNavigationElement\" class=\"menu-item menu-item-type-custom menu-item-object-custom nav-item menu-item-8659\"><a class=\"nav-link\" href=\"\/medicina-preventiva\/\">Inicio<\/a><\/li>\n<li itemscope=\"itemscope\" itemtype=\"https:\/\/www.schema.org\/SiteNavigationElement\" class=\"menu-item menu-item-type-custom menu-item-object-custom nav-item menu-item-8319\"><a class=\"nav-link\" href=\"\/medicina-preventiva\/integrantes\">Integrantes<\/a><\/li>\n<li itemscope=\"itemscope\" itemtype=\"https:\/\/www.schema.org\/SiteNavigationElement\" class=\"menu-item menu-item-type-custom menu-item-object-custom nav-item menu-item-8585\"><a class=\"nav-link\" href=\"\/medicina-preventiva\/cursos\">Cursos<\/a><\/li>\n<li itemscope=\"itemscope\" itemtype=\"https:\/\/www.schema.org\/SiteNavigationElement\" class=\"menu-item menu-item-type-custom menu-item-object-custom nav-item menu-item-8586\"><a class=\"nav-link\" href=\"\/medicina-preventiva\/lineas-de-investigacion\">L\u00edneas de Investigaci\u00f3n<\/a><\/li>\n<li itemscope=\"itemscope\" itemtype=\"https:\/\/www.schema.org\/SiteNavigationElement\" class=\"menu-item menu-item-type-custom menu-item-object-custom nav-item menu-item-8644\"><a class=\"nav-link\" href=\"\/medicina-preventiva\/proyectos\">Proyectos<\/a><\/li>\n<li itemscope=\"itemscope\" itemtype=\"https:\/\/www.schema.org\/SiteNavigationElement\" class=\"menu-item menu-item-type-custom menu-item-object-custom nav-item menu-item-8582\"><a class=\"nav-link\" href=\"\/medicina-preventiva\/produccion-cientifica\">Producci\u00f3n cient\u00edfica<\/a><\/li>\n<li itemscope=\"itemscope\" itemtype=\"https:\/\/www.schema.org\/SiteNavigationElement\" class=\"menu-item menu-item-type-custom menu-item-object-custom nav-item menu-item-8583\"><a class=\"nav-link\" href=\"\/medicina-preventiva\/extension\">Extensi\u00f3n<\/a><\/li>\n<li itemscope=\"itemscope\" itemtype=\"https:\/\/www.schema.org\/SiteNavigationElement\" class=\"menu-item menu-item-type-custom menu-item-object-custom nav-item menu-item-8581\"><a class=\"nav-link\" href=\"\/medicina-preventiva\/links-de-interes\">Links de inter\u00e9s<\/a><\/li>\n<\/ul><\/div><\/div><\/div>\t\t\t\t<\/div>\n\t\t\t\t<\/div>\n\t\t\t\t\t<\/div>\n\t\t<\/div>\n\t\t\t\t\t<\/div>\n\t\t<\/section>\n\t\t\t\t<section class=\"elementor-section elementor-top-section elementor-element elementor-element-44cbc24 elementor-section-boxed elementor-section-height-default elementor-section-height-default\" data-id=\"44cbc24\" data-element_type=\"section\">\n\t\t\t\t\t\t<div class=\"elementor-container elementor-column-gap-default\">\n\t\t\t\t\t<div class=\"elementor-column elementor-col-100 elementor-top-column elementor-element elementor-element-ed5b813\" data-id=\"ed5b813\" data-element_type=\"column\">\n\t\t\t<div class=\"elementor-widget-wrap elementor-element-populated\">\n\t\t\t\t\t\t<div class=\"elementor-element elementor-element-cab9465 elementor-widget elementor-widget-spacer\" data-id=\"cab9465\" data-element_type=\"widget\" data-widget_type=\"spacer.default\">\n\t\t\t\t<div class=\"elementor-widget-container\">\n\t\t\t\t\t\t\t<div class=\"elementor-spacer\">\n\t\t\t<div class=\"elementor-spacer-inner\"><\/div>\n\t\t<\/div>\n\t\t\t\t\t\t<\/div>\n\t\t\t\t<\/div>\n\t\t\t\t\t<\/div>\n\t\t<\/div>\n\t\t\t\t\t<\/div>\n\t\t<\/section>\n\t\t\t\t<section class=\"elementor-section elementor-top-section elementor-element elementor-element-f48906f elementor-section-boxed elementor-section-height-default elementor-section-height-default\" data-id=\"f48906f\" data-element_type=\"section\">\n\t\t\t\t\t\t<div class=\"elementor-container elementor-column-gap-default\">\n\t\t\t\t\t<div class=\"elementor-column elementor-col-100 elementor-top-column elementor-element elementor-element-5659d1a\" data-id=\"5659d1a\" data-element_type=\"column\">\n\t\t\t<div class=\"elementor-widget-wrap elementor-element-populated\">\n\t\t\t\t\t\t<div class=\"elementor-element elementor-element-321ca12 elementor-widget elementor-widget-custom-title-addons\" data-id=\"321ca12\" data-element_type=\"widget\" data-widget_type=\"custom-title-addons.default\">\n\t\t\t\t<div class=\"elementor-widget-container\">\n\t\t\t\t\t<div class=\"tpc-double_heading\"><div class=\"dbl__subtitle\"><span>PRODUCCI\u00d3N CIENT\u00cdFICA<\/span><\/div><h3 class=\"dbl__title-wrapper\"><span class=\"dbl__title dbl-title_1\">Unidad Acad\u00e9mica de Medicina Preventiva y Social<\/span><\/h3><\/div>\t\t\t\t<\/div>\n\t\t\t\t<\/div>\n\t\t\t\t\t<\/div>\n\t\t<\/div>\n\t\t\t\t\t<\/div>\n\t\t<\/section>\n\t\t\t\t<section class=\"elementor-section elementor-top-section elementor-element elementor-element-f512c26 elementor-section-boxed elementor-section-height-default elementor-section-height-default\" data-id=\"f512c26\" data-element_type=\"section\">\n\t\t\t\t\t\t<div class=\"elementor-container elementor-column-gap-default\">\n\t\t\t\t\t<div class=\"elementor-column elementor-col-100 elementor-top-column elementor-element elementor-element-b9daab5\" data-id=\"b9daab5\" data-element_type=\"column\">\n\t\t\t<div class=\"elementor-widget-wrap elementor-element-populated\">\n\t\t\t\t\t\t<div class=\"elementor-element elementor-element-98b2b5d elementor-widget elementor-widget-heading\" data-id=\"98b2b5d\" data-element_type=\"widget\" data-widget_type=\"heading.default\">\n\t\t\t\t<div class=\"elementor-widget-container\">\n\t\t\t\t\t<h5 class=\"elementor-heading-title elementor-size-default\">Art\u00edculos cient\u00edficos publicados\n<\/h5>\t\t\t\t<\/div>\n\t\t\t\t<\/div>\n\t\t\t\t\t<\/div>\n\t\t<\/div>\n\t\t\t\t\t<\/div>\n\t\t<\/section>\n\t\t\t\t<section class=\"elementor-section elementor-top-section elementor-element elementor-element-4da2410 elementor-section-boxed elementor-section-height-default elementor-section-height-default\" data-id=\"4da2410\" data-element_type=\"section\">\n\t\t\t\t\t\t<div class=\"elementor-container elementor-column-gap-default\">\n\t\t\t\t\t<div class=\"elementor-column elementor-col-100 elementor-top-column elementor-element elementor-element-c5a314e\" data-id=\"c5a314e\" data-element_type=\"column\">\n\t\t\t<div class=\"elementor-widget-wrap elementor-element-populated\">\n\t\t\t\t\t\t<div class=\"elementor-element elementor-element-91dd4f9 elementor-widget__width-initial elementor-widget elementor-widget-text-editor\" data-id=\"91dd4f9\" data-element_type=\"widget\" data-widget_type=\"text-editor.default\">\n\t\t\t\t<div class=\"elementor-widget-container\">\n\t\t\t\t\t\t\t\t\t<p><b>2025 \u2013 Evoluci\u00f3n de los niveles de nutrientes espec\u00edficos en pacientes cel\u00edacos seg\u00fan la dieta sin gluten.<\/b><span style=\"font-weight: 400\"> Grasso F., Pontet Y., Aguirrez\u00e1bal P., Alem\u00e1n A., L\u00f3pez V., Olano C. DOI: 10.1016\/S0016-5085(25)04116-2.<\/span><\/p><p><b>2025 \u2013 Effectiveness of an organizational intervention aimed to reduce burnout and emotional distress, and improve quality of life of an Obstetrics\u2013Gynecology team. <\/b><span style=\"font-weight: 400\">U.A. Medicina Preventiva y Social. Dapueto J. J., Nozar F., Artucio S., S\u00e1nchez D., Aguirrez\u00e1bal P., Briozzo L.<\/span><span style=\"font-weight: 400\"><br \/><\/span> <i><span style=\"font-weight: 400\">Journal of Healthcare Quality<\/span><\/i><span style=\"font-weight: 400\">, 18 de agosto de 2025. DOI: 10.1016\/j.jhqr.2025.101156.<\/span><\/p><p><b>2025 \u2013 Inequidades socioecon\u00f3micas en los resultados sanitarios durante la emergencia sanitaria por pandemia de COVID-19 en Uruguay. <\/b><span style=\"font-weight: 400\">U.A. Medicina Preventiva y Social. Briozzo L., Aguirrez\u00e1bal P., Alem\u00e1n A., Pintos J., Velthoven L., Yapor M. <\/span><i><span style=\"font-weight: 400\">Revista M\u00e9dica del Uruguay<\/span><\/i><span style=\"font-weight: 400\">, 28 de enero de 2025. DOI: 10.29193\/rmu.41.1.6.<\/span><\/p><p><b>2025 \u2013 Efectos del cannabis inhalado en la salud respiratoria: estudio observacional. <\/b><span style=\"font-weight: 400\">Caggiani, L. F., Soto, J. P., Alem\u00e1n, A., Torres, I., Romero, L., Liencres, A., &#8230; &amp; Guti\u00e9rrez, M.\u00a0 <\/span><i><span style=\"font-weight: 400\">Revista M\u00e9dica del Uruguay, 41(1).<\/span><\/i><\/p><p><b>s.f. \u2013 Efecto del patr\u00f3n de consumo en el sobrepeso y obesidad en ni\u00f1os uruguayos de 24 a 47 meses.<\/b><span style=\"font-weight: 400\"> Herrera G., Severi C., Oliveira R.V.C. <\/span><i><span style=\"font-weight: 400\">Alerta, Revista cient\u00edfica del Instituto Nacional de Salud<\/span><\/i><span style=\"font-weight: 400\">, 8(4). DOI:10.5377\/alerta.v8i4.21138.<\/span><\/p><p><b>2025 \u2013 Family environment and frequency of vegetable consumption among children aged 6 to 12 years.<\/b><span style=\"font-weight: 400\"> Raggio L., Herrera G., G\u00e1mbaro A. <\/span><i><span style=\"font-weight: 400\">Frontiers in Nutrition<\/span><\/i><span style=\"font-weight: 400\">, 12, 1552240. DOI: 10.3389\/fnut.2025.1552240.<\/span><\/p><p><b>2024 \u2013 Eventos adversos de la vacuna contra SARS-CoV-2 en una muestra pedi\u00e1trica uruguaya.<\/b><b><br \/><\/b><span style=\"font-weight: 400\"> U.A. Medicina Preventiva y Social, U.A. de Farmacolog\u00eda y Terap\u00e9utica, Cl\u00ednica Pedi\u00e1trica A, U.A. de Pediatr\u00eda. Trujillo J, Correa M, Madamo A, Alvarez C. B., Pintos J, Aguirrez\u00e1bal P, Inthamoussu M, Speranza N, Pujadas N, Alem\u00e1n A.<\/span><\/p><p><b>2024 \u2013 Prenatal exposure to pesticides and its effects on infant neurodevelopment: a systematic review.<\/b><b><br \/><\/b><span style=\"font-weight: 400\"> UA Medicina Preventiva y Social. Martinez M. J., Moreira M., Nu\u00f1ez E., Piriz L., Sosa K., Colomar M., Trujillo J.<\/span><\/p><p><b>2024 \u2013 Herramienta de adaptaci\u00f3n de informes de evaluaci\u00f3n de tecnolog\u00eda sanitaria.<\/b><b><br \/><\/b><span style=\"font-weight: 400\"> Alicia Alem\u00e1n como parte del Equipo de adaptaci\u00f3n de Redetsa.<\/span><a href=\"https:\/\/iris.paho.org\/handle\/10665.2\/62061\"><i><span style=\"font-weight: 400\">https:\/\/iris.paho.org\/handle\/10665.2\/62061<\/span><\/i><\/a><\/p><p><b>2024 \u2013 Hospitalizaciones evitables por problemas de salud sensibles a cuidados ambulatorios: construcci\u00f3n y validaci\u00f3n de la lista uruguaya de patolog\u00edas. <\/b><span style=\"font-weight: 400\">Sollazzo, A., Kuster, A., Burroso, G., &amp; Aleman, A. <\/span><i><span style=\"font-weight: 400\">Revista Uruguaya de Medicina Interna, 9.<\/span><\/i><\/p><p><b>2024 \u2013 Participaci\u00f3n social en la evaluaci\u00f3n de las tecnolog\u00edas de salud: experiencias de la regi\u00f3n.<\/b><b><br \/><\/b><span style=\"font-weight: 400\"> Gal\u00e1n, A. P., Alem\u00e1n Riganti, A. A., Rebosio, A. D., &amp; Ferrari, A. <\/span><i><span style=\"font-weight: 400\">Revista M\u00e9dica del Uruguay, 40(4).<\/span><\/i><\/p><p><b>2024 \u2013 Exposure to Contaminants During Active Transport in Uruguay and the Effect on Health Parameters. <\/b><span style=\"font-weight: 400\">Colistro, V., D&#8217;Angelo, M., Gonzalez, E., Franchi, I., Vera, A. C., &amp; Alem\u00e1n, A. <\/span><i><span style=\"font-weight: 400\">Journal of Environmental Health, 87(1).<\/span><\/i><\/p><p><b>2023 \u2013 Associations between environmental exposure, urban environment parameters and meteorological conditions, during active travel in Montevideo, Uruguay. <\/b><span style=\"font-weight: 400\">D\u2019Angelo, M., Franchi, I., Colistro, V., Vera, A. C., Aleman, A., &amp; Gonz\u00e1lez, E. <\/span><i><span style=\"font-weight: 400\">Sustainability, 15(4), 2999.<\/span><\/i><\/p><p><b>2023 \u2013 Serruya SJ, de Mucio B, Sosa C, Colomar M, Duran P, Gomez Ponce de Leon R, Aleman A, Luz AG, Souza RT, Costa ML, Cecatti JG. <\/b><span style=\"font-weight: 400\">DOI:10.1080\/16549716.2023.2249771. Epub 2023 Sep 18. PMID: 37722922 Free PMC article.<\/span><\/p><p><b>2023 \u2013 Wastewater surveillance of SARS-CoV-2 genomic populations on a country-wide scale through targeted sequencing. <\/b><span style=\"font-weight: 400\">Cancela F., Ramos N., Smyth D. S., Etchebehere C., Berois M., Rodr\u00edguez J., Rufo C., Alem\u00e1n A., Borzacconi L., L\u00f3pez J., Gonz\u00e1lez E., Botto G., Thornhill S. G., Mirazo S., Trujillo M. DOI<\/span><span style=\"font-weight: 400\">:10.1371\/journal.pone.0284483. eCollection 2023. PMID: 37083889 Free PMC article.<\/span><\/p><p><b>2023 \u2013 COVID-19 mitigation measures increase preterm birth and low birth weight in the public healthcare system in Uruguay. <\/b><span style=\"font-weight: 400\">Briozzo L., Tomasso G., Trujillo J., Viroga S., Pintos J., Nozar F., Aleman A., Buekens P.<\/span><span style=\"font-weight: 400\"><br \/><\/span> <i><span style=\"font-weight: 400\">Int J Gynaecol Obstet. 2023 Aug;162(2):718-724. doi: 10.1002\/ijgo.14778. Epub 2023 Apr 13. PMID: 37052316.<\/span><\/i><\/p><p><b>2022 \u2013 Humanizaci\u00f3n de los cuidados en salud, Maternidad P\u00fablica de Rocha, 2014-2016.<\/b><b><br \/><\/b><span style=\"font-weight: 400\"> Castellano Bentancur, G., Alem\u00e1n Riganti, A., Celio, S. N., Sosa, S., &amp; Verges, M. <\/span><i><span style=\"font-weight: 400\">Revista Uruguaya de Enfermer\u00eda (En l\u00ednea), 17(2).<\/span><\/i><\/p><p><b>2023 \u2013 What can Mendelian randomization contribute to biological anthropology?<\/b><span style=\"font-weight: 400\"> Bonilla C., Herrera G., Sans M. <\/span><i><span style=\"font-weight: 400\">American Journal of Biological Anthropology<\/span><\/i><span style=\"font-weight: 400\">, 181(3), 474\u2013482. DOI: 10.1002\/ajpa.24750.<\/span><\/p><p><b>2022 \u2013 Sistematizaci\u00f3n de experiencias exitosas en telemedicina en Iberoam\u00e9rica.<\/b><b><br \/><\/b><span style=\"font-weight: 400\"> Alfonso Pazos, D., Barbero Portela, M. P., Heinzen Cesio, J., &amp; Alem\u00e1n Riganti, A. V. <\/span><i><span style=\"font-weight: 400\">En Aportes hacia un Plan Nacional de Telemedicina en Uruguay (pp. 138\u2013161).<\/span><\/i><\/p><p><b>2022 \u2013 Eficacia y seguridad del uso de telemedicina: revisi\u00f3n de evaluaci\u00f3n de tecnolog\u00edas y revisiones sistem\u00e1ticas. <\/b><span style=\"font-weight: 400\">Alem\u00e1n Riganti, A. V., Castellano Bentancur, G. S., Guzm\u00e1n Sosa, R. M., &amp; Irisarri Hughes, M. M.<\/span><span style=\"font-weight: 400\"><br \/><\/span> <i><span style=\"font-weight: 400\">Aportes hacia un Plan Nacional de Telemedicina en Uruguay, 110\u2013137.<\/span><\/i><\/p><p><b>2022 \u2013 An\u00e1lisis del primer censo nacional de telemedicina en Uruguay.<\/b><b><br \/><\/b><span style=\"font-weight: 400\"> Alem\u00e1n Riganti, A. V., Gonz\u00e1lez Mora, F. M., Bruno Babio, F. A., Castellano Bentancur, G. S., &amp; Guzm\u00e1n Sosa, R. M.<\/span><span style=\"font-weight: 400\"><br \/><\/span> <i><span style=\"font-weight: 400\">En Aportes hacia un Plan Nacional de Telemedicina en Uruguay (pp. 50\u201371).<\/span><\/i><\/p><p><b>2022 \u2013 Aportes hacia un Plan Nacional de Telemedicina en Uruguay.<\/b><b><br \/><\/b><span style=\"font-weight: 400\"> Alem\u00e1n Riganti, A. V., Barbero Portela, M., Benia Gomes de Freitas, W., &amp; Gonz\u00e1lez Mora, F. <\/span><i><span style=\"font-weight: 400\">En Aportes hacia un Plan Nacional de Telemedicina en Uruguay (pp. 190\u2013190).<\/span><\/i><\/p><p><b>2022 \u2013 Predicting severe maternal outcomes in a network of sentinel sites in Latin-American countries.<\/b><b><br \/><\/b><span style=\"font-weight: 400\"> Aleman A., Colomar M., Colistro V., Tomaso G., Sosa C., Serruya S., de Francisco L. A., Ciganda A., De Mucio B.<\/span><span style=\"font-weight: 400\"><br \/><\/span> <i><span style=\"font-weight: 400\">Int J Gynaecol Obstet. 2023 Mar;160(3):939\u2013946. doi: 10.1002\/ijgo.14436. Epub 2022 Sep 24. PMID: 36062397 Free PMC article.<\/span><\/i><\/p><p><b>2022 \u2013 National trends in obesity in pregnant women from Uruguay, 2012\u20132019: A population-based cross-sectional study.<\/b><b><br \/><\/b><span style=\"font-weight: 400\"> Cormick G., Tomasso G., Aleman A., Gibbons L., Beliz\u00e1n J. M. <\/span><i><span style=\"font-weight: 400\">Int J Gynaecol Obstet. 2022 Dec;159(3):994\u2013995. <\/span><\/i><span style=\"font-weight: 400\">DOI: 10.1002\/ijgo.14410. Epub 2022 Sep 5. PMID: 35976041.<\/span><\/p><p><b>2022 \u2013 Exercise for the treatment of anxiety in children and adolescents. <\/b><span style=\"font-weight: 400\">Bailey, A. P., Castellano, G., &amp; Aleman, A.<\/span><span style=\"font-weight: 400\"><br \/><\/span> <i><span style=\"font-weight: 400\">The Cochrane Database of Systematic Reviews, 2022(9), CD014426.<\/span><\/i><\/p><p><b>2022 \u2013 Cesarean section in Uruguay from 2008 to 2018: country analysis based on the Robson classification. An observational study.<\/b><span style=\"font-weight: 400\"> Colomar M., Colistro V., Sosa C., de Francisco L. A., Betr\u00e1n A. P., Serruya S., De Mucio B. DOI: 10.1186\/s12884-022-04792-y<\/span><\/p><p><b>2022<\/b> <b>Estudio de seroprevalencia contra el SARS-CoV-2 en personal de salud de Rivera. <\/b>U.A. Medicina Preventiva y Social, U.A. de Inmunobiolog\u00eda, y Laboratorio de Inmunovirolog\u00eda, Institut Pasteur de Instituto Tecnol\u00f3gico Regional Norte, U.A. de Fisiopatolog\u00eda, Laboratorio de Gen\u00f3mica Funcional, Institut Pasteur de Montevideo.<\/p>\t\t\t\t\t\t\t\t<\/div>\n\t\t\t\t<\/div>\n\t\t\t\t\t<\/div>\n\t\t<\/div>\n\t\t\t\t\t<\/div>\n\t\t<\/section>\n\t\t\t\t<section class=\"elementor-section elementor-top-section elementor-element elementor-element-6a5f73b elementor-section-boxed elementor-section-height-default elementor-section-height-default\" data-id=\"6a5f73b\" data-element_type=\"section\">\n\t\t\t\t\t\t<div class=\"elementor-container elementor-column-gap-default\">\n\t\t\t\t\t<div class=\"elementor-column elementor-col-100 elementor-top-column elementor-element elementor-element-d5627b7\" data-id=\"d5627b7\" data-element_type=\"column\">\n\t\t\t<div class=\"elementor-widget-wrap elementor-element-populated\">\n\t\t\t\t\t\t<div class=\"elementor-element elementor-element-6ab80ba elementor-widget elementor-widget-heading\" data-id=\"6ab80ba\" data-element_type=\"widget\" data-widget_type=\"heading.default\">\n\t\t\t\t<div class=\"elementor-widget-container\">\n\t\t\t\t\t<h5 class=\"elementor-heading-title elementor-size-default\">Tesis de doctorado y maestr\u00eda recientes\n<\/h5>\t\t\t\t<\/div>\n\t\t\t\t<\/div>\n\t\t\t\t\t<\/div>\n\t\t<\/div>\n\t\t\t\t\t<\/div>\n\t\t<\/section>\n\t\t\t\t<section class=\"elementor-section elementor-top-section elementor-element elementor-element-b7a0fb3 elementor-section-boxed elementor-section-height-default elementor-section-height-default\" data-id=\"b7a0fb3\" data-element_type=\"section\">\n\t\t\t\t\t\t<div class=\"elementor-container elementor-column-gap-default\">\n\t\t\t\t\t<div class=\"elementor-column elementor-col-100 elementor-top-column elementor-element elementor-element-3ba16ab\" data-id=\"3ba16ab\" data-element_type=\"column\">\n\t\t\t<div class=\"elementor-widget-wrap elementor-element-populated\">\n\t\t\t\t\t\t<div class=\"elementor-element elementor-element-3004757 elementor-widget__width-initial elementor-widget elementor-widget-text-editor\" data-id=\"3004757\" data-element_type=\"widget\" data-widget_type=\"text-editor.default\">\n\t\t\t\t<div class=\"elementor-widget-container\">\n\t\t\t\t\t\t\t\t\t<p><b>2024 \u2013 Formas de envejecer en Montevideo: segregaci\u00f3n socioespacial y pr\u00e1cticas de actividad f\u00edsica-no ejercicio en espacios urbanos.<\/b><span style=\"font-weight: 400\"> Tesis de Doctorado, Programa para la Investigaci\u00f3n Biom\u00e9dica, Uruguay Programa: Pro.In.Bio. Autor: Janet Trujillo. Repositorio: No disponible.<\/span><\/p><p><b>2024 \u2013 Calidad de la atenci\u00f3n Materna Perinatal. Estrategias para su monitorizaci\u00f3n y mejora en Am\u00e9rica Latina.<\/b><span style=\"font-weight: 400\"> Tesis de Doctorado, UAB. Autor: Alicia Alem\u00e1n. Repositorio:<\/span><a href=\"https:\/\/ddd.uab.cat\/pub\/tesis\/2024\/hdl_10803_692005\/aar1de1.pdf\"> <span style=\"font-weight: 400\">https:\/\/ddd.uab.cat\/pub\/tesis\/2024\/hdl_10803_692005\/aar1de1.pdf<\/span><\/a><span style=\"font-weight: 400\">.<\/span><\/p>\t\t\t\t\t\t\t\t<\/div>\n\t\t\t\t<\/div>\n\t\t\t\t\t<\/div>\n\t\t<\/div>\n\t\t\t\t\t<\/div>\n\t\t<\/section>\n\t\t\t\t<\/div>\n\t\t","protected":false},"excerpt":{"rendered":"<p>Inicio Integrantes Cursos L\u00edneas de Investigaci\u00f3n Proyectos Producci\u00f3n cient\u00edfica Extensi\u00f3n Links de inter\u00e9s .st0{fill:#FFFFFF;} Inicio Integrantes Cursos L\u00edneas de Investigaci\u00f3n&#8230;<\/p>\n","protected":false},"author":1,"featured_media":0,"parent":0,"menu_order":0,"comment_status":"closed","ping_status":"closed","template":"","meta":{"_acf_changed":false,"footnotes":""},"class_list":["post-8334","page","type-page","status-publish","hentry"],"acf":[],"_links":{"self":[{"href":"https:\/\/higiene.edu.uy\/medicina-preventiva\/wp-json\/wp\/v2\/pages\/8334","targetHints":{"allow":["GET"]}}],"collection":[{"href":"https:\/\/higiene.edu.uy\/medicina-preventiva\/wp-json\/wp\/v2\/pages"}],"about":[{"href":"https:\/\/higiene.edu.uy\/medicina-preventiva\/wp-json\/wp\/v2\/types\/page"}],"author":[{"embeddable":true,"href":"https:\/\/higiene.edu.uy\/medicina-preventiva\/wp-json\/wp\/v2\/users\/1"}],"replies":[{"embeddable":true,"href":"https:\/\/higiene.edu.uy\/medicina-preventiva\/wp-json\/wp\/v2\/comments?post=8334"}],"version-history":[{"count":71,"href":"https:\/\/higiene.edu.uy\/medicina-preventiva\/wp-json\/wp\/v2\/pages\/8334\/revisions"}],"predecessor-version":[{"id":10186,"href":"https:\/\/higiene.edu.uy\/medicina-preventiva\/wp-json\/wp\/v2\/pages\/8334\/revisions\/10186"}],"wp:attachment":[{"href":"https:\/\/higiene.edu.uy\/medicina-preventiva\/wp-json\/wp\/v2\/media?parent=8334"}],"curies":[{"name":"wp","href":"https:\/\/api.w.org\/{rel}","templated":true}]}}