{"id":8636,"date":"2022-03-19T12:39:49","date_gmt":"2022-03-19T15:39:49","guid":{"rendered":"https:\/\/higiene.edu.uy\/inmunologia\/?page_id=8636"},"modified":"2025-01-14T18:25:13","modified_gmt":"2025-01-14T21:25:13","slug":"proyectos","status":"publish","type":"page","link":"https:\/\/higiene.edu.uy\/inmunologia\/proyectos\/","title":{"rendered":"Proyectos"},"content":{"rendered":"\t\t<div data-elementor-type=\"wp-page\" data-elementor-id=\"8636\" class=\"elementor elementor-8636\">\n\t\t\t\t\t\t<section class=\"elementor-section elementor-top-section elementor-element elementor-element-16e5cc5 elementor-section-full_width elementor-section-stretched elementor-section-height-default elementor-section-height-default\" data-id=\"16e5cc5\" data-element_type=\"section\" data-settings=\"{&quot;background_background&quot;:&quot;classic&quot;,&quot;stretch_section&quot;:&quot;section-stretched&quot;}\">\n\t\t\t\t\t\t<div class=\"elementor-container elementor-column-gap-default\">\n\t\t\t\t\t<div class=\"elementor-column elementor-col-100 elementor-top-column elementor-element elementor-element-64ae492\" data-id=\"64ae492\" data-element_type=\"column\">\n\t\t\t<div class=\"elementor-widget-wrap elementor-element-populated\">\n\t\t\t\t\t\t<div class=\"elementor-element elementor-element-cf9b557 edubin-nav-menu-breakpoint-big-tablet elementor-widget elementor-widget-edubin-header-menu\" data-id=\"cf9b557\" data-element_type=\"widget\" data-widget_type=\"edubin-header-menu.default\">\n\t\t\t\t<div class=\"elementor-widget-container\">\n\t\t\t\t\t<div class=\"edubin-nav-menu-wrapper edubin-header-area edubin-navbar-expand-lg edubin-elementor-nav-menu-wrapper\"><nav class=\"main-navigation edubin-navbar-collapse edubin-elementor-nav\"><ul id=\"menu-1-cf9b557\" class=\"edubin-navbar-nav edubin-navbar-right nav-menu edubin-nav-ul-wrapper\"><li itemscope=\"itemscope\" itemtype=\"https:\/\/www.schema.org\/SiteNavigationElement\" id=\"menu-item-8659\" class=\"menu-item menu-item-type-custom menu-item-object-custom nav-item menu-item-8659\"><a class=\"nav-link\" href=\"\/inmunologia\/\">Inicio<\/a><\/li>\n<li itemscope=\"itemscope\" itemtype=\"https:\/\/www.schema.org\/SiteNavigationElement\" id=\"menu-item-8319\" class=\"menu-item menu-item-type-custom menu-item-object-custom nav-item menu-item-8319\"><a class=\"nav-link\" href=\"\/inmunologia\/integrantes\">Integrantes<\/a><\/li>\n<li itemscope=\"itemscope\" itemtype=\"https:\/\/www.schema.org\/SiteNavigationElement\" id=\"menu-item-8585\" class=\"menu-item menu-item-type-custom menu-item-object-custom nav-item menu-item-8585\"><a class=\"nav-link\" href=\"\/inmunologia\/cursos\">Cursos<\/a><\/li>\n<li itemscope=\"itemscope\" itemtype=\"https:\/\/www.schema.org\/SiteNavigationElement\" id=\"menu-item-8586\" class=\"menu-item menu-item-type-custom menu-item-object-custom nav-item menu-item-8586\"><a class=\"nav-link\" href=\"\/inmunologia\/lineas-de-investigacion\">L\u00edneas de Investigaci\u00f3n<\/a><\/li>\n<li itemscope=\"itemscope\" itemtype=\"https:\/\/www.schema.org\/SiteNavigationElement\" id=\"menu-item-8644\" class=\"menu-item menu-item-type-custom menu-item-object-custom nav-item menu-item-8644\"><a class=\"nav-link\" href=\"\/inmunologia\/proyectos\">Proyectos<\/a><\/li>\n<li itemscope=\"itemscope\" itemtype=\"https:\/\/www.schema.org\/SiteNavigationElement\" id=\"menu-item-8582\" class=\"menu-item menu-item-type-custom menu-item-object-custom nav-item menu-item-8582\"><a class=\"nav-link\" href=\"\/inmunologia\/produccion-cientifica\">Producci\u00f3n cient\u00edfica<\/a><\/li>\n<li itemscope=\"itemscope\" itemtype=\"https:\/\/www.schema.org\/SiteNavigationElement\" id=\"menu-item-8583\" class=\"menu-item menu-item-type-custom menu-item-object-custom nav-item menu-item-8583\"><a class=\"nav-link\" href=\"\/inmunologia\/extension\">Extensi\u00f3n<\/a><\/li>\n<li itemscope=\"itemscope\" itemtype=\"https:\/\/www.schema.org\/SiteNavigationElement\" id=\"menu-item-8581\" class=\"menu-item menu-item-type-custom menu-item-object-custom nav-item menu-item-8581\"><a class=\"nav-link\" href=\"\/inmunologia\/links-de-interes\">Links de inter\u00e9s<\/a><\/li>\n<\/ul><\/nav><div class=\"edubin-default-header-mobile-navbar edubin-mobile-menu\"><div class=\"edubin-elementor-mobile-menu-overlay\"><\/div><div class=\"edubin-elementor-mobile-hamburger-menu\"><a href=\"javascript:void(0);\"><svg xmlns=\"http:\/\/www.w3.org\/2000\/svg\" xmlns:xlink=\"http:\/\/www.w3.org\/1999\/xlink\" id=\"Capa_1\" x=\"0px\" y=\"0px\" viewBox=\"0 0 448 512\" style=\"enable-background:new 0 0 448 512;\" xml:space=\"preserve\"><style type=\"text\/css\">\t.st0{fill:#FFFFFF;}<\/style><path class=\"st0\" d=\"M0,96c0-17.7,14.3-32,32-32h384c17.7,0,32,14.3,32,32s-14.3,32-32,32H32C14.3,128,0,113.7,0,96z M0,256 c0-17.7,14.3-32,32-32h384c17.7,0,32,14.3,32,32s-14.3,32-32,32H32C14.3,288,0,273.7,0,256z M448,416c0,17.7-14.3,32-32,32H32 c-17.7,0-32-14.3-32-32s14.3-32,32-32h384C433.7,384,448,398.3,448,416z\"><\/path><\/svg><\/a><\/div><div class=\"edubin-mobile-menu-nav-wrapper edubin-elementor-mobile-menu-nav-wrapper\"><div class=\"edubin-elementor-mobile-menu-close\"><a href=\"javascript:void(0);\"><i aria-hidden=\"true\" class=\"flaticon-cancel\"><\/i><\/a><\/div><ul id=\"edubin-elementor-mobile-menu-item\" class=\"edubin-elementor-mobile-menu-item\"><li itemscope=\"itemscope\" itemtype=\"https:\/\/www.schema.org\/SiteNavigationElement\" class=\"menu-item menu-item-type-custom menu-item-object-custom nav-item menu-item-8659\"><a class=\"nav-link\" href=\"\/inmunologia\/\">Inicio<\/a><\/li>\n<li itemscope=\"itemscope\" itemtype=\"https:\/\/www.schema.org\/SiteNavigationElement\" class=\"menu-item menu-item-type-custom menu-item-object-custom nav-item menu-item-8319\"><a class=\"nav-link\" href=\"\/inmunologia\/integrantes\">Integrantes<\/a><\/li>\n<li itemscope=\"itemscope\" itemtype=\"https:\/\/www.schema.org\/SiteNavigationElement\" class=\"menu-item menu-item-type-custom menu-item-object-custom nav-item menu-item-8585\"><a class=\"nav-link\" href=\"\/inmunologia\/cursos\">Cursos<\/a><\/li>\n<li itemscope=\"itemscope\" itemtype=\"https:\/\/www.schema.org\/SiteNavigationElement\" class=\"menu-item menu-item-type-custom menu-item-object-custom nav-item menu-item-8586\"><a class=\"nav-link\" href=\"\/inmunologia\/lineas-de-investigacion\">L\u00edneas de Investigaci\u00f3n<\/a><\/li>\n<li itemscope=\"itemscope\" itemtype=\"https:\/\/www.schema.org\/SiteNavigationElement\" class=\"menu-item menu-item-type-custom menu-item-object-custom nav-item menu-item-8644\"><a class=\"nav-link\" href=\"\/inmunologia\/proyectos\">Proyectos<\/a><\/li>\n<li itemscope=\"itemscope\" itemtype=\"https:\/\/www.schema.org\/SiteNavigationElement\" class=\"menu-item menu-item-type-custom menu-item-object-custom nav-item menu-item-8582\"><a class=\"nav-link\" href=\"\/inmunologia\/produccion-cientifica\">Producci\u00f3n cient\u00edfica<\/a><\/li>\n<li itemscope=\"itemscope\" itemtype=\"https:\/\/www.schema.org\/SiteNavigationElement\" class=\"menu-item menu-item-type-custom menu-item-object-custom nav-item menu-item-8583\"><a class=\"nav-link\" href=\"\/inmunologia\/extension\">Extensi\u00f3n<\/a><\/li>\n<li itemscope=\"itemscope\" itemtype=\"https:\/\/www.schema.org\/SiteNavigationElement\" class=\"menu-item menu-item-type-custom menu-item-object-custom nav-item menu-item-8581\"><a class=\"nav-link\" href=\"\/inmunologia\/links-de-interes\">Links de inter\u00e9s<\/a><\/li>\n<\/ul><\/div><\/div><\/div>\t\t\t\t<\/div>\n\t\t\t\t<\/div>\n\t\t\t\t\t<\/div>\n\t\t<\/div>\n\t\t\t\t\t<\/div>\n\t\t<\/section>\n\t\t\t\t<section class=\"elementor-section elementor-top-section elementor-element elementor-element-b4d5f44 elementor-section-boxed elementor-section-height-default elementor-section-height-default\" data-id=\"b4d5f44\" data-element_type=\"section\">\n\t\t\t\t\t\t<div class=\"elementor-container elementor-column-gap-default\">\n\t\t\t\t\t<div class=\"elementor-column elementor-col-100 elementor-top-column elementor-element elementor-element-bdf4788\" data-id=\"bdf4788\" data-element_type=\"column\">\n\t\t\t<div class=\"elementor-widget-wrap elementor-element-populated\">\n\t\t\t\t\t\t<div class=\"elementor-element elementor-element-d688c17 elementor-widget elementor-widget-spacer\" data-id=\"d688c17\" data-element_type=\"widget\" data-widget_type=\"spacer.default\">\n\t\t\t\t<div class=\"elementor-widget-container\">\n\t\t\t\t\t\t\t<div class=\"elementor-spacer\">\n\t\t\t<div class=\"elementor-spacer-inner\"><\/div>\n\t\t<\/div>\n\t\t\t\t\t\t<\/div>\n\t\t\t\t<\/div>\n\t\t\t\t\t<\/div>\n\t\t<\/div>\n\t\t\t\t\t<\/div>\n\t\t<\/section>\n\t\t\t\t<section class=\"elementor-section elementor-top-section elementor-element elementor-element-5d1db73 elementor-section-boxed elementor-section-height-default elementor-section-height-default\" data-id=\"5d1db73\" data-element_type=\"section\">\n\t\t\t\t\t\t<div class=\"elementor-container elementor-column-gap-default\">\n\t\t\t\t\t<div class=\"elementor-column elementor-col-100 elementor-top-column elementor-element elementor-element-d899204\" data-id=\"d899204\" data-element_type=\"column\">\n\t\t\t<div class=\"elementor-widget-wrap elementor-element-populated\">\n\t\t\t\t\t\t<div class=\"elementor-element elementor-element-4c5aeb9 elementor-widget elementor-widget-custom-title-addons\" data-id=\"4c5aeb9\" data-element_type=\"widget\" data-widget_type=\"custom-title-addons.default\">\n\t\t\t\t<div class=\"elementor-widget-container\">\n\t\t\t\t\t<div class=\"tpc-double_heading\"><div class=\"dbl__subtitle\"><span>PROYECTOS<\/span><\/div><h3 class=\"dbl__title-wrapper\"><span class=\"dbl__title dbl-title_1\">Unidad Acad\u00e9mica de Inmunolog\u00eda, Facultad de Qu\u00edmica\/Ciencias<\/span><\/h3><\/div>\t\t\t\t<\/div>\n\t\t\t\t<\/div>\n\t\t\t\t\t<\/div>\n\t\t<\/div>\n\t\t\t\t\t<\/div>\n\t\t<\/section>\n\t\t\t\t<section class=\"elementor-section elementor-top-section elementor-element elementor-element-26f88a7 elementor-section-boxed elementor-section-height-default elementor-section-height-default\" data-id=\"26f88a7\" data-element_type=\"section\">\n\t\t\t\t\t\t<div class=\"elementor-container elementor-column-gap-default\">\n\t\t\t\t\t<div class=\"elementor-column elementor-col-100 elementor-top-column elementor-element elementor-element-bbe3ee9\" data-id=\"bbe3ee9\" data-element_type=\"column\">\n\t\t\t<div class=\"elementor-widget-wrap elementor-element-populated\">\n\t\t\t\t\t\t<div class=\"elementor-element elementor-element-ca9f3a1 elementor-widget elementor-widget-spacer\" data-id=\"ca9f3a1\" data-element_type=\"widget\" data-widget_type=\"spacer.default\">\n\t\t\t\t<div class=\"elementor-widget-container\">\n\t\t\t\t\t\t\t<div class=\"elementor-spacer\">\n\t\t\t<div class=\"elementor-spacer-inner\"><\/div>\n\t\t<\/div>\n\t\t\t\t\t\t<\/div>\n\t\t\t\t<\/div>\n\t\t\t\t\t<\/div>\n\t\t<\/div>\n\t\t\t\t\t<\/div>\n\t\t<\/section>\n\t\t\t\t<section class=\"elementor-section elementor-top-section elementor-element elementor-element-77247bf elementor-section-boxed elementor-section-height-default elementor-section-height-default\" data-id=\"77247bf\" data-element_type=\"section\">\n\t\t\t\t\t\t<div class=\"elementor-container elementor-column-gap-default\">\n\t\t\t\t\t<div class=\"elementor-column elementor-col-100 elementor-top-column elementor-element elementor-element-01d8fe3\" data-id=\"01d8fe3\" data-element_type=\"column\">\n\t\t\t<div class=\"elementor-widget-wrap elementor-element-populated\">\n\t\t\t\t\t\t<div class=\"elementor-element elementor-element-ecfe72c elementor-widget elementor-widget-text-editor\" data-id=\"ecfe72c\" data-element_type=\"widget\" data-widget_type=\"text-editor.default\">\n\t\t\t\t<div class=\"elementor-widget-container\">\n\t\t\t\t\t\t\t\t\t<ul><li>Proyecto ANII Fondo Clemente Estable 2020-2022. \u00abMacr\u00f3fagos reguladores inducidos por la infecci\u00f3n cr\u00f3nica con Echinococcus granulosus\u00bb. Integrantes: CASARAVILLA, C. (responsable), GREZZI, L., VELAZCO, R., D\u00cdAZ, A.<\/li><li>Proyecto CSIC I+D 2020 N\u00b0 455. \u00abAn\u00e1lisis del potencial de las prote\u00ednas Amiloide A del Suero y Resistina como biomarcadores para el control sanitario en la piscicultura\u00bb. Integrantes: FERREIRA, A.M. (responsable), SILVA-ALVAREZ, V. (responsable), VILLARINO, A., AVERSA-MARNAI, M., PERRETTA, A., MOYNA, G., L\u00d3PEZ-RADCENCO, A., IMARAI, M., VILLANOVA, VG., SCIARA, AA., Del PAZO, F.<\/li><li>Proyecto Fondo COVID-19 Fundaci\u00f3n Manuel P\u00e9rez. \u00abDesarrollo de un m\u00e9todo para evaluar la capacidad de los sueros de pacientes COVID-19+ de inducir citoxicidad celular dependiente de anticuerpos (ADCC) y su aplicaci\u00f3n a la vacunaci\u00f3n pasiva\u00bb. Integrantes: FERREIRA, A.M. (responsable), PRITSCH, O., GONZALEZ-SAPIENZA, G, CASARAVILLA, C., SILVA-ALVAREZ, V., RAMMAURO, F., AVERSA-MARNAI, M.<\/li><li>Proyecto ANII Fondo Mar\u00eda Vi\u00f1as 2019. \u00abEstandarizaci\u00f3n del diagn\u00f3stico in vitro de alergia contra antibi\u00f3ticos lact\u00e1micos usando anticuerpos monodominio\u00bb. Responsable: GONZ\u00c1LEZ-SAPIENZA, G.<\/li><li>Proyecto ANII Fondo Mar\u00eda Vi\u00f1as 2018. \u201cDiagn\u00f3stico diferencial de infecciones agudas versus cr\u00f3nicas utilizando nanobodies y calibradores recombinantes como reactivos universales para la detecci\u00f3n de IgM\u201d. Responsable: LASSABE, G.<\/li><li>Proyecto ANII FSI 2020. \u00abDesarrollo y producci\u00f3n de test serol\u00f3gicos COVID-19\u00bb. Responsables: PRITSCH, O., GONZ\u00c1LEZ-SAPIENZA, G., ABIN, A.<\/li><li>Proyecto Programa Grupo I+D CSIC. \u00abBiotecnolog\u00eda ambiental y m\u00e9dica\u00bb. Responsables: GONZ\u00c1LEZ-SAPIENZA, G. y BRENA, B.<\/li><li>Proyecto CSIC I+D 2021-2023. \u00abInfluencia del estr\u00e9s materno sobre la duraci\u00f3n de la lactancia materna exclusiva y los componentes bioactivos de la leche: implicancias sobre el crecimiento infantil\u00bb. Integrantes (inmunolog\u00eda): HERN\u00c1NDEZ, A. (responsable), RODR\u00cdGUEZ-CAMEJO, C., ARBILDI, P. Otras instituciones participantes: Cl\u00ednica Pedi\u00e1trica A \/Facultad de Medicina, Departamento de M\u00e9todos Cuantitativos\/Facultad de Medicina, Inst. de Psicolog\u00eda de la salud \/Facultad de Psicolog\u00eda, Departamento de Gen\u00f3mica \/IIBCE.<\/li><li>Proyecto UdelaR \u2013 CSIC \u2013 I+D (2021-2023). \u00abModulaci\u00f3n de la interacci\u00f3n hospedero-par\u00e1sito mediante el uso de p\u00e9ptidos sint\u00e9ticos derivados de receptores scavenger\u00bb. Responsable: MOURGLIA-ETTLIN, G.<\/li><li>Proyecto Perez-Guerrero Trust Fund (UNOSSC, 2022-2024). \u00abSearching for novel vaccination strategies against cystic echinococcosis using parasite-derived extracellular vesicles\u00bb. Responsable: MOURGLIA-ETTLIN, G.<\/li><li>Proyecto UdelaR \u2013 CSIC \u2013 I+D (2021-2023). \u00abPapel de los anticuerpos en la protecci\u00f3n mediada por EgGST1 contra la infecci\u00f3n por Echinococcus granulosus sensu lato en modelo de hidatidosis experimental murina\u00bb. Responsable: FERN\u00c1NDEZ-MANCEBO, VER\u00d3NICA.<\/li><li>Proyecto UdelaR \u2013 CSIC \u2013 I+D (2019-2021). \u00abIdentificaci\u00f3n in silico y validaci\u00f3n experimental de nuevos p\u00e9ptidos con valor inmunodiagn\u00f3stico para hidatidosis humana\u00bb. Responsable: MOURGLIA-ETTLIN, G.<\/li><li>Proyecto ANII \u2013 FCE \u2013 Modalidad 1 (2019-2021). \u00abReconocimiento de ant\u00edgenos parasitarios mediante los receptores linfocitarios CD5 y CD6: La hidatidosis experimental como modelo de estudio\u00bb. Responsable: MOURGLIA-ETTLIN, G.<\/li><\/ul>\t\t\t\t\t\t\t\t<\/div>\n\t\t\t\t<\/div>\n\t\t\t\t\t<\/div>\n\t\t<\/div>\n\t\t\t\t\t<\/div>\n\t\t<\/section>\n\t\t\t\t<section class=\"elementor-section elementor-top-section elementor-element elementor-element-613152b elementor-section-boxed elementor-section-height-default elementor-section-height-default\" data-id=\"613152b\" data-element_type=\"section\">\n\t\t\t\t\t\t<div class=\"elementor-container elementor-column-gap-default\">\n\t\t\t\t\t<div class=\"elementor-column elementor-col-100 elementor-top-column elementor-element elementor-element-2a81904\" data-id=\"2a81904\" data-element_type=\"column\">\n\t\t\t<div class=\"elementor-widget-wrap elementor-element-populated\">\n\t\t\t\t\t\t<div class=\"elementor-element elementor-element-12d1d87 elementor-widget elementor-widget-spacer\" data-id=\"12d1d87\" data-element_type=\"widget\" data-widget_type=\"spacer.default\">\n\t\t\t\t<div class=\"elementor-widget-container\">\n\t\t\t\t\t\t\t<div class=\"elementor-spacer\">\n\t\t\t<div class=\"elementor-spacer-inner\"><\/div>\n\t\t<\/div>\n\t\t\t\t\t\t<\/div>\n\t\t\t\t<\/div>\n\t\t\t\t\t<\/div>\n\t\t<\/div>\n\t\t\t\t\t<\/div>\n\t\t<\/section>\n\t\t\t\t<\/div>\n\t\t","protected":false},"excerpt":{"rendered":"<p>Inicio Integrantes Cursos L\u00edneas de Investigaci\u00f3n Proyectos Producci\u00f3n cient\u00edfica Extensi\u00f3n Links de inter\u00e9s Inicio Integrantes Cursos L\u00edneas de Investigaci\u00f3n Proyectos&#8230;<\/p>\n","protected":false},"author":1,"featured_media":0,"parent":0,"menu_order":0,"comment_status":"closed","ping_status":"closed","template":"","meta":{"_acf_changed":false,"footnotes":""},"class_list":["post-8636","page","type-page","status-publish","hentry"],"acf":[],"_links":{"self":[{"href":"https:\/\/higiene.edu.uy\/inmunologia\/wp-json\/wp\/v2\/pages\/8636","targetHints":{"allow":["GET"]}}],"collection":[{"href":"https:\/\/higiene.edu.uy\/inmunologia\/wp-json\/wp\/v2\/pages"}],"about":[{"href":"https:\/\/higiene.edu.uy\/inmunologia\/wp-json\/wp\/v2\/types\/page"}],"author":[{"embeddable":true,"href":"https:\/\/higiene.edu.uy\/inmunologia\/wp-json\/wp\/v2\/users\/1"}],"replies":[{"embeddable":true,"href":"https:\/\/higiene.edu.uy\/inmunologia\/wp-json\/wp\/v2\/comments?post=8636"}],"version-history":[{"count":25,"href":"https:\/\/higiene.edu.uy\/inmunologia\/wp-json\/wp\/v2\/pages\/8636\/revisions"}],"predecessor-version":[{"id":9230,"href":"https:\/\/higiene.edu.uy\/inmunologia\/wp-json\/wp\/v2\/pages\/8636\/revisions\/9230"}],"wp:attachment":[{"href":"https:\/\/higiene.edu.uy\/inmunologia\/wp-json\/wp\/v2\/media?parent=8636"}],"curies":[{"name":"wp","href":"https:\/\/api.w.org\/{rel}","templated":true}]}}