{"id":9468,"date":"2024-05-16T15:49:50","date_gmt":"2024-05-16T18:49:50","guid":{"rendered":"https:\/\/higiene.edu.uy\/biblioteca\/?page_id=9468"},"modified":"2025-01-14T16:03:35","modified_gmt":"2025-01-14T19:03:35","slug":"comunicacion","status":"publish","type":"page","link":"https:\/\/higiene.edu.uy\/informacion-y-comunicacion\/comunicacion\/","title":{"rendered":"Comunicaci\u00f3n"},"content":{"rendered":"\t\t<div data-elementor-type=\"wp-page\" data-elementor-id=\"9468\" class=\"elementor elementor-9468\">\n\t\t\t\t\t\t<section class=\"elementor-section elementor-top-section elementor-element elementor-element-ae1726d elementor-section-boxed elementor-section-height-default elementor-section-height-default\" data-id=\"ae1726d\" data-element_type=\"section\" data-settings=\"{&quot;background_background&quot;:&quot;classic&quot;}\">\n\t\t\t\t\t\t<div class=\"elementor-container elementor-column-gap-default\">\n\t\t\t\t\t<div class=\"elementor-column elementor-col-100 elementor-top-column elementor-element elementor-element-8df4758\" data-id=\"8df4758\" data-element_type=\"column\">\n\t\t\t<div class=\"elementor-widget-wrap elementor-element-populated\">\n\t\t\t\t\t\t<div class=\"elementor-element elementor-element-437619e edubin-nav-menu-breakpoint-big-tablet elementor-widget elementor-widget-edubin-header-menu\" data-id=\"437619e\" data-element_type=\"widget\" id=\"menu-biblioteca\" data-widget_type=\"edubin-header-menu.default\">\n\t\t\t\t<div class=\"elementor-widget-container\">\n\t\t\t\t\t<div class=\"edubin-nav-menu-wrapper edubin-header-area edubin-navbar-expand-lg edubin-elementor-nav-menu-wrapper\"><nav class=\"main-navigation edubin-navbar-collapse edubin-elementor-nav\"><ul id=\"menu-1-437619e\" class=\"edubin-navbar-nav edubin-navbar-right nav-menu edubin-nav-ul-wrapper\"><li itemscope=\"itemscope\" itemtype=\"https:\/\/www.schema.org\/SiteNavigationElement\" id=\"menu-item-9534\" class=\"menu-item menu-item-type-post_type menu-item-object-page menu-item-home nav-item menu-item-9534 menu-align-left\"><a class=\"nav-link\" href=\"https:\/\/higiene.edu.uy\/informacion-y-comunicacion\/\">Inicio<\/a><\/li>\n<li itemscope=\"itemscope\" itemtype=\"https:\/\/www.schema.org\/SiteNavigationElement\" id=\"menu-item-9535\" class=\"menu-item menu-item-type-custom menu-item-object-custom menu-item-has-children nav-item menu-item-9535 dropdown menu-align-left\"><a class=\"nav-link\" href=\"#\" aria-haspopup=\"true\">Acerca de nosotros<span class=\"edubin-menu-icon\"><i class=\"flaticon-download\" aria-hidden=\"true\"><\/i><\/span><\/a>\n<ul role=\"menu\" class=\" edubin-dropdown-menu\" >\n\t<li itemscope=\"itemscope\" itemtype=\"https:\/\/www.schema.org\/SiteNavigationElement\" id=\"menu-item-9539\" class=\"menu-item menu-item-type-post_type menu-item-object-page nav-item menu-item-9539 menu-align-left\"><a class=\"nav-link\" href=\"https:\/\/higiene.edu.uy\/informacion-y-comunicacion\/equipo\/\">Equipo<\/a><\/li>\n\t<li itemscope=\"itemscope\" itemtype=\"https:\/\/www.schema.org\/SiteNavigationElement\" id=\"menu-item-9540\" class=\"menu-item menu-item-type-custom menu-item-object-custom menu-item-has-children nav-item menu-item-9540 edubin-dropdown-submenu menu-align-left\"><a class=\"nav-link\" href=\"#\">\u00c1reas<span class=\"edubin-menu-icon\"><i class=\"flaticon-download\" aria-hidden=\"true\"><\/i><\/span><\/a>\n\t<ul role=\"menu\" class=\" edubin-dropdown-menu\" >\n\t\t<li itemscope=\"itemscope\" itemtype=\"https:\/\/www.schema.org\/SiteNavigationElement\" id=\"menu-item-9836\" class=\"menu-item menu-item-type-post_type menu-item-object-page nav-item menu-item-9836 menu-align-left\"><a class=\"nav-link\" href=\"https:\/\/higiene.edu.uy\/informacion-y-comunicacion\/informacion-biblioteca-organigrama\/\">Informaci\u00f3n \u2013 Biblioteca<\/a><\/li>\n\t\t<li itemscope=\"itemscope\" itemtype=\"https:\/\/www.schema.org\/SiteNavigationElement\" id=\"menu-item-9866\" class=\"menu-item menu-item-type-post_type menu-item-object-page nav-item menu-item-9866 menu-align-left\"><a class=\"nav-link\" href=\"https:\/\/higiene.edu.uy\/informacion-y-comunicacion\/comunicacion-organigrama\/\">Comunicaci\u00f3n<\/a><\/li>\n\t\t<li itemscope=\"itemscope\" itemtype=\"https:\/\/www.schema.org\/SiteNavigationElement\" id=\"menu-item-9543\" class=\"menu-item menu-item-type-post_type menu-item-object-page nav-item menu-item-9543 menu-align-left\"><a class=\"nav-link\" href=\"https:\/\/higiene.edu.uy\/informacion-y-comunicacion\/proyectos-institucionales\/\">Proyectos Institucionales<\/a><\/li>\n\t<\/ul>\n<\/li>\n<\/ul>\n<\/li>\n<li itemscope=\"itemscope\" itemtype=\"https:\/\/www.schema.org\/SiteNavigationElement\" id=\"menu-item-9544\" class=\"menu-item menu-item-type-post_type menu-item-object-page nav-item menu-item-9544 menu-align-left\"><a class=\"nav-link\" href=\"https:\/\/higiene.edu.uy\/informacion-y-comunicacion\/novedades\/\">Novedades<\/a><\/li>\n<li itemscope=\"itemscope\" itemtype=\"https:\/\/www.schema.org\/SiteNavigationElement\" id=\"menu-item-9546\" class=\"menu-item menu-item-type-post_type menu-item-object-page nav-item menu-item-9546 menu-align-left\"><a class=\"nav-link\" href=\"https:\/\/higiene.edu.uy\/informacion-y-comunicacion\/latindex\/\">Latindex<\/a><\/li>\n<li itemscope=\"itemscope\" itemtype=\"https:\/\/www.schema.org\/SiteNavigationElement\" id=\"menu-item-9547\" class=\"menu-item menu-item-type-post_type menu-item-object-page nav-item menu-item-9547 menu-align-left\"><a class=\"nav-link\" href=\"https:\/\/higiene.edu.uy\/informacion-y-comunicacion\/talleres\/\">Talleres<\/a><\/li>\n<\/ul><\/nav><div class=\"edubin-default-header-mobile-navbar edubin-mobile-menu\"><div class=\"edubin-elementor-mobile-menu-overlay\"><\/div><div class=\"edubin-elementor-mobile-hamburger-menu\"><a href=\"javascript:void(0);\"><svg xmlns=\"http:\/\/www.w3.org\/2000\/svg\" xmlns:xlink=\"http:\/\/www.w3.org\/1999\/xlink\" id=\"Capa_1\" x=\"0px\" y=\"0px\" viewBox=\"0 0 448 512\" style=\"enable-background:new 0 0 448 512;\" xml:space=\"preserve\"><style type=\"text\/css\">\t.st0{fill:#FFFFFF;}<\/style><path class=\"st0\" d=\"M0,96c0-17.7,14.3-32,32-32h384c17.7,0,32,14.3,32,32s-14.3,32-32,32H32C14.3,128,0,113.7,0,96z M0,256 c0-17.7,14.3-32,32-32h384c17.7,0,32,14.3,32,32s-14.3,32-32,32H32C14.3,288,0,273.7,0,256z M448,416c0,17.7-14.3,32-32,32H32 c-17.7,0-32-14.3-32-32s14.3-32,32-32h384C433.7,384,448,398.3,448,416z\"><\/path><\/svg><\/a><\/div><div class=\"edubin-mobile-menu-nav-wrapper edubin-elementor-mobile-menu-nav-wrapper\"><div class=\"edubin-elementor-mobile-menu-close\"><a href=\"javascript:void(0);\"><i aria-hidden=\"true\" class=\"flaticon-cancel\"><\/i><\/a><\/div><ul id=\"edubin-elementor-mobile-menu-item\" class=\"edubin-elementor-mobile-menu-item\"><li itemscope=\"itemscope\" itemtype=\"https:\/\/www.schema.org\/SiteNavigationElement\" class=\"menu-item menu-item-type-post_type menu-item-object-page menu-item-home nav-item menu-item-9534 menu-align-left\"><a class=\"nav-link\" href=\"https:\/\/higiene.edu.uy\/informacion-y-comunicacion\/\">Inicio<\/a><\/li>\n<li itemscope=\"itemscope\" itemtype=\"https:\/\/www.schema.org\/SiteNavigationElement\" class=\"menu-item menu-item-type-custom menu-item-object-custom menu-item-has-children nav-item menu-item-9535 dropdown menu-align-left\"><a class=\"nav-link\" href=\"#\" aria-haspopup=\"true\">Acerca de nosotros<span class=\"edubin-menu-icon\"><i class=\"flaticon-download\" aria-hidden=\"true\"><\/i><\/span><\/a>\n<ul role=\"menu\" class=\" edubin-dropdown-menu\" >\n\t<li itemscope=\"itemscope\" itemtype=\"https:\/\/www.schema.org\/SiteNavigationElement\" class=\"menu-item menu-item-type-post_type menu-item-object-page nav-item menu-item-9539 menu-align-left\"><a class=\"nav-link\" href=\"https:\/\/higiene.edu.uy\/informacion-y-comunicacion\/equipo\/\">Equipo<\/a><\/li>\n\t<li itemscope=\"itemscope\" itemtype=\"https:\/\/www.schema.org\/SiteNavigationElement\" class=\"menu-item menu-item-type-custom menu-item-object-custom menu-item-has-children nav-item menu-item-9540 edubin-dropdown-submenu menu-align-left\"><a class=\"nav-link\" href=\"#\">\u00c1reas<span class=\"edubin-menu-icon\"><i class=\"flaticon-download\" aria-hidden=\"true\"><\/i><\/span><\/a>\n\t<ul role=\"menu\" class=\" edubin-dropdown-menu\" >\n\t\t<li itemscope=\"itemscope\" itemtype=\"https:\/\/www.schema.org\/SiteNavigationElement\" class=\"menu-item menu-item-type-post_type menu-item-object-page nav-item menu-item-9836 menu-align-left\"><a class=\"nav-link\" href=\"https:\/\/higiene.edu.uy\/informacion-y-comunicacion\/informacion-biblioteca-organigrama\/\">Informaci\u00f3n \u2013 Biblioteca<\/a><\/li>\n\t\t<li itemscope=\"itemscope\" itemtype=\"https:\/\/www.schema.org\/SiteNavigationElement\" class=\"menu-item menu-item-type-post_type menu-item-object-page nav-item menu-item-9866 menu-align-left\"><a class=\"nav-link\" href=\"https:\/\/higiene.edu.uy\/informacion-y-comunicacion\/comunicacion-organigrama\/\">Comunicaci\u00f3n<\/a><\/li>\n\t\t<li itemscope=\"itemscope\" itemtype=\"https:\/\/www.schema.org\/SiteNavigationElement\" class=\"menu-item menu-item-type-post_type menu-item-object-page nav-item menu-item-9543 menu-align-left\"><a class=\"nav-link\" href=\"https:\/\/higiene.edu.uy\/informacion-y-comunicacion\/proyectos-institucionales\/\">Proyectos Institucionales<\/a><\/li>\n\t<\/ul>\n<\/li>\n<\/ul>\n<\/li>\n<li itemscope=\"itemscope\" itemtype=\"https:\/\/www.schema.org\/SiteNavigationElement\" class=\"menu-item menu-item-type-post_type menu-item-object-page nav-item menu-item-9544 menu-align-left\"><a class=\"nav-link\" href=\"https:\/\/higiene.edu.uy\/informacion-y-comunicacion\/novedades\/\">Novedades<\/a><\/li>\n<li itemscope=\"itemscope\" itemtype=\"https:\/\/www.schema.org\/SiteNavigationElement\" class=\"menu-item menu-item-type-post_type menu-item-object-page nav-item menu-item-9546 menu-align-left\"><a class=\"nav-link\" href=\"https:\/\/higiene.edu.uy\/informacion-y-comunicacion\/latindex\/\">Latindex<\/a><\/li>\n<li itemscope=\"itemscope\" itemtype=\"https:\/\/www.schema.org\/SiteNavigationElement\" class=\"menu-item menu-item-type-post_type menu-item-object-page nav-item menu-item-9547 menu-align-left\"><a class=\"nav-link\" href=\"https:\/\/higiene.edu.uy\/informacion-y-comunicacion\/talleres\/\">Talleres<\/a><\/li>\n<\/ul><\/div><\/div><\/div>\t\t\t\t<\/div>\n\t\t\t\t<\/div>\n\t\t\t\t\t<\/div>\n\t\t<\/div>\n\t\t\t\t\t<\/div>\n\t\t<\/section>\n\t\t\t\t<section class=\"elementor-section elementor-top-section elementor-element elementor-element-d8a5d54 elementor-section-boxed elementor-section-height-default elementor-section-height-default\" data-id=\"d8a5d54\" data-element_type=\"section\">\n\t\t\t\t\t\t<div class=\"elementor-container elementor-column-gap-default\">\n\t\t\t\t\t<div class=\"elementor-column elementor-col-100 elementor-top-column elementor-element elementor-element-6394846\" data-id=\"6394846\" data-element_type=\"column\">\n\t\t\t<div class=\"elementor-widget-wrap elementor-element-populated\">\n\t\t\t\t\t\t<div class=\"elementor-element elementor-element-3bddb7c elementor-widget elementor-widget-spacer\" data-id=\"3bddb7c\" data-element_type=\"widget\" data-widget_type=\"spacer.default\">\n\t\t\t\t<div class=\"elementor-widget-container\">\n\t\t\t\t\t\t\t<div class=\"elementor-spacer\">\n\t\t\t<div class=\"elementor-spacer-inner\"><\/div>\n\t\t<\/div>\n\t\t\t\t\t\t<\/div>\n\t\t\t\t<\/div>\n\t\t\t\t\t<\/div>\n\t\t<\/div>\n\t\t\t\t\t<\/div>\n\t\t<\/section>\n\t\t\t\t<section class=\"elementor-section elementor-top-section elementor-element elementor-element-736d425 elementor-section-boxed elementor-section-height-default elementor-section-height-default\" data-id=\"736d425\" data-element_type=\"section\">\n\t\t\t\t\t\t<div class=\"elementor-container elementor-column-gap-default\">\n\t\t\t\t\t<div class=\"elementor-column elementor-col-100 elementor-top-column elementor-element elementor-element-f4d3503\" data-id=\"f4d3503\" data-element_type=\"column\">\n\t\t\t<div class=\"elementor-widget-wrap elementor-element-populated\">\n\t\t\t\t\t\t<div class=\"elementor-element elementor-element-8c2ce01 elementor-widget elementor-widget-custom-title-addons\" data-id=\"8c2ce01\" data-element_type=\"widget\" data-widget_type=\"custom-title-addons.default\">\n\t\t\t\t<div class=\"elementor-widget-container\">\n\t\t\t\t\t<div class=\"tpc-double_heading\"><div class=\"dbl__subtitle\"><span>ACERCA DE NOSOTROS - UNIDAD DE COMUNICACI\u00d3N<\/span><\/div><h3 class=\"dbl__title-wrapper\"><span class=\"dbl__title dbl-title_1\">Unidad de Informaci\u00f3n y Comunicaci\u00f3n<\/span><\/h3><\/div>\t\t\t\t<\/div>\n\t\t\t\t<\/div>\n\t\t\t\t\t<\/div>\n\t\t<\/div>\n\t\t\t\t\t<\/div>\n\t\t<\/section>\n\t\t\t\t<section class=\"elementor-section elementor-top-section elementor-element elementor-element-d29d2d2 elementor-section-boxed elementor-section-height-default elementor-section-height-default\" data-id=\"d29d2d2\" data-element_type=\"section\">\n\t\t\t\t\t\t<div class=\"elementor-container elementor-column-gap-default\">\n\t\t\t\t\t<div class=\"elementor-column elementor-col-100 elementor-top-column elementor-element elementor-element-d7f6087\" data-id=\"d7f6087\" data-element_type=\"column\">\n\t\t\t<div class=\"elementor-widget-wrap elementor-element-populated\">\n\t\t\t\t\t\t<div class=\"elementor-element elementor-element-024a278 elementor-widget elementor-widget-spacer\" data-id=\"024a278\" data-element_type=\"widget\" data-widget_type=\"spacer.default\">\n\t\t\t\t<div class=\"elementor-widget-container\">\n\t\t\t\t\t\t\t<div class=\"elementor-spacer\">\n\t\t\t<div class=\"elementor-spacer-inner\"><\/div>\n\t\t<\/div>\n\t\t\t\t\t\t<\/div>\n\t\t\t\t<\/div>\n\t\t\t\t\t<\/div>\n\t\t<\/div>\n\t\t\t\t\t<\/div>\n\t\t<\/section>\n\t\t\t\t<section class=\"elementor-section elementor-top-section elementor-element elementor-element-6e33471 elementor-section-boxed elementor-section-height-default elementor-section-height-default\" data-id=\"6e33471\" data-element_type=\"section\">\n\t\t\t\t\t\t<div class=\"elementor-container elementor-column-gap-default\">\n\t\t\t\t\t<div class=\"elementor-column elementor-col-100 elementor-top-column elementor-element elementor-element-b84d4b5\" data-id=\"b84d4b5\" data-element_type=\"column\">\n\t\t\t<div class=\"elementor-widget-wrap elementor-element-populated\">\n\t\t\t\t\t\t<div class=\"elementor-element elementor-element-75b0291 elementor-widget elementor-widget-text-editor\" data-id=\"75b0291\" data-element_type=\"widget\" data-widget_type=\"text-editor.default\">\n\t\t\t\t<div class=\"elementor-widget-container\">\n\t\t\t\t\t\t\t\t\t<p>La Unidad de Comunicaci\u00f3n se inicia el 1o de marzo del 2023, con la incorporaci\u00f3n de una pasante, estudiante de la carrera Lic. en Comunicaci\u00f3n, al \u00c1rea de Biblioteca, actual Departamento de Informaci\u00f3n y Comunicaci\u00f3n.<\/p><p>El objetivo general de la Unidad de Comunicaci\u00f3n es realizar la difusi\u00f3n de las actividades, investigaci\u00f3n y producci\u00f3n diaria del Instituto de Higiene.<\/p><p>Se comienza a crear, en conjunto con quienes integran la instituci\u00f3n, estrategias de comunicaci\u00f3n para el fortalecimiento de su comunicaci\u00f3n interna y externa; acompa\u00f1ando al crecimiento de la comunicaci\u00f3n e imagen institucional, fomentando en el ensamble y construcci\u00f3n de v\u00ednculos intrainstitucionales.<\/p>\t\t\t\t\t\t\t\t<\/div>\n\t\t\t\t<\/div>\n\t\t\t\t\t<\/div>\n\t\t<\/div>\n\t\t\t\t\t<\/div>\n\t\t<\/section>\n\t\t\t\t<section class=\"elementor-section elementor-top-section elementor-element elementor-element-64d72e1 elementor-section-boxed elementor-section-height-default elementor-section-height-default\" data-id=\"64d72e1\" data-element_type=\"section\">\n\t\t\t\t\t\t<div class=\"elementor-container elementor-column-gap-default\">\n\t\t\t\t\t<div class=\"elementor-column elementor-col-100 elementor-top-column elementor-element elementor-element-82be035\" data-id=\"82be035\" data-element_type=\"column\">\n\t\t\t<div class=\"elementor-widget-wrap elementor-element-populated\">\n\t\t\t\t\t\t<div class=\"elementor-element elementor-element-e755721 elementor-widget elementor-widget-heading\" data-id=\"e755721\" data-element_type=\"widget\" data-widget_type=\"heading.default\">\n\t\t\t\t<div class=\"elementor-widget-container\">\n\t\t\t\t\t<h5 class=\"elementor-heading-title elementor-size-default\">Productos comunicacionales<\/h5>\t\t\t\t<\/div>\n\t\t\t\t<\/div>\n\t\t\t\t\t<\/div>\n\t\t<\/div>\n\t\t\t\t\t<\/div>\n\t\t<\/section>\n\t\t\t\t<section class=\"elementor-section elementor-top-section elementor-element elementor-element-2efffa7 elementor-section-boxed elementor-section-height-default elementor-section-height-default\" data-id=\"2efffa7\" data-element_type=\"section\">\n\t\t\t\t\t\t<div class=\"elementor-container elementor-column-gap-default\">\n\t\t\t\t\t<div class=\"elementor-column elementor-col-100 elementor-top-column elementor-element elementor-element-45e0271\" data-id=\"45e0271\" data-element_type=\"column\">\n\t\t\t<div class=\"elementor-widget-wrap elementor-element-populated\">\n\t\t\t\t\t\t<div class=\"elementor-element elementor-element-83c45c4 elementor-widget elementor-widget-text-editor\" data-id=\"83c45c4\" data-element_type=\"widget\" data-widget_type=\"text-editor.default\">\n\t\t\t\t<div class=\"elementor-widget-container\">\n\t\t\t\t\t\t\t\t\t<ul><li>Bolet\u00edn de Novedades<br \/><br \/>Surge de la necesidad de recabar y compartir mensualmente, a nivel interno y externo, informaci\u00f3n de inter\u00e9s relevante a Campus Parque Batlle|Predio Salud, servicios a fines y p\u00fablico vinculado institucionalmente.<br \/><br \/><\/li><li>Ciclo de Memorias<br \/><br \/>Ciclo de Memorias es un espacio creado desde la Unidad, donde se realizan entrevistas a personalidades destacadas en la historia institucional y disciplinar.<br \/><br \/>El objetivo del espacio, es reconstruir, a partir del relato, la historia institucional, materializando los discursos en formato de audio y compartiendo el material en el Sitio Web Institucional, bolet\u00edn de novedades y en las plataformas de YouTube y Spotify.<br \/><br \/>Ciclo de Memorias se comparte en el Sitio Web Institucional, bolet\u00edn y en las plataformas de YouTube y Spotify.<br \/><br \/><\/li><li>Proyectos Institucionales.<br \/><br \/>Integra 5 equipos de trabajo, en el que se realiza tareas de difusi\u00f3n y res\u00famenes, siendo los mismos: Grupo de Visibilidad y Difusi\u00f3n del Instituto de Higiene, Capacitaci\u00f3n, Grupo de Trabajo organizaci\u00f3n D\u00eda del Patrimonio, Salud al Parque, \u00c1reas Verdes Instituto de Higiene.<br \/><br \/><\/li><li>Gesti\u00f3n y generaci\u00f3n de contenidos, redes sociales, medios y prensa.<br \/><br \/>Se realiza el relevamiento diario de contenidos en Instagram, X (twitter) y prensa digital, para compartir la informaci\u00f3n pertinente o de inter\u00e9s institucional.<br \/><br \/>En esta l\u00ednea, se generan contenidos para ambas plataformas y para compartir en el mail difusi\u00f3n <a href=\"mailto:difusion@higene.edu.uy\">difusion@higene.edu.uy<\/a><br \/><br \/>Como parte del proceso de producci\u00f3n y administraci\u00f3n del mail, se recepcionan, procesan y comparten contenidos en esta v\u00eda.<br \/><br \/><\/li><li>Interacci\u00f3n y agenda de medios.<br \/><br \/>Creaci\u00f3n y desarrollo una agenda de medios y contactos principales institucionales.<br \/><br \/><\/li><li>Difusi\u00f3n y Visibilidad.<br \/><br \/>Se realiza cobertura y co-organizaci\u00f3n de eventos institucionales, productos gr\u00e1ficos y gesti\u00f3n de banco de im\u00e1genes institucionales.<br \/><br \/><\/li><li>Construcci\u00f3n de identidad gr\u00e1fica institucional.<br \/><br \/>Comprende realizaci\u00f3n de Manual de Identidad institucional, ver en: <a href=\"https:\/\/higiene.edu.uy\/identidad-grafica\/\">https:\/\/higiene.edu.uy\/identidad-grafica\/<\/a><\/li><\/ul>\t\t\t\t\t\t\t\t<\/div>\n\t\t\t\t<\/div>\n\t\t\t\t\t<\/div>\n\t\t<\/div>\n\t\t\t\t\t<\/div>\n\t\t<\/section>\n\t\t\t\t<section class=\"elementor-section elementor-top-section elementor-element elementor-element-6820017 elementor-section-boxed elementor-section-height-default elementor-section-height-default\" data-id=\"6820017\" data-element_type=\"section\">\n\t\t\t\t\t\t<div class=\"elementor-container elementor-column-gap-default\">\n\t\t\t\t\t<div class=\"elementor-column elementor-col-100 elementor-top-column elementor-element elementor-element-11796a8\" data-id=\"11796a8\" data-element_type=\"column\">\n\t\t\t<div class=\"elementor-widget-wrap elementor-element-populated\">\n\t\t\t\t\t\t<div class=\"elementor-element elementor-element-403c34f elementor-widget elementor-widget-spacer\" data-id=\"403c34f\" data-element_type=\"widget\" data-widget_type=\"spacer.default\">\n\t\t\t\t<div class=\"elementor-widget-container\">\n\t\t\t\t\t\t\t<div class=\"elementor-spacer\">\n\t\t\t<div class=\"elementor-spacer-inner\"><\/div>\n\t\t<\/div>\n\t\t\t\t\t\t<\/div>\n\t\t\t\t<\/div>\n\t\t\t\t\t<\/div>\n\t\t<\/div>\n\t\t\t\t\t<\/div>\n\t\t<\/section>\n\t\t\t\t<\/div>\n\t\t","protected":false},"excerpt":{"rendered":"<p>Inicio Acerca de nosotros Equipo \u00c1reas Informaci\u00f3n \u2013 Biblioteca Comunicaci\u00f3n Proyectos Institucionales Novedades Latindex Talleres Inicio Acerca de nosotros Equipo&#8230;<\/p>\n","protected":false},"author":12,"featured_media":0,"parent":0,"menu_order":0,"comment_status":"closed","ping_status":"closed","template":"","meta":{"_acf_changed":false,"footnotes":""},"class_list":["post-9468","page","type-page","status-publish","hentry"],"acf":[],"_links":{"self":[{"href":"https:\/\/higiene.edu.uy\/informacion-y-comunicacion\/wp-json\/wp\/v2\/pages\/9468","targetHints":{"allow":["GET"]}}],"collection":[{"href":"https:\/\/higiene.edu.uy\/informacion-y-comunicacion\/wp-json\/wp\/v2\/pages"}],"about":[{"href":"https:\/\/higiene.edu.uy\/informacion-y-comunicacion\/wp-json\/wp\/v2\/types\/page"}],"author":[{"embeddable":true,"href":"https:\/\/higiene.edu.uy\/informacion-y-comunicacion\/wp-json\/wp\/v2\/users\/12"}],"replies":[{"embeddable":true,"href":"https:\/\/higiene.edu.uy\/informacion-y-comunicacion\/wp-json\/wp\/v2\/comments?post=9468"}],"version-history":[{"count":25,"href":"https:\/\/higiene.edu.uy\/informacion-y-comunicacion\/wp-json\/wp\/v2\/pages\/9468\/revisions"}],"predecessor-version":[{"id":9940,"href":"https:\/\/higiene.edu.uy\/informacion-y-comunicacion\/wp-json\/wp\/v2\/pages\/9468\/revisions\/9940"}],"wp:attachment":[{"href":"https:\/\/higiene.edu.uy\/informacion-y-comunicacion\/wp-json\/wp\/v2\/media?parent=9468"}],"curies":[{"name":"wp","href":"https:\/\/api.w.org\/{rel}","templated":true}]}}