{"id":8334,"date":"2022-03-17T09:34:20","date_gmt":"2022-03-17T12:34:20","guid":{"rendered":"https:\/\/higiene.edu.uy\/extension\/?page_id=8334"},"modified":"2025-01-20T09:49:49","modified_gmt":"2025-01-20T12:49:49","slug":"produccion-cientifica","status":"publish","type":"page","link":"https:\/\/higiene.edu.uy\/extension\/produccion-cientifica\/","title":{"rendered":"Producci\u00f3n Cient\u00edfica"},"content":{"rendered":"\t\t<div data-elementor-type=\"wp-page\" data-elementor-id=\"8334\" class=\"elementor elementor-8334\">\n\t\t\t\t\t\t<section class=\"elementor-section elementor-top-section elementor-element elementor-element-de53fbb elementor-section-full_width elementor-section-stretched elementor-section-height-default elementor-section-height-default\" data-id=\"de53fbb\" data-element_type=\"section\" data-settings=\"{&quot;background_background&quot;:&quot;classic&quot;,&quot;stretch_section&quot;:&quot;section-stretched&quot;}\">\n\t\t\t\t\t\t<div class=\"elementor-container elementor-column-gap-default\">\n\t\t\t\t\t<div class=\"elementor-column elementor-col-100 elementor-top-column elementor-element elementor-element-89f5112\" data-id=\"89f5112\" data-element_type=\"column\">\n\t\t\t<div class=\"elementor-widget-wrap elementor-element-populated\">\n\t\t\t\t\t\t<div class=\"elementor-element elementor-element-b64ad5c edubin-nav-menu-breakpoint-big-tablet elementor-widget elementor-widget-edubin-header-menu\" data-id=\"b64ad5c\" data-element_type=\"widget\" data-widget_type=\"edubin-header-menu.default\">\n\t\t\t\t<div class=\"elementor-widget-container\">\n\t\t\t\t\t<div class=\"edubin-nav-menu-wrapper edubin-header-area edubin-navbar-expand-lg edubin-elementor-nav-menu-wrapper\"><nav class=\"main-navigation edubin-navbar-collapse edubin-elementor-nav\"><ul id=\"menu-1-b64ad5c\" class=\"edubin-navbar-nav edubin-navbar-right nav-menu edubin-nav-ul-wrapper\"><li itemscope=\"itemscope\" itemtype=\"https:\/\/www.schema.org\/SiteNavigationElement\" id=\"menu-item-8659\" class=\"menu-item menu-item-type-custom menu-item-object-custom nav-item menu-item-8659\"><a class=\"nav-link\" href=\"\/extension\/\">Inicio<\/a><\/li>\n<li itemscope=\"itemscope\" itemtype=\"https:\/\/www.schema.org\/SiteNavigationElement\" id=\"menu-item-8319\" class=\"menu-item menu-item-type-custom menu-item-object-custom nav-item menu-item-8319\"><a class=\"nav-link\" href=\"\/extension\/integrantes\">Integrantes<\/a><\/li>\n<li itemscope=\"itemscope\" itemtype=\"https:\/\/www.schema.org\/SiteNavigationElement\" id=\"menu-item-8585\" class=\"menu-item menu-item-type-custom menu-item-object-custom nav-item menu-item-8585\"><a class=\"nav-link\" href=\"\/extension\/cursos\">Cursos<\/a><\/li>\n<li itemscope=\"itemscope\" itemtype=\"https:\/\/www.schema.org\/SiteNavigationElement\" id=\"menu-item-8586\" class=\"menu-item menu-item-type-custom menu-item-object-custom nav-item menu-item-8586\"><a class=\"nav-link\" href=\"\/extension\/lineas-de-investigacion\">L\u00edneas de Investigaci\u00f3n<\/a><\/li>\n<li itemscope=\"itemscope\" itemtype=\"https:\/\/www.schema.org\/SiteNavigationElement\" id=\"menu-item-8644\" class=\"menu-item menu-item-type-custom menu-item-object-custom nav-item menu-item-8644\"><a class=\"nav-link\" href=\"\/extension\/proyectos\">Proyectos<\/a><\/li>\n<li itemscope=\"itemscope\" itemtype=\"https:\/\/www.schema.org\/SiteNavigationElement\" id=\"menu-item-8582\" class=\"menu-item menu-item-type-custom menu-item-object-custom nav-item menu-item-8582\"><a class=\"nav-link\" href=\"\/extension\/produccion-cientifica\">Producci\u00f3n cient\u00edfica<\/a><\/li>\n<li itemscope=\"itemscope\" itemtype=\"https:\/\/www.schema.org\/SiteNavigationElement\" id=\"menu-item-8583\" class=\"menu-item menu-item-type-custom menu-item-object-custom nav-item menu-item-8583\"><a class=\"nav-link\" href=\"\/extension\/extension\">Extensi\u00f3n<\/a><\/li>\n<li itemscope=\"itemscope\" itemtype=\"https:\/\/www.schema.org\/SiteNavigationElement\" id=\"menu-item-8581\" class=\"menu-item menu-item-type-custom menu-item-object-custom nav-item menu-item-8581\"><a class=\"nav-link\" href=\"\/extension\/links-de-interes\">Links de inter\u00e9s<\/a><\/li>\n<\/ul><\/nav><div class=\"edubin-default-header-mobile-navbar edubin-mobile-menu\"><div class=\"edubin-elementor-mobile-menu-overlay\"><\/div><div class=\"edubin-elementor-mobile-hamburger-menu\"><a href=\"javascript:void(0);\"><svg xmlns=\"http:\/\/www.w3.org\/2000\/svg\" xmlns:xlink=\"http:\/\/www.w3.org\/1999\/xlink\" id=\"Capa_1\" x=\"0px\" y=\"0px\" viewBox=\"0 0 448 512\" style=\"enable-background:new 0 0 448 512;\" xml:space=\"preserve\"><style type=\"text\/css\">\t.st0{fill:#FFFFFF;}<\/style><path class=\"st0\" d=\"M0,96c0-17.7,14.3-32,32-32h384c17.7,0,32,14.3,32,32s-14.3,32-32,32H32C14.3,128,0,113.7,0,96z M0,256 c0-17.7,14.3-32,32-32h384c17.7,0,32,14.3,32,32s-14.3,32-32,32H32C14.3,288,0,273.7,0,256z M448,416c0,17.7-14.3,32-32,32H32 c-17.7,0-32-14.3-32-32s14.3-32,32-32h384C433.7,384,448,398.3,448,416z\"><\/path><\/svg><\/a><\/div><div class=\"edubin-mobile-menu-nav-wrapper edubin-elementor-mobile-menu-nav-wrapper\"><div class=\"edubin-elementor-mobile-menu-close\"><a href=\"javascript:void(0);\"><i aria-hidden=\"true\" class=\"flaticon-cancel\"><\/i><\/a><\/div><ul id=\"edubin-elementor-mobile-menu-item\" class=\"edubin-elementor-mobile-menu-item\"><li itemscope=\"itemscope\" itemtype=\"https:\/\/www.schema.org\/SiteNavigationElement\" class=\"menu-item menu-item-type-custom menu-item-object-custom nav-item menu-item-8659\"><a class=\"nav-link\" href=\"\/extension\/\">Inicio<\/a><\/li>\n<li itemscope=\"itemscope\" itemtype=\"https:\/\/www.schema.org\/SiteNavigationElement\" class=\"menu-item menu-item-type-custom menu-item-object-custom nav-item menu-item-8319\"><a class=\"nav-link\" href=\"\/extension\/integrantes\">Integrantes<\/a><\/li>\n<li itemscope=\"itemscope\" itemtype=\"https:\/\/www.schema.org\/SiteNavigationElement\" class=\"menu-item menu-item-type-custom menu-item-object-custom nav-item menu-item-8585\"><a class=\"nav-link\" href=\"\/extension\/cursos\">Cursos<\/a><\/li>\n<li itemscope=\"itemscope\" itemtype=\"https:\/\/www.schema.org\/SiteNavigationElement\" class=\"menu-item menu-item-type-custom menu-item-object-custom nav-item menu-item-8586\"><a class=\"nav-link\" href=\"\/extension\/lineas-de-investigacion\">L\u00edneas de Investigaci\u00f3n<\/a><\/li>\n<li itemscope=\"itemscope\" itemtype=\"https:\/\/www.schema.org\/SiteNavigationElement\" class=\"menu-item menu-item-type-custom menu-item-object-custom nav-item menu-item-8644\"><a class=\"nav-link\" href=\"\/extension\/proyectos\">Proyectos<\/a><\/li>\n<li itemscope=\"itemscope\" itemtype=\"https:\/\/www.schema.org\/SiteNavigationElement\" class=\"menu-item menu-item-type-custom menu-item-object-custom nav-item menu-item-8582\"><a class=\"nav-link\" href=\"\/extension\/produccion-cientifica\">Producci\u00f3n cient\u00edfica<\/a><\/li>\n<li itemscope=\"itemscope\" itemtype=\"https:\/\/www.schema.org\/SiteNavigationElement\" class=\"menu-item menu-item-type-custom menu-item-object-custom nav-item menu-item-8583\"><a class=\"nav-link\" href=\"\/extension\/extension\">Extensi\u00f3n<\/a><\/li>\n<li itemscope=\"itemscope\" itemtype=\"https:\/\/www.schema.org\/SiteNavigationElement\" class=\"menu-item menu-item-type-custom menu-item-object-custom nav-item menu-item-8581\"><a class=\"nav-link\" href=\"\/extension\/links-de-interes\">Links de inter\u00e9s<\/a><\/li>\n<\/ul><\/div><\/div><\/div>\t\t\t\t<\/div>\n\t\t\t\t<\/div>\n\t\t\t\t\t<\/div>\n\t\t<\/div>\n\t\t\t\t\t<\/div>\n\t\t<\/section>\n\t\t\t\t<section class=\"elementor-section elementor-top-section elementor-element elementor-element-5391bf2 elementor-section-boxed elementor-section-height-default elementor-section-height-default\" data-id=\"5391bf2\" data-element_type=\"section\">\n\t\t\t\t\t\t<div class=\"elementor-container elementor-column-gap-default\">\n\t\t\t\t\t<div class=\"elementor-column elementor-col-100 elementor-top-column elementor-element elementor-element-8bba2b9\" data-id=\"8bba2b9\" data-element_type=\"column\">\n\t\t\t<div class=\"elementor-widget-wrap elementor-element-populated\">\n\t\t\t\t\t\t<div class=\"elementor-element elementor-element-ba36b56 elementor-widget elementor-widget-spacer\" data-id=\"ba36b56\" data-element_type=\"widget\" data-widget_type=\"spacer.default\">\n\t\t\t\t<div class=\"elementor-widget-container\">\n\t\t\t\t\t\t\t<div class=\"elementor-spacer\">\n\t\t\t<div class=\"elementor-spacer-inner\"><\/div>\n\t\t<\/div>\n\t\t\t\t\t\t<\/div>\n\t\t\t\t<\/div>\n\t\t\t\t\t<\/div>\n\t\t<\/div>\n\t\t\t\t\t<\/div>\n\t\t<\/section>\n\t\t\t\t<section class=\"elementor-section elementor-top-section elementor-element elementor-element-5c80379 elementor-section-boxed elementor-section-height-default elementor-section-height-default\" data-id=\"5c80379\" data-element_type=\"section\">\n\t\t\t\t\t\t<div class=\"elementor-container elementor-column-gap-default\">\n\t\t\t\t\t<div class=\"elementor-column elementor-col-100 elementor-top-column elementor-element elementor-element-3f0f082\" data-id=\"3f0f082\" data-element_type=\"column\">\n\t\t\t<div class=\"elementor-widget-wrap elementor-element-populated\">\n\t\t\t\t\t\t<div class=\"elementor-element elementor-element-5e32887 elementor-widget elementor-widget-custom-title-addons\" data-id=\"5e32887\" data-element_type=\"widget\" data-widget_type=\"custom-title-addons.default\">\n\t\t\t\t<div class=\"elementor-widget-container\">\n\t\t\t\t\t<div class=\"tpc-double_heading\"><div class=\"dbl__subtitle\"><span>PRODUCCI\u00d3N CIENT\u00cdFICA<\/span><\/div><h3 class=\"dbl__title-wrapper\"><span class=\"dbl__title dbl-title_1\">Extensi\u00f3n<\/span><\/h3><\/div>\t\t\t\t<\/div>\n\t\t\t\t<\/div>\n\t\t\t\t\t<\/div>\n\t\t<\/div>\n\t\t\t\t\t<\/div>\n\t\t<\/section>\n\t\t\t\t<section class=\"elementor-section elementor-top-section elementor-element elementor-element-2b0be0d elementor-section-boxed elementor-section-height-default elementor-section-height-default\" data-id=\"2b0be0d\" data-element_type=\"section\">\n\t\t\t\t\t\t<div class=\"elementor-container elementor-column-gap-default\">\n\t\t\t\t\t<div class=\"elementor-column elementor-col-100 elementor-top-column elementor-element elementor-element-822b582\" data-id=\"822b582\" data-element_type=\"column\">\n\t\t\t<div class=\"elementor-widget-wrap elementor-element-populated\">\n\t\t\t\t\t\t<div class=\"elementor-element elementor-element-3f7a774 elementor-widget elementor-widget-spacer\" data-id=\"3f7a774\" data-element_type=\"widget\" data-widget_type=\"spacer.default\">\n\t\t\t\t<div class=\"elementor-widget-container\">\n\t\t\t\t\t\t\t<div class=\"elementor-spacer\">\n\t\t\t<div class=\"elementor-spacer-inner\"><\/div>\n\t\t<\/div>\n\t\t\t\t\t\t<\/div>\n\t\t\t\t<\/div>\n\t\t\t\t\t<\/div>\n\t\t<\/div>\n\t\t\t\t\t<\/div>\n\t\t<\/section>\n\t\t\t\t<\/div>\n\t\t","protected":false},"excerpt":{"rendered":"<p>Inicio Integrantes Cursos L\u00edneas de Investigaci\u00f3n Proyectos Producci\u00f3n cient\u00edfica Extensi\u00f3n Links de inter\u00e9s Inicio Integrantes Cursos L\u00edneas de Investigaci\u00f3n Proyectos&#8230;<\/p>\n","protected":false},"author":1,"featured_media":0,"parent":0,"menu_order":0,"comment_status":"closed","ping_status":"closed","template":"","meta":{"_acf_changed":false,"footnotes":""},"class_list":["post-8334","page","type-page","status-publish","hentry"],"acf":[],"_links":{"self":[{"href":"https:\/\/higiene.edu.uy\/extension\/wp-json\/wp\/v2\/pages\/8334","targetHints":{"allow":["GET"]}}],"collection":[{"href":"https:\/\/higiene.edu.uy\/extension\/wp-json\/wp\/v2\/pages"}],"about":[{"href":"https:\/\/higiene.edu.uy\/extension\/wp-json\/wp\/v2\/types\/page"}],"author":[{"embeddable":true,"href":"https:\/\/higiene.edu.uy\/extension\/wp-json\/wp\/v2\/users\/1"}],"replies":[{"embeddable":true,"href":"https:\/\/higiene.edu.uy\/extension\/wp-json\/wp\/v2\/comments?post=8334"}],"version-history":[{"count":26,"href":"https:\/\/higiene.edu.uy\/extension\/wp-json\/wp\/v2\/pages\/8334\/revisions"}],"predecessor-version":[{"id":9042,"href":"https:\/\/higiene.edu.uy\/extension\/wp-json\/wp\/v2\/pages\/8334\/revisions\/9042"}],"wp:attachment":[{"href":"https:\/\/higiene.edu.uy\/extension\/wp-json\/wp\/v2\/media?parent=8334"}],"curies":[{"name":"wp","href":"https:\/\/api.w.org\/{rel}","templated":true}]}}