{"id":8636,"date":"2022-03-19T12:39:49","date_gmt":"2022-03-19T15:39:49","guid":{"rendered":"https:\/\/higiene.edu.uy\/desarrollo-biotecnologico\/?page_id=8636"},"modified":"2025-01-14T17:51:40","modified_gmt":"2025-01-14T20:51:40","slug":"proyectos","status":"publish","type":"page","link":"https:\/\/higiene.edu.uy\/desarrollo-biotecnologico\/proyectos\/","title":{"rendered":"Proyectos"},"content":{"rendered":"\t\t<div data-elementor-type=\"wp-page\" data-elementor-id=\"8636\" class=\"elementor elementor-8636\">\n\t\t\t\t\t\t<section class=\"elementor-section elementor-top-section elementor-element elementor-element-73f7d4d elementor-section-full_width elementor-section-stretched elementor-section-height-default elementor-section-height-default\" data-id=\"73f7d4d\" data-element_type=\"section\" data-settings=\"{&quot;background_background&quot;:&quot;classic&quot;,&quot;stretch_section&quot;:&quot;section-stretched&quot;}\">\n\t\t\t\t\t\t<div class=\"elementor-container elementor-column-gap-default\">\n\t\t\t\t\t<div class=\"elementor-column elementor-col-100 elementor-top-column elementor-element elementor-element-d1f46ca\" data-id=\"d1f46ca\" data-element_type=\"column\">\n\t\t\t<div class=\"elementor-widget-wrap elementor-element-populated\">\n\t\t\t\t\t\t<div class=\"elementor-element elementor-element-8f8f3e5 edubin-nav-menu-breakpoint-big-tablet elementor-widget elementor-widget-edubin-header-menu\" data-id=\"8f8f3e5\" data-element_type=\"widget\" data-widget_type=\"edubin-header-menu.default\">\n\t\t\t\t<div class=\"elementor-widget-container\">\n\t\t\t\t\t<div class=\"edubin-nav-menu-wrapper edubin-header-area edubin-navbar-expand-lg edubin-elementor-nav-menu-wrapper\"><nav class=\"main-navigation edubin-navbar-collapse edubin-elementor-nav\"><ul id=\"menu-1-8f8f3e5\" class=\"edubin-navbar-nav edubin-navbar-right nav-menu edubin-nav-ul-wrapper\"><li itemscope=\"itemscope\" itemtype=\"https:\/\/www.schema.org\/SiteNavigationElement\" id=\"menu-item-8659\" class=\"menu-item menu-item-type-custom menu-item-object-custom nav-item menu-item-8659\"><a class=\"nav-link\" href=\"\/desarrollo-biotecnologico\/\">Inicio<\/a><\/li>\n<li itemscope=\"itemscope\" itemtype=\"https:\/\/www.schema.org\/SiteNavigationElement\" id=\"menu-item-8319\" class=\"menu-item menu-item-type-custom menu-item-object-custom nav-item menu-item-8319\"><a class=\"nav-link\" href=\"\/desarrollo-biotecnologico\/integrantes\">Integrantes<\/a><\/li>\n<li itemscope=\"itemscope\" itemtype=\"https:\/\/www.schema.org\/SiteNavigationElement\" id=\"menu-item-8585\" class=\"menu-item menu-item-type-custom menu-item-object-custom nav-item menu-item-8585\"><a class=\"nav-link\" href=\"\/desarrollo-biotecnologico\/cursos\">Cursos<\/a><\/li>\n<li itemscope=\"itemscope\" itemtype=\"https:\/\/www.schema.org\/SiteNavigationElement\" id=\"menu-item-8586\" class=\"menu-item menu-item-type-custom menu-item-object-custom nav-item menu-item-8586\"><a class=\"nav-link\" href=\"\/desarrollo-biotecnologico\/lineas-de-investigacion\">L\u00edneas de Investigaci\u00f3n<\/a><\/li>\n<li itemscope=\"itemscope\" itemtype=\"https:\/\/www.schema.org\/SiteNavigationElement\" id=\"menu-item-8644\" class=\"menu-item menu-item-type-custom menu-item-object-custom nav-item menu-item-8644\"><a class=\"nav-link\" href=\"\/desarrollo-biotecnologico\/proyectos\">Proyectos<\/a><\/li>\n<li itemscope=\"itemscope\" itemtype=\"https:\/\/www.schema.org\/SiteNavigationElement\" id=\"menu-item-8582\" class=\"menu-item menu-item-type-custom menu-item-object-custom nav-item menu-item-8582\"><a class=\"nav-link\" href=\"\/desarrollo-biotecnologico\/produccion-cientifica\">Producci\u00f3n cient\u00edfica<\/a><\/li>\n<li itemscope=\"itemscope\" itemtype=\"https:\/\/www.schema.org\/SiteNavigationElement\" id=\"menu-item-8583\" class=\"menu-item menu-item-type-custom menu-item-object-custom nav-item menu-item-8583\"><a class=\"nav-link\" href=\"\/desarrollo-biotecnologico\/extension\">Extensi\u00f3n<\/a><\/li>\n<li itemscope=\"itemscope\" itemtype=\"https:\/\/www.schema.org\/SiteNavigationElement\" id=\"menu-item-8581\" class=\"menu-item menu-item-type-custom menu-item-object-custom nav-item menu-item-8581\"><a class=\"nav-link\" href=\"\/desarrollo-biotecnologico\/links-de-interes\">Links de inter\u00e9s<\/a><\/li>\n<\/ul><\/nav><div class=\"edubin-default-header-mobile-navbar edubin-mobile-menu\"><div class=\"edubin-elementor-mobile-menu-overlay\"><\/div><div class=\"edubin-elementor-mobile-hamburger-menu\"><a href=\"javascript:void(0);\"><svg xmlns=\"http:\/\/www.w3.org\/2000\/svg\" xmlns:xlink=\"http:\/\/www.w3.org\/1999\/xlink\" id=\"Capa_1\" x=\"0px\" y=\"0px\" viewBox=\"0 0 448 512\" style=\"enable-background:new 0 0 448 512;\" xml:space=\"preserve\"><style type=\"text\/css\">\t.st0{fill:#FFFFFF;}<\/style><path class=\"st0\" d=\"M0,96c0-17.7,14.3-32,32-32h384c17.7,0,32,14.3,32,32s-14.3,32-32,32H32C14.3,128,0,113.7,0,96z M0,256 c0-17.7,14.3-32,32-32h384c17.7,0,32,14.3,32,32s-14.3,32-32,32H32C14.3,288,0,273.7,0,256z M448,416c0,17.7-14.3,32-32,32H32 c-17.7,0-32-14.3-32-32s14.3-32,32-32h384C433.7,384,448,398.3,448,416z\"><\/path><\/svg><\/a><\/div><div class=\"edubin-mobile-menu-nav-wrapper edubin-elementor-mobile-menu-nav-wrapper\"><div class=\"edubin-elementor-mobile-menu-close\"><a href=\"javascript:void(0);\"><i aria-hidden=\"true\" class=\"flaticon-cancel\"><\/i><\/a><\/div><ul id=\"edubin-elementor-mobile-menu-item\" class=\"edubin-elementor-mobile-menu-item\"><li itemscope=\"itemscope\" itemtype=\"https:\/\/www.schema.org\/SiteNavigationElement\" class=\"menu-item menu-item-type-custom menu-item-object-custom nav-item menu-item-8659\"><a class=\"nav-link\" href=\"\/desarrollo-biotecnologico\/\">Inicio<\/a><\/li>\n<li itemscope=\"itemscope\" itemtype=\"https:\/\/www.schema.org\/SiteNavigationElement\" class=\"menu-item menu-item-type-custom menu-item-object-custom nav-item menu-item-8319\"><a class=\"nav-link\" href=\"\/desarrollo-biotecnologico\/integrantes\">Integrantes<\/a><\/li>\n<li itemscope=\"itemscope\" itemtype=\"https:\/\/www.schema.org\/SiteNavigationElement\" class=\"menu-item menu-item-type-custom menu-item-object-custom nav-item menu-item-8585\"><a class=\"nav-link\" href=\"\/desarrollo-biotecnologico\/cursos\">Cursos<\/a><\/li>\n<li itemscope=\"itemscope\" itemtype=\"https:\/\/www.schema.org\/SiteNavigationElement\" class=\"menu-item menu-item-type-custom menu-item-object-custom nav-item menu-item-8586\"><a class=\"nav-link\" href=\"\/desarrollo-biotecnologico\/lineas-de-investigacion\">L\u00edneas de Investigaci\u00f3n<\/a><\/li>\n<li itemscope=\"itemscope\" itemtype=\"https:\/\/www.schema.org\/SiteNavigationElement\" class=\"menu-item menu-item-type-custom menu-item-object-custom nav-item menu-item-8644\"><a class=\"nav-link\" href=\"\/desarrollo-biotecnologico\/proyectos\">Proyectos<\/a><\/li>\n<li itemscope=\"itemscope\" itemtype=\"https:\/\/www.schema.org\/SiteNavigationElement\" class=\"menu-item menu-item-type-custom menu-item-object-custom nav-item menu-item-8582\"><a class=\"nav-link\" href=\"\/desarrollo-biotecnologico\/produccion-cientifica\">Producci\u00f3n cient\u00edfica<\/a><\/li>\n<li itemscope=\"itemscope\" itemtype=\"https:\/\/www.schema.org\/SiteNavigationElement\" class=\"menu-item menu-item-type-custom menu-item-object-custom nav-item menu-item-8583\"><a class=\"nav-link\" href=\"\/desarrollo-biotecnologico\/extension\">Extensi\u00f3n<\/a><\/li>\n<li itemscope=\"itemscope\" itemtype=\"https:\/\/www.schema.org\/SiteNavigationElement\" class=\"menu-item menu-item-type-custom menu-item-object-custom nav-item menu-item-8581\"><a class=\"nav-link\" href=\"\/desarrollo-biotecnologico\/links-de-interes\">Links de inter\u00e9s<\/a><\/li>\n<\/ul><\/div><\/div><\/div>\t\t\t\t<\/div>\n\t\t\t\t<\/div>\n\t\t\t\t\t<\/div>\n\t\t<\/div>\n\t\t\t\t\t<\/div>\n\t\t<\/section>\n\t\t\t\t<section class=\"elementor-section elementor-top-section elementor-element elementor-element-4897309 elementor-section-boxed elementor-section-height-default elementor-section-height-default\" data-id=\"4897309\" data-element_type=\"section\">\n\t\t\t\t\t\t<div class=\"elementor-container elementor-column-gap-default\">\n\t\t\t\t\t<div class=\"elementor-column elementor-col-100 elementor-top-column elementor-element elementor-element-fa81b8c\" data-id=\"fa81b8c\" data-element_type=\"column\">\n\t\t\t<div class=\"elementor-widget-wrap elementor-element-populated\">\n\t\t\t\t\t\t<div class=\"elementor-element elementor-element-055311a elementor-widget elementor-widget-spacer\" data-id=\"055311a\" data-element_type=\"widget\" data-widget_type=\"spacer.default\">\n\t\t\t\t<div class=\"elementor-widget-container\">\n\t\t\t\t\t\t\t<div class=\"elementor-spacer\">\n\t\t\t<div class=\"elementor-spacer-inner\"><\/div>\n\t\t<\/div>\n\t\t\t\t\t\t<\/div>\n\t\t\t\t<\/div>\n\t\t\t\t\t<\/div>\n\t\t<\/div>\n\t\t\t\t\t<\/div>\n\t\t<\/section>\n\t\t\t\t<section class=\"elementor-section elementor-top-section elementor-element elementor-element-d23ed16 elementor-section-boxed elementor-section-height-default elementor-section-height-default\" data-id=\"d23ed16\" data-element_type=\"section\">\n\t\t\t\t\t\t<div class=\"elementor-container elementor-column-gap-default\">\n\t\t\t\t\t<div class=\"elementor-column elementor-col-100 elementor-top-column elementor-element elementor-element-d4dfc4e\" data-id=\"d4dfc4e\" data-element_type=\"column\">\n\t\t\t<div class=\"elementor-widget-wrap elementor-element-populated\">\n\t\t\t\t\t\t<div class=\"elementor-element elementor-element-d6235da elementor-widget elementor-widget-custom-title-addons\" data-id=\"d6235da\" data-element_type=\"widget\" data-widget_type=\"custom-title-addons.default\">\n\t\t\t\t<div class=\"elementor-widget-container\">\n\t\t\t\t\t<div class=\"tpc-double_heading\"><div class=\"dbl__subtitle\"><span>PROYECTOS<\/span><\/div><h3 class=\"dbl__title-wrapper\"><span class=\"dbl__title dbl-title_1\">Unidad Acad\u00e9mica de Desarrollo Biotecnol\u00f3gico<\/span><\/h3><\/div>\t\t\t\t<\/div>\n\t\t\t\t<\/div>\n\t\t\t\t\t<\/div>\n\t\t<\/div>\n\t\t\t\t\t<\/div>\n\t\t<\/section>\n\t\t\t\t<section class=\"elementor-section elementor-top-section elementor-element elementor-element-9100359 elementor-section-boxed elementor-section-height-default elementor-section-height-default\" data-id=\"9100359\" data-element_type=\"section\">\n\t\t\t\t\t\t<div class=\"elementor-container elementor-column-gap-default\">\n\t\t\t\t\t<div class=\"elementor-column elementor-col-100 elementor-top-column elementor-element elementor-element-7bbb71d\" data-id=\"7bbb71d\" data-element_type=\"column\">\n\t\t\t<div class=\"elementor-widget-wrap elementor-element-populated\">\n\t\t\t\t\t\t<div class=\"elementor-element elementor-element-ea9f2c0 elementor-widget elementor-widget-spacer\" data-id=\"ea9f2c0\" data-element_type=\"widget\" data-widget_type=\"spacer.default\">\n\t\t\t\t<div class=\"elementor-widget-container\">\n\t\t\t\t\t\t\t<div class=\"elementor-spacer\">\n\t\t\t<div class=\"elementor-spacer-inner\"><\/div>\n\t\t<\/div>\n\t\t\t\t\t\t<\/div>\n\t\t\t\t<\/div>\n\t\t\t\t\t<\/div>\n\t\t<\/div>\n\t\t\t\t\t<\/div>\n\t\t<\/section>\n\t\t\t\t<section class=\"elementor-section elementor-top-section elementor-element elementor-element-0e40477 elementor-section-boxed elementor-section-height-default elementor-section-height-default\" data-id=\"0e40477\" data-element_type=\"section\">\n\t\t\t\t\t\t<div class=\"elementor-container elementor-column-gap-default\">\n\t\t\t\t\t<div class=\"elementor-column elementor-col-100 elementor-top-column elementor-element elementor-element-7d67f3e\" data-id=\"7d67f3e\" data-element_type=\"column\">\n\t\t\t<div class=\"elementor-widget-wrap elementor-element-populated\">\n\t\t\t\t\t\t<div class=\"elementor-element elementor-element-7e68f4b elementor-widget elementor-widget-text-editor\" data-id=\"7e68f4b\" data-element_type=\"widget\" data-widget_type=\"text-editor.default\">\n\t\t\t\t<div class=\"elementor-widget-container\">\n\t\t\t\t\t\t\t\t\t<ul><li><strong>Desarrollo y evaluaci\u00f3n de nuevas vacunas contra tres pat\u00f3genos bovinos de importancia econ\u00f3mica en Uruguay (inicio 03\/2024)<br \/><br \/><\/strong>Financiaci\u00f3n: Instituto Nacional de Investigaci\u00f3n Agropecuaria (INIA)<br \/>Responsable: Alejandro Chabalgoity<br \/>Equipo: Anal\u00eda Rial, Andrea Rossi, Mariana Rivera, Julio Guarnaschellil, Andres Iriarte, Fernando Silveira, Sebast\u00edan Miles, Lucia Yim, Ulises Cuore, R. Colina, L. Maya<\/li><\/ul><ul><li><strong>Evaluaci\u00f3n de anticuerpos anti toxina botul\u00ednica en pacientes refractarios al tratamiento con toxina botul\u00ednica (08\/2023)<\/strong><br \/><br \/>Financiaci\u00f3n: Programa Despegue Cient\u00edfico 2023 (PEDECIBA)<br \/>Responsable: Amy M\u00f3naco<br \/>Equipo: Magdalena Vola, Pablo Ifr\u00e1n<\/li><li><strong>Salmonella como vector para nuevas vacunas e inmunoterapias (inicio 07\/2023)<\/strong><br \/><br \/>Financiaci\u00f3n: Comisi\u00f3n Sectorial de Investigaci\u00f3n Cient\u00edfica (CSIC)<br \/>Responsable: Alejandro Chabalgoity<br \/>Equipo: Mar\u00eda Moreno, Amy M\u00f3naco, Sof\u00eda Chilibroste, Javier Calvelo, Mar\u00eda Clara Plata, Magdalena Vola, Luc\u00eda Yim.<\/li><li><strong>Prote\u00ednas recombinantes derivadas de toxinas de Clostridium adecuadas para el desarrollo de vacunas II (inicio 04\/2023)<\/strong><br \/><br \/>Financiaci\u00f3n: Prondil S.A., Uruguay<br \/>Responsable: Alejandro Chabalgoity<\/li><li><strong>Epidemiolog\u00eda molecular y determinantes de patogenicidad en cepas de Salmonella enterica con habilidad epid\u00e9mica y patog\u00e9nica diferencial (inicio 04\/2023)<\/strong><br \/><br \/>Financiaci\u00f3n: Comisi\u00f3n Sectorial de Investigaci\u00f3n Cient\u00edfica (CSIC)<br \/>Responsable: Luc\u00eda Yim y Laura Betancor<br \/>Equipo: Bruno D\u00b4Alessandro, Adriana Martinez, Mateo Olivero, Alejandro Chabalgoity, Mariela Bollati, Saira Cancela, Amy M\u00f3naco.<\/li><li><strong>Proteoma de la interacci\u00f3n Salmonella-tumor como herramienta para profundizar en el efecto antimelanoma de Salmonella (inicio 03\/2023)<br \/><br \/><\/strong>Financiaci\u00f3n: Agencia Nacional de Investigaci\u00f3n e Innovaci\u00f3n, Uruguay (ANII)<br \/>Responsable: Amy M\u00f3naco<br \/>Equipo: Luc\u00eda Yim, Mar\u00eda Moreno, Sebasti\u00e1n Miles, Alejandro Chabalgoity, Sof\u00eda Chilibroste, Antonella Quintana, Mar\u00eda Clara Plata.<\/li><li><strong>Nanopart\u00edculas en base a saponinas de Quillaja brasiliensis (IMXQB-TIV): adyuvantes para potenciar vacunas en sistemas inmunol\u00f3gicos senescentes (inicio 12\/2022)<br \/><br \/><\/strong>Financiaci\u00f3n: Comisi\u00f3n Sectorial de Investigaci\u00f3n Cient\u00edfica (CSIC)<br \/>Responsable: Fernando Silveira<br \/>Equipo: Norma Suarez, Iris Martinez Miraballes, Victor Morais, Cibulsky.<\/li><li><strong>Mecanismos moleculares involucrados en la efectividad antitumoral de Salmonella: estudios del rol de la inmunidad entrenada y autofagia (inicio 04\/2022)<br \/><br \/><\/strong>Financiaci\u00f3n: Agencia Nacional de Investigaci\u00f3n e Innovaci\u00f3n (ANII)<br \/>Responsable: Alejandro Chabalgoity<br \/>Equipo: Sof\u00eda Chilibroste, Mar\u00eda Moreno, Amy M\u00f3naco, Sof\u00eda Grille, Mar\u00eda Clara Plata, Magdalena Vola.<\/li><li><strong>Desarrollo y evaluaci\u00f3n pre-cl\u00ednica de una vacuna oral contra SARS-CoV-2 (inicio 04\/2022)<br \/><br \/><\/strong>Financiaci\u00f3n: Agencia Nacional de Investigaci\u00f3n e Innovaci\u00f3n (ANII)<br \/>Responsable: Mar\u00eda Moreno<br \/>Equipo: Alejandro Chabalgoity, Luc\u00eda Yim, Amy M\u00f3naco, Sof\u00eda Chilibroste, Mariana Rivera, Mar\u00eda Clara Plata, Eugenia Gutierrez<\/li><li><strong>Gen\u00f3mica funcional del pat\u00f3geno zoon\u00f3tico emergente Staphylococcus pseudintermedius como base para el estudio de la Sensibilidad Colateral, una estrategia innovadora para combatir la resistencia antibi\u00f3tica (inicio 2022)<br \/><br \/><\/strong>Financiaci\u00f3n: Comisi\u00f3n Sectorial de Investigaci\u00f3n Cient\u00edfica (CSIC) I+D<br \/>Responsable: Andr\u00e9s Iriarte<\/li><li><strong>Optimizaci\u00f3n de la producci\u00f3n de la toxina C recombinante de Clostridium botulinum tipo C, y evaluaci\u00f3n de su inmunogenicidad en un modelo murino (inicio 02\/2022)<br \/><br \/><\/strong>Financiaci\u00f3n: Comisi\u00f3n Sectorial de Investigaci\u00f3n Cient\u00edfica<br \/>Responsable: Mariana Rivera, Anal\u00eda Rial<br \/>Equipo: Oriana G\u00e1spari, Nicol\u00e1s Delgado, Camila Sena, Luc\u00eda Hern\u00e1ndez, Ger\u00f3nimo Viera, Jorge Cabrera, Nicol\u00e1s Jaureguy, Roc\u00edo Aicardi, Franco Milas.<\/li><li><strong>Evaluaci\u00f3n de la respuesta inmune inducidas por vacunas clostridiales multivalentes conteniendo ant\u00edgenos nativos y recombinantes en especies destino (bovinos y ovinos) (inicio 03\/2021)<br \/><br \/><\/strong>Financiaci\u00f3n: MSD Animal Health<br \/>Responsable: Alejandro Chabalgoity, Andrea Rossi<br \/>Equipo: Mariana Rivera, Anal\u00eda Rial, Julio Guarnaschelli.<\/li><\/ul>\t\t\t\t\t\t\t\t<\/div>\n\t\t\t\t<\/div>\n\t\t\t\t\t<\/div>\n\t\t<\/div>\n\t\t\t\t\t<\/div>\n\t\t<\/section>\n\t\t\t\t<section class=\"elementor-section elementor-top-section elementor-element elementor-element-42715b6 elementor-section-boxed elementor-section-height-default elementor-section-height-default\" data-id=\"42715b6\" data-element_type=\"section\">\n\t\t\t\t\t\t<div class=\"elementor-container elementor-column-gap-default\">\n\t\t\t\t\t<div class=\"elementor-column elementor-col-100 elementor-top-column elementor-element elementor-element-9e06373\" data-id=\"9e06373\" data-element_type=\"column\">\n\t\t\t<div class=\"elementor-widget-wrap elementor-element-populated\">\n\t\t\t\t\t\t<div class=\"elementor-element elementor-element-6811cb7 elementor-widget elementor-widget-spacer\" data-id=\"6811cb7\" data-element_type=\"widget\" data-widget_type=\"spacer.default\">\n\t\t\t\t<div class=\"elementor-widget-container\">\n\t\t\t\t\t\t\t<div class=\"elementor-spacer\">\n\t\t\t<div class=\"elementor-spacer-inner\"><\/div>\n\t\t<\/div>\n\t\t\t\t\t\t<\/div>\n\t\t\t\t<\/div>\n\t\t\t\t\t<\/div>\n\t\t<\/div>\n\t\t\t\t\t<\/div>\n\t\t<\/section>\n\t\t\t\t<\/div>\n\t\t","protected":false},"excerpt":{"rendered":"<p>Inicio Integrantes Cursos L\u00edneas de Investigaci\u00f3n Proyectos Producci\u00f3n cient\u00edfica Extensi\u00f3n Links de inter\u00e9s Inicio Integrantes Cursos L\u00edneas de Investigaci\u00f3n Proyectos&#8230;<\/p>\n","protected":false},"author":1,"featured_media":0,"parent":0,"menu_order":0,"comment_status":"closed","ping_status":"closed","template":"","meta":{"_acf_changed":false,"footnotes":""},"class_list":["post-8636","page","type-page","status-publish","hentry"],"acf":[],"_links":{"self":[{"href":"https:\/\/higiene.edu.uy\/desarrollo-biotecnologico\/wp-json\/wp\/v2\/pages\/8636","targetHints":{"allow":["GET"]}}],"collection":[{"href":"https:\/\/higiene.edu.uy\/desarrollo-biotecnologico\/wp-json\/wp\/v2\/pages"}],"about":[{"href":"https:\/\/higiene.edu.uy\/desarrollo-biotecnologico\/wp-json\/wp\/v2\/types\/page"}],"author":[{"embeddable":true,"href":"https:\/\/higiene.edu.uy\/desarrollo-biotecnologico\/wp-json\/wp\/v2\/users\/1"}],"replies":[{"embeddable":true,"href":"https:\/\/higiene.edu.uy\/desarrollo-biotecnologico\/wp-json\/wp\/v2\/comments?post=8636"}],"version-history":[{"count":37,"href":"https:\/\/higiene.edu.uy\/desarrollo-biotecnologico\/wp-json\/wp\/v2\/pages\/8636\/revisions"}],"predecessor-version":[{"id":9337,"href":"https:\/\/higiene.edu.uy\/desarrollo-biotecnologico\/wp-json\/wp\/v2\/pages\/8636\/revisions\/9337"}],"wp:attachment":[{"href":"https:\/\/higiene.edu.uy\/desarrollo-biotecnologico\/wp-json\/wp\/v2\/media?parent=8636"}],"curies":[{"name":"wp","href":"https:\/\/api.w.org\/{rel}","templated":true}]}}