{"id":8570,"date":"2022-03-19T10:25:47","date_gmt":"2022-03-19T13:25:47","guid":{"rendered":"https:\/\/higiene.edu.uy\/biologia-parasitaria\/?page_id=8570"},"modified":"2025-09-26T10:19:37","modified_gmt":"2025-09-26T13:19:37","slug":"integrantes","status":"publish","type":"page","link":"https:\/\/higiene.edu.uy\/biologia-parasitaria\/integrantes\/","title":{"rendered":"Integrantes"},"content":{"rendered":"\t\t<div data-elementor-type=\"wp-page\" data-elementor-id=\"8570\" class=\"elementor elementor-8570\">\n\t\t\t\t\t\t<section class=\"elementor-section elementor-top-section elementor-element elementor-element-2f7711f elementor-section-full_width elementor-section-stretched elementor-section-height-default elementor-section-height-default\" data-id=\"2f7711f\" data-element_type=\"section\" data-settings=\"{&quot;background_background&quot;:&quot;classic&quot;,&quot;stretch_section&quot;:&quot;section-stretched&quot;}\">\n\t\t\t\t\t\t<div class=\"elementor-container elementor-column-gap-default\">\n\t\t\t\t\t<div class=\"elementor-column elementor-col-100 elementor-top-column elementor-element elementor-element-62fb48f\" data-id=\"62fb48f\" data-element_type=\"column\">\n\t\t\t<div class=\"elementor-widget-wrap elementor-element-populated\">\n\t\t\t\t\t\t<div class=\"elementor-element elementor-element-d6341b3 edubin-nav-menu-breakpoint-big-tablet elementor-widget elementor-widget-edubin-header-menu\" data-id=\"d6341b3\" data-element_type=\"widget\" data-widget_type=\"edubin-header-menu.default\">\n\t\t\t\t<div class=\"elementor-widget-container\">\n\t\t\t\t\t<div class=\"edubin-nav-menu-wrapper edubin-header-area edubin-navbar-expand-lg edubin-elementor-nav-menu-wrapper\"><nav class=\"main-navigation edubin-navbar-collapse edubin-elementor-nav\"><ul id=\"menu-1-d6341b3\" class=\"edubin-navbar-nav edubin-navbar-right nav-menu edubin-nav-ul-wrapper\"><li itemscope=\"itemscope\" itemtype=\"https:\/\/www.schema.org\/SiteNavigationElement\" id=\"menu-item-8659\" class=\"menu-item menu-item-type-custom menu-item-object-custom nav-item menu-item-8659\"><a class=\"nav-link\" href=\"\/biologia-parasitaria\/\">Inicio<\/a><\/li>\n<li itemscope=\"itemscope\" itemtype=\"https:\/\/www.schema.org\/SiteNavigationElement\" id=\"menu-item-8319\" class=\"menu-item menu-item-type-custom menu-item-object-custom nav-item menu-item-8319\"><a class=\"nav-link\" href=\"\/biologia-parasitaria\/integrantes\">Integrantes<\/a><\/li>\n<li itemscope=\"itemscope\" itemtype=\"https:\/\/www.schema.org\/SiteNavigationElement\" id=\"menu-item-8585\" class=\"menu-item menu-item-type-custom menu-item-object-custom nav-item menu-item-8585\"><a class=\"nav-link\" href=\"\/biologia-parasitaria\/cursos\">Cursos<\/a><\/li>\n<li itemscope=\"itemscope\" itemtype=\"https:\/\/www.schema.org\/SiteNavigationElement\" id=\"menu-item-8586\" class=\"menu-item menu-item-type-custom menu-item-object-custom nav-item menu-item-8586\"><a class=\"nav-link\" href=\"\/biologia-parasitaria\/lineas-de-investigacion\">L\u00edneas de Investigaci\u00f3n<\/a><\/li>\n<li itemscope=\"itemscope\" itemtype=\"https:\/\/www.schema.org\/SiteNavigationElement\" id=\"menu-item-8644\" class=\"menu-item menu-item-type-custom menu-item-object-custom nav-item menu-item-8644\"><a class=\"nav-link\" href=\"\/biologia-parasitaria\/proyectos\">Proyectos<\/a><\/li>\n<li itemscope=\"itemscope\" itemtype=\"https:\/\/www.schema.org\/SiteNavigationElement\" id=\"menu-item-8582\" class=\"menu-item menu-item-type-custom menu-item-object-custom nav-item menu-item-8582\"><a class=\"nav-link\" href=\"\/biologia-parasitaria\/produccion-cientifica\">Producci\u00f3n cient\u00edfica<\/a><\/li>\n<li itemscope=\"itemscope\" itemtype=\"https:\/\/www.schema.org\/SiteNavigationElement\" id=\"menu-item-8583\" class=\"menu-item menu-item-type-custom menu-item-object-custom nav-item menu-item-8583\"><a class=\"nav-link\" href=\"\/biologia-parasitaria\/extension\">Extensi\u00f3n<\/a><\/li>\n<li itemscope=\"itemscope\" itemtype=\"https:\/\/www.schema.org\/SiteNavigationElement\" id=\"menu-item-8581\" class=\"menu-item menu-item-type-custom menu-item-object-custom nav-item menu-item-8581\"><a class=\"nav-link\" href=\"\/biologia-parasitaria\/links-de-interes\">Links de inter\u00e9s<\/a><\/li>\n<\/ul><\/nav><div class=\"edubin-default-header-mobile-navbar edubin-mobile-menu\"><div class=\"edubin-elementor-mobile-menu-overlay\"><\/div><div class=\"edubin-elementor-mobile-hamburger-menu\"><a href=\"javascript:void(0);\"><svg xmlns=\"http:\/\/www.w3.org\/2000\/svg\" xmlns:xlink=\"http:\/\/www.w3.org\/1999\/xlink\" id=\"Capa_1\" x=\"0px\" y=\"0px\" viewBox=\"0 0 448 512\" style=\"enable-background:new 0 0 448 512;\" xml:space=\"preserve\"><style type=\"text\/css\">\t.st0{fill:#FFFFFF;}<\/style><path class=\"st0\" d=\"M0,96c0-17.7,14.3-32,32-32h384c17.7,0,32,14.3,32,32s-14.3,32-32,32H32C14.3,128,0,113.7,0,96z M0,256 c0-17.7,14.3-32,32-32h384c17.7,0,32,14.3,32,32s-14.3,32-32,32H32C14.3,288,0,273.7,0,256z M448,416c0,17.7-14.3,32-32,32H32 c-17.7,0-32-14.3-32-32s14.3-32,32-32h384C433.7,384,448,398.3,448,416z\"><\/path><\/svg><\/a><\/div><div class=\"edubin-mobile-menu-nav-wrapper edubin-elementor-mobile-menu-nav-wrapper\"><div class=\"edubin-elementor-mobile-menu-close\"><a href=\"javascript:void(0);\"><i aria-hidden=\"true\" class=\"flaticon-cancel\"><\/i><\/a><\/div><ul id=\"edubin-elementor-mobile-menu-item\" class=\"edubin-elementor-mobile-menu-item\"><li itemscope=\"itemscope\" itemtype=\"https:\/\/www.schema.org\/SiteNavigationElement\" class=\"menu-item menu-item-type-custom menu-item-object-custom nav-item menu-item-8659\"><a class=\"nav-link\" href=\"\/biologia-parasitaria\/\">Inicio<\/a><\/li>\n<li itemscope=\"itemscope\" itemtype=\"https:\/\/www.schema.org\/SiteNavigationElement\" class=\"menu-item menu-item-type-custom menu-item-object-custom nav-item menu-item-8319\"><a class=\"nav-link\" href=\"\/biologia-parasitaria\/integrantes\">Integrantes<\/a><\/li>\n<li itemscope=\"itemscope\" itemtype=\"https:\/\/www.schema.org\/SiteNavigationElement\" class=\"menu-item menu-item-type-custom menu-item-object-custom nav-item menu-item-8585\"><a class=\"nav-link\" href=\"\/biologia-parasitaria\/cursos\">Cursos<\/a><\/li>\n<li itemscope=\"itemscope\" itemtype=\"https:\/\/www.schema.org\/SiteNavigationElement\" class=\"menu-item menu-item-type-custom menu-item-object-custom nav-item menu-item-8586\"><a class=\"nav-link\" href=\"\/biologia-parasitaria\/lineas-de-investigacion\">L\u00edneas de Investigaci\u00f3n<\/a><\/li>\n<li itemscope=\"itemscope\" itemtype=\"https:\/\/www.schema.org\/SiteNavigationElement\" class=\"menu-item menu-item-type-custom menu-item-object-custom nav-item menu-item-8644\"><a class=\"nav-link\" href=\"\/biologia-parasitaria\/proyectos\">Proyectos<\/a><\/li>\n<li itemscope=\"itemscope\" itemtype=\"https:\/\/www.schema.org\/SiteNavigationElement\" class=\"menu-item menu-item-type-custom menu-item-object-custom nav-item menu-item-8582\"><a class=\"nav-link\" href=\"\/biologia-parasitaria\/produccion-cientifica\">Producci\u00f3n cient\u00edfica<\/a><\/li>\n<li itemscope=\"itemscope\" itemtype=\"https:\/\/www.schema.org\/SiteNavigationElement\" class=\"menu-item menu-item-type-custom menu-item-object-custom nav-item menu-item-8583\"><a class=\"nav-link\" href=\"\/biologia-parasitaria\/extension\">Extensi\u00f3n<\/a><\/li>\n<li itemscope=\"itemscope\" itemtype=\"https:\/\/www.schema.org\/SiteNavigationElement\" class=\"menu-item menu-item-type-custom menu-item-object-custom nav-item menu-item-8581\"><a class=\"nav-link\" href=\"\/biologia-parasitaria\/links-de-interes\">Links de inter\u00e9s<\/a><\/li>\n<\/ul><\/div><\/div><\/div>\t\t\t\t<\/div>\n\t\t\t\t<\/div>\n\t\t\t\t\t<\/div>\n\t\t<\/div>\n\t\t\t\t\t<\/div>\n\t\t<\/section>\n\t\t\t\t<section class=\"elementor-section elementor-top-section elementor-element elementor-element-4cf40de elementor-section-boxed elementor-section-height-default elementor-section-height-default\" data-id=\"4cf40de\" data-element_type=\"section\">\n\t\t\t\t\t\t<div class=\"elementor-container elementor-column-gap-default\">\n\t\t\t\t\t<div class=\"elementor-column elementor-col-100 elementor-top-column elementor-element elementor-element-d535f69\" data-id=\"d535f69\" data-element_type=\"column\">\n\t\t\t<div class=\"elementor-widget-wrap elementor-element-populated\">\n\t\t\t\t\t\t<div class=\"elementor-element elementor-element-ab3c181 elementor-widget elementor-widget-spacer\" data-id=\"ab3c181\" data-element_type=\"widget\" data-widget_type=\"spacer.default\">\n\t\t\t\t<div class=\"elementor-widget-container\">\n\t\t\t\t\t\t\t<div class=\"elementor-spacer\">\n\t\t\t<div class=\"elementor-spacer-inner\"><\/div>\n\t\t<\/div>\n\t\t\t\t\t\t<\/div>\n\t\t\t\t<\/div>\n\t\t\t\t\t<\/div>\n\t\t<\/div>\n\t\t\t\t\t<\/div>\n\t\t<\/section>\n\t\t\t\t<section class=\"elementor-section elementor-top-section elementor-element elementor-element-0a1dad5 elementor-section-boxed elementor-section-height-default elementor-section-height-default\" data-id=\"0a1dad5\" data-element_type=\"section\">\n\t\t\t\t\t\t<div class=\"elementor-container elementor-column-gap-default\">\n\t\t\t\t\t<div class=\"elementor-column elementor-col-100 elementor-top-column elementor-element elementor-element-2bfe269\" data-id=\"2bfe269\" data-element_type=\"column\">\n\t\t\t<div class=\"elementor-widget-wrap\">\n\t\t\t\t\t\t\t<\/div>\n\t\t<\/div>\n\t\t\t\t\t<\/div>\n\t\t<\/section>\n\t\t\t\t<section class=\"elementor-section elementor-top-section elementor-element elementor-element-11f930c elementor-section-boxed elementor-section-height-default elementor-section-height-default\" data-id=\"11f930c\" data-element_type=\"section\">\n\t\t\t\t\t\t<div class=\"elementor-container elementor-column-gap-default\">\n\t\t\t\t\t<div class=\"elementor-column elementor-col-100 elementor-top-column elementor-element elementor-element-9c1ecb8\" data-id=\"9c1ecb8\" data-element_type=\"column\">\n\t\t\t<div class=\"elementor-widget-wrap elementor-element-populated\">\n\t\t\t\t\t\t<div class=\"elementor-element elementor-element-62543e6 elementor-widget-divider--view-line elementor-widget elementor-widget-divider\" data-id=\"62543e6\" data-element_type=\"widget\" data-widget_type=\"divider.default\">\n\t\t\t\t<div class=\"elementor-widget-container\">\n\t\t\t\t\t\t\t<div class=\"elementor-divider\">\n\t\t\t<span class=\"elementor-divider-separator\">\n\t\t\t\t\t\t<\/span>\n\t\t<\/div>\n\t\t\t\t\t\t<\/div>\n\t\t\t\t<\/div>\n\t\t\t\t<div class=\"elementor-element elementor-element-792128b elementor-widget elementor-widget-custom-title-addons\" data-id=\"792128b\" data-element_type=\"widget\" data-widget_type=\"custom-title-addons.default\">\n\t\t\t\t<div class=\"elementor-widget-container\">\n\t\t\t\t\t<div class=\"tpc-double_heading\"><div class=\"dbl__subtitle\"><span>INTEGRANTES<\/span><\/div><h3 class=\"dbl__title-wrapper\"><span class=\"dbl__title dbl-title_1\">Laboratorio de Biolog\u00eda Parasitaria<\/span><\/h3><\/div>\t\t\t\t<\/div>\n\t\t\t\t<\/div>\n\t\t\t\t\t<\/div>\n\t\t<\/div>\n\t\t\t\t\t<\/div>\n\t\t<\/section>\n\t\t\t\t<section class=\"elementor-section elementor-top-section elementor-element elementor-element-19f4e75 elementor-section-boxed elementor-section-height-default elementor-section-height-default\" data-id=\"19f4e75\" data-element_type=\"section\">\n\t\t\t\t\t\t<div class=\"elementor-container elementor-column-gap-default\">\n\t\t\t\t\t<div class=\"elementor-column elementor-col-100 elementor-top-column elementor-element elementor-element-07ed35e\" data-id=\"07ed35e\" data-element_type=\"column\">\n\t\t\t<div class=\"elementor-widget-wrap elementor-element-populated\">\n\t\t\t\t\t\t<div class=\"elementor-element elementor-element-5049ea1 elementor-widget elementor-widget-spacer\" data-id=\"5049ea1\" data-element_type=\"widget\" data-widget_type=\"spacer.default\">\n\t\t\t\t<div class=\"elementor-widget-container\">\n\t\t\t\t\t\t\t<div class=\"elementor-spacer\">\n\t\t\t<div class=\"elementor-spacer-inner\"><\/div>\n\t\t<\/div>\n\t\t\t\t\t\t<\/div>\n\t\t\t\t<\/div>\n\t\t\t\t\t<\/div>\n\t\t<\/div>\n\t\t\t\t\t<\/div>\n\t\t<\/section>\n\t\t\t\t<section class=\"elementor-section elementor-top-section elementor-element elementor-element-cafd994 elementor-section-boxed elementor-section-height-default elementor-section-height-default\" data-id=\"cafd994\" data-element_type=\"section\">\n\t\t\t\t\t\t<div class=\"elementor-container elementor-column-gap-default\">\n\t\t\t\t\t<div class=\"elementor-column elementor-col-100 elementor-top-column elementor-element elementor-element-1292a73\" data-id=\"1292a73\" data-element_type=\"column\">\n\t\t\t<div class=\"elementor-widget-wrap elementor-element-populated\">\n\t\t\t\t\t\t<div class=\"elementor-element elementor-element-8111463 elementor-widget elementor-widget-heading\" data-id=\"8111463\" data-element_type=\"widget\" data-widget_type=\"heading.default\">\n\t\t\t\t<div class=\"elementor-widget-container\">\n\t\t\t\t\t<h4 class=\"elementor-heading-title elementor-size-default\">PROFESORES AGREGADOS<\/h4>\t\t\t\t<\/div>\n\t\t\t\t<\/div>\n\t\t\t\t\t<\/div>\n\t\t<\/div>\n\t\t\t\t\t<\/div>\n\t\t<\/section>\n\t\t\t\t<section class=\"elementor-section elementor-top-section elementor-element elementor-element-ec8033a elementor-section-boxed elementor-section-height-default elementor-section-height-default\" data-id=\"ec8033a\" data-element_type=\"section\">\n\t\t\t\t\t\t<div class=\"elementor-container elementor-column-gap-default\">\n\t\t\t\t\t<div class=\"elementor-column elementor-col-100 elementor-top-column elementor-element elementor-element-0831949\" data-id=\"0831949\" data-element_type=\"column\">\n\t\t\t<div class=\"elementor-widget-wrap elementor-element-populated\">\n\t\t\t\t\t\t<div class=\"elementor-element elementor-element-52953c9 elementor-widget elementor-widget-shortcode\" data-id=\"52953c9\" data-element_type=\"widget\" data-widget_type=\"shortcode.default\">\n\t\t\t\t<div class=\"elementor-widget-container\">\n\t\t\t\t\t\t\t<div class=\"elementor-shortcode\"><div class=\"abcfslFiltersCntr abcfslMLRAuto  abcfslFItemMLR10\"><div class=\"abcfslFItemsCntr_8501 abcfslFItemsCntr\"><ul id=\"abcfslCAT\" class=\"abcfslTxtCenter\"><li><a class=\"fSelected\" href=\"https:\/\/higiene.edu.uy\/biologia-parasitaria\/integrantes\/?staff-category=grado-4\">PROFESORES AGREGADOS<\/a><\/li><\/ul><\/div><\/div><div class=\"abcfslGridCntr  abcfslMT50 abcfslMLRAuto SL_L_v162 abcfslGridCntr_8473\" style=\"width:80%; max-width:80%;\"><div class=\"abcfslItemCntrLst abcfslPadBMB30 abcfClrFix\"><div class=\"abcfslLstCol abcfslLstCol-2 abcfslImgColLst\"><div class=\"abcfslImgCntrLst abcfslMLRPc\"><img decoding=\"async\"  src=\"https:\/\/higiene.edu.uy\/biologia-parasitaria\/wp-content\/uploads\/sites\/8\/2022\/03\/Estela-Castillo-265x300.jpg\" alt=\"\" itemprop=\"image\"  \/><\/div><\/div><div class=\"abcfslLstCol abcfslLstCol-10 abcfslTxtColLst\"><div class=\"abcfslTxtCntrLst  abcfslPadLPc5\"><h3 class=\"MP-F1\"><span class=\"abcfslSpanMP1\">Estela <\/span><span class=\"abcfslSpanMP2\">Castillo <\/span><\/h3><div class=\"CE-F2\"><p><a href=\"mailto:ecastillo@higiene.edu.uy\" target=\"_blank\" rel=\"noopener\">ecastillo@higiene.edu.uy<\/a><\/p>\n<\/div><div class=\"abcfslSocialIconsA\"><a class=\"abcfslMR10\" href=\"https:\/\/export.cvuy.uy\/cv\/?5d0669d42e0d80b6cb5634ef49211157c243913c9e32c275766f120162dd6c5a784e2e9fa63ebe27ea2217f7dac949a48fe1f63637dbc307c26eba12aa7dac7a\" target=\"_blank\" rel=\"noopener\"><img decoding=\"async\"  src=\"https:\/\/higiene.edu.uy\/biologia-parasitaria\/wp-content\/plugins\/staff-list\/images\/32-70\/cvuy.png\" title=\"cvuy\" alt=\"cvuy\"  itemprop=\"image\"  \/><\/a><\/div><\/div><\/div><\/div><\/div><\/div>\n\t\t\t\t\t\t<\/div>\n\t\t\t\t<\/div>\n\t\t\t\t<section class=\"elementor-section elementor-inner-section elementor-element elementor-element-9152478 elementor-section-boxed elementor-section-height-default elementor-section-height-default\" data-id=\"9152478\" data-element_type=\"section\">\n\t\t\t\t\t\t<div class=\"elementor-container elementor-column-gap-default\">\n\t\t\t\t\t<div class=\"elementor-column elementor-col-100 elementor-inner-column elementor-element elementor-element-d151e3b\" data-id=\"d151e3b\" data-element_type=\"column\">\n\t\t\t<div class=\"elementor-widget-wrap elementor-element-populated\">\n\t\t\t\t\t\t<div class=\"elementor-element elementor-element-b4568a8 elementor-widget elementor-widget-heading\" data-id=\"b4568a8\" data-element_type=\"widget\" data-widget_type=\"heading.default\">\n\t\t\t\t<div class=\"elementor-widget-container\">\n\t\t\t\t\t<h4 class=\"elementor-heading-title elementor-size-default\">ASISTENTES<\/h4>\t\t\t\t<\/div>\n\t\t\t\t<\/div>\n\t\t\t\t\t<\/div>\n\t\t<\/div>\n\t\t\t\t\t<\/div>\n\t\t<\/section>\n\t\t\t\t<div class=\"elementor-element elementor-element-bd318d5 elementor-widget elementor-widget-shortcode\" data-id=\"bd318d5\" data-element_type=\"widget\" data-widget_type=\"shortcode.default\">\n\t\t\t\t<div class=\"elementor-widget-container\">\n\t\t\t\t\t\t\t<div class=\"elementor-shortcode\"><div class=\"abcfslFiltersCntr abcfslMLRAuto  abcfslFItemMLR10\"><div class=\"abcfslFItemsCntr_8561 abcfslFItemsCntr\"><ul id=\"abcfslCAT\" class=\"abcfslTxtCenter\"><li><a class=\"fSelected\" href=\"https:\/\/higiene.edu.uy\/biologia-parasitaria\/integrantes\/?staff-category=grado-2\">ASISTENTES<\/a><\/li><\/ul><\/div><\/div><div class=\"abcfslGridCntr  abcfslMT50 abcfslMLRAuto SL_L_v162 abcfslGridCntr_8473\" style=\"width:80%; max-width:80%;\"><div class=\"abcfslItemCntrLst abcfslPadBMB30 abcfClrFix\"><div class=\"abcfslLstCol abcfslLstCol-2 abcfslImgColLst\"><div class=\"abcfslImgCntrLst abcfslMLRPc\"><img decoding=\"async\"  src=\"https:\/\/higiene.edu.uy\/biologia-parasitaria\/wp-content\/uploads\/sites\/8\/2022\/03\/Patricia-Berasain-1-240x300.png\" alt=\"\" itemprop=\"image\"  \/><\/div><\/div><div class=\"abcfslLstCol abcfslLstCol-10 abcfslTxtColLst\"><div class=\"abcfslTxtCntrLst  abcfslPadLPc5\"><h3 class=\"MP-F1\"><span class=\"abcfslSpanMP1\">Patricia <\/span><span class=\"abcfslSpanMP2\">Berasain <\/span><\/h3><div class=\"CE-F2\"><p><a href=\"mailto:pberasai@higiene.edu.uy\" target=\"_blank\" rel=\"noopener\">pberasai@higiene.edu.uy<\/a><\/p>\n<\/div><div class=\"abcfslSocialIconsA\"><a class=\"abcfslMR10\" href=\"https:\/\/export.cvuy.uy\/cv\/?a06c761db9cc3cd46573e82aaf952046c6ea49784ede69b056b3f8b670bbfaeda6430e618f15404a9704dd3dfd3b533f94dccafd645c566432db278ffb526eab\" target=\"_blank\" rel=\"noopener\"><img decoding=\"async\"  src=\"https:\/\/higiene.edu.uy\/biologia-parasitaria\/wp-content\/plugins\/staff-list\/images\/32-70\/cvuy.png\" title=\"cvuy\" alt=\"cvuy\"  itemprop=\"image\"  \/><\/a><\/div><\/div><\/div><\/div><div class=\"abcfslItemCntrLst abcfslPadBMB30 abcfClrFix\"><div class=\"abcfslLstCol abcfslLstCol-2 abcfslImgColLst\"><div class=\"abcfslImgCntrLst abcfslMLRPc\"><img decoding=\"async\"  src=\"https:\/\/higiene.edu.uy\/biologia-parasitaria\/wp-content\/uploads\/sites\/8\/2022\/03\/Gabriela-Maggioli-1-240x300.png\" alt=\"\" itemprop=\"image\"  \/><\/div><\/div><div class=\"abcfslLstCol abcfslLstCol-10 abcfslTxtColLst\"><div class=\"abcfslTxtCntrLst  abcfslPadLPc5\"><h3 class=\"MP-F1\"><span class=\"abcfslSpanMP1\">Gabriela <\/span><span class=\"abcfslSpanMP2\">Maggioli <\/span><\/h3><div class=\"CE-F2\"><p><a href=\"mailto:gmaggioli@gmail.com\" target=\"_blank\" rel=\"noopener\">gmaggioli@gmail.com<\/a><\/p>\n<\/div><div class=\"abcfslSocialIconsA\"><a class=\"abcfslMR10\" href=\"https:\/\/export.cvuy.uy\/cvsni\/?urlId=9697ac427b875df6d78cd77e745dce28f92a93eea1e812131a58588a58ba8932c0e05fbe77aca0589b76d16be4fcc78466ab3e260e9c7538f430987a768060a8&#038;convocatoria=21&#038;formato=html\" target=\"_blank\" rel=\"noopener\"><img decoding=\"async\"  src=\"https:\/\/higiene.edu.uy\/biologia-parasitaria\/wp-content\/plugins\/staff-list\/images\/32-70\/cvuy.png\" title=\"cvuy\" alt=\"cvuy\"  itemprop=\"image\"  \/><\/a><\/div><\/div><\/div><\/div><div class=\"abcfslItemCntrLst abcfslPadBMB30 abcfClrFix\"><div class=\"abcfslLstCol abcfslLstCol-2 abcfslImgColLst\"><div class=\"abcfslImgCntrLst abcfslMLRPc\"><img decoding=\"async\"  src=\"https:\/\/higiene.edu.uy\/biologia-parasitaria\/wp-content\/uploads\/sites\/8\/2022\/03\/Jackeline-Checa-1-240x300.png\" alt=\"\" itemprop=\"image\"  \/><\/div><\/div><div class=\"abcfslLstCol abcfslLstCol-10 abcfslTxtColLst\"><div class=\"abcfslTxtCntrLst  abcfslPadLPc5\"><h3 class=\"MP-F1\"><span class=\"abcfslSpanMP1\">Jackeline <\/span><span class=\"abcfslSpanMP2\">Checa <\/span><\/h3><div class=\"CE-F2\"><p><a href=\"mailto:jackeline.checa@pedeciba.edu.uy\" target=\"_blank\" rel=\"noopener\">jackeline.checa@pedeciba.edu.<wbr \/>uy<\/a><\/p>\n<\/div><div class=\"abcfslSocialIconsA\"><a class=\"abcfslMR10\" href=\"https:\/\/export.cvuy.uy\/cv\/?c7c21cc931356f80e45fb8dcb3bf8803\" target=\"_blank\" rel=\"noopener\"><img decoding=\"async\"  src=\"https:\/\/higiene.edu.uy\/biologia-parasitaria\/wp-content\/plugins\/staff-list\/images\/32-70\/cvuy.png\" title=\"cvuy\" alt=\"cvuy\"  itemprop=\"image\"  \/><\/a><\/div><\/div><\/div><\/div><\/div><\/div>\n\t\t\t\t\t\t<\/div>\n\t\t\t\t<\/div>\n\t\t\t\t<section class=\"elementor-section elementor-inner-section elementor-element elementor-element-f631fee elementor-section-boxed elementor-section-height-default elementor-section-height-default\" data-id=\"f631fee\" data-element_type=\"section\">\n\t\t\t\t\t\t<div class=\"elementor-container elementor-column-gap-default\">\n\t\t\t\t\t<div class=\"elementor-column elementor-col-100 elementor-inner-column elementor-element elementor-element-596f42b\" data-id=\"596f42b\" data-element_type=\"column\">\n\t\t\t<div class=\"elementor-widget-wrap elementor-element-populated\">\n\t\t\t\t\t\t<div class=\"elementor-element elementor-element-6075ab7 elementor-widget elementor-widget-heading\" data-id=\"6075ab7\" data-element_type=\"widget\" data-widget_type=\"heading.default\">\n\t\t\t\t<div class=\"elementor-widget-container\">\n\t\t\t\t\t<h4 class=\"elementor-heading-title elementor-size-default\">AYUDANTES<\/h4>\t\t\t\t<\/div>\n\t\t\t\t<\/div>\n\t\t\t\t\t<\/div>\n\t\t<\/div>\n\t\t\t\t\t<\/div>\n\t\t<\/section>\n\t\t\t\t<div class=\"elementor-element elementor-element-36db674 elementor-widget elementor-widget-shortcode\" data-id=\"36db674\" data-element_type=\"widget\" data-widget_type=\"shortcode.default\">\n\t\t\t\t<div class=\"elementor-widget-container\">\n\t\t\t\t\t\t\t<div class=\"elementor-shortcode\"><div class=\"abcfslFiltersCntr abcfslMLRAuto  abcfslFItemMLR10\"><div class=\"abcfslFItemsCntr_8562 abcfslFItemsCntr\"><ul id=\"abcfslCAT\" class=\"abcfslTxtCenter\"><li><a class=\"fSelected\" href=\"https:\/\/higiene.edu.uy\/biologia-parasitaria\/integrantes\/?staff-category=grado-1\">AYUDANTES<\/a><\/li><\/ul><\/div><\/div><div class=\"abcfslGridCntr  abcfslMT50 abcfslMLRAuto SL_L_v162 abcfslGridCntr_8473\" style=\"width:80%; max-width:80%;\"><\/div><\/div>\n\t\t\t\t\t\t<\/div>\n\t\t\t\t<\/div>\n\t\t\t\t<section class=\"elementor-section elementor-inner-section elementor-element elementor-element-c9a0842 elementor-section-boxed elementor-section-height-default elementor-section-height-default\" data-id=\"c9a0842\" data-element_type=\"section\">\n\t\t\t\t\t\t<div class=\"elementor-container elementor-column-gap-default\">\n\t\t\t\t\t<div class=\"elementor-column elementor-col-100 elementor-inner-column elementor-element elementor-element-364a877\" data-id=\"364a877\" data-element_type=\"column\">\n\t\t\t<div class=\"elementor-widget-wrap elementor-element-populated\">\n\t\t\t\t\t\t<div class=\"elementor-element elementor-element-fdf37ef elementor-widget elementor-widget-heading\" data-id=\"fdf37ef\" data-element_type=\"widget\" data-widget_type=\"heading.default\">\n\t\t\t\t<div class=\"elementor-widget-container\">\n\t\t\t\t\t<h4 class=\"elementor-heading-title elementor-size-default\">ESTUDIANTES<\/h4>\t\t\t\t<\/div>\n\t\t\t\t<\/div>\n\t\t\t\t\t<\/div>\n\t\t<\/div>\n\t\t\t\t\t<\/div>\n\t\t<\/section>\n\t\t\t\t<div class=\"elementor-element elementor-element-e33b1d3 elementor-widget elementor-widget-shortcode\" data-id=\"e33b1d3\" data-element_type=\"widget\" data-widget_type=\"shortcode.default\">\n\t\t\t\t<div class=\"elementor-widget-container\">\n\t\t\t\t\t\t\t<div class=\"elementor-shortcode\"><div class=\"abcfslFiltersCntr abcfslMLRAuto  abcfslFItemMLR10\"><div class=\"abcfslFItemsCntr_8565 abcfslFItemsCntr\"><ul id=\"abcfslCAT\" class=\"abcfslTxtCenter\"><li><a class=\"fSelected\" href=\"https:\/\/higiene.edu.uy\/biologia-parasitaria\/integrantes\/?staff-category=estudiantes\">ESTUDIANTES<\/a><\/li><\/ul><\/div><\/div><div class=\"abcfslGridCntr  abcfslMT50 abcfslMLRAuto SL_L_v162 abcfslGridCntr_8473\" style=\"width:80%; max-width:80%;\"><\/div><\/div>\n\t\t\t\t\t\t<\/div>\n\t\t\t\t<\/div>\n\t\t\t\t\t<\/div>\n\t\t<\/div>\n\t\t\t\t\t<\/div>\n\t\t<\/section>\n\t\t\t\t<section class=\"elementor-section elementor-top-section elementor-element elementor-element-9eb0d71 elementor-section-boxed elementor-section-height-default elementor-section-height-default\" data-id=\"9eb0d71\" data-element_type=\"section\">\n\t\t\t\t\t\t<div class=\"elementor-container elementor-column-gap-default\">\n\t\t\t\t\t<div class=\"elementor-column elementor-col-100 elementor-top-column elementor-element elementor-element-12eb9c0\" data-id=\"12eb9c0\" data-element_type=\"column\">\n\t\t\t<div class=\"elementor-widget-wrap elementor-element-populated\">\n\t\t\t\t\t\t<div class=\"elementor-element elementor-element-60259d6 elementor-widget elementor-widget-spacer\" data-id=\"60259d6\" data-element_type=\"widget\" data-widget_type=\"spacer.default\">\n\t\t\t\t<div class=\"elementor-widget-container\">\n\t\t\t\t\t\t\t<div class=\"elementor-spacer\">\n\t\t\t<div class=\"elementor-spacer-inner\"><\/div>\n\t\t<\/div>\n\t\t\t\t\t\t<\/div>\n\t\t\t\t<\/div>\n\t\t\t\t\t<\/div>\n\t\t<\/div>\n\t\t\t\t\t<\/div>\n\t\t<\/section>\n\t\t\t\t<\/div>\n\t\t","protected":false},"excerpt":{"rendered":"<p>Inicio Integrantes Cursos L\u00edneas de Investigaci\u00f3n Proyectos Producci\u00f3n cient\u00edfica Extensi\u00f3n Links de inter\u00e9s .st0{fill:#FFFFFF;} Inicio Integrantes Cursos L\u00edneas de Investigaci\u00f3n&#8230;<\/p>\n","protected":false},"author":1,"featured_media":0,"parent":0,"menu_order":0,"comment_status":"closed","ping_status":"closed","template":"","meta":{"_acf_changed":false,"footnotes":""},"class_list":["post-8570","page","type-page","status-publish","hentry"],"acf":[],"_links":{"self":[{"href":"https:\/\/higiene.edu.uy\/biologia-parasitaria\/wp-json\/wp\/v2\/pages\/8570","targetHints":{"allow":["GET"]}}],"collection":[{"href":"https:\/\/higiene.edu.uy\/biologia-parasitaria\/wp-json\/wp\/v2\/pages"}],"about":[{"href":"https:\/\/higiene.edu.uy\/biologia-parasitaria\/wp-json\/wp\/v2\/types\/page"}],"author":[{"embeddable":true,"href":"https:\/\/higiene.edu.uy\/biologia-parasitaria\/wp-json\/wp\/v2\/users\/1"}],"replies":[{"embeddable":true,"href":"https:\/\/higiene.edu.uy\/biologia-parasitaria\/wp-json\/wp\/v2\/comments?post=8570"}],"version-history":[{"count":37,"href":"https:\/\/higiene.edu.uy\/biologia-parasitaria\/wp-json\/wp\/v2\/pages\/8570\/revisions"}],"predecessor-version":[{"id":9112,"href":"https:\/\/higiene.edu.uy\/biologia-parasitaria\/wp-json\/wp\/v2\/pages\/8570\/revisions\/9112"}],"wp:attachment":[{"href":"https:\/\/higiene.edu.uy\/biologia-parasitaria\/wp-json\/wp\/v2\/media?parent=8570"}],"curies":[{"name":"wp","href":"https:\/\/api.w.org\/{rel}","templated":true}]}}