{"id":8636,"date":"2022-03-19T12:39:49","date_gmt":"2022-03-19T15:39:49","guid":{"rendered":"https:\/\/higiene.edu.uy\/bacteriologia-y-virologia\/?page_id=8636"},"modified":"2025-01-14T17:00:59","modified_gmt":"2025-01-14T20:00:59","slug":"proyectos","status":"publish","type":"page","link":"https:\/\/higiene.edu.uy\/bacteriologia-y-virologia\/proyectos\/","title":{"rendered":"Proyectos"},"content":{"rendered":"\t\t<div data-elementor-type=\"wp-page\" data-elementor-id=\"8636\" class=\"elementor elementor-8636\">\n\t\t\t\t\t\t<section class=\"elementor-section elementor-top-section elementor-element elementor-element-ae1726d elementor-section-full_width elementor-section-height-default elementor-section-height-default\" data-id=\"ae1726d\" data-element_type=\"section\" data-settings=\"{&quot;background_background&quot;:&quot;classic&quot;}\">\n\t\t\t\t\t\t<div class=\"elementor-container elementor-column-gap-default\">\n\t\t\t\t\t<div class=\"elementor-column elementor-col-100 elementor-top-column elementor-element elementor-element-8df4758\" data-id=\"8df4758\" data-element_type=\"column\">\n\t\t\t<div class=\"elementor-widget-wrap elementor-element-populated\">\n\t\t\t\t\t\t<div class=\"elementor-element elementor-element-4a27060 edubin-nav-menu-breakpoint-big-tablet elementor-widget elementor-widget-edubin-header-menu\" data-id=\"4a27060\" data-element_type=\"widget\" data-widget_type=\"edubin-header-menu.default\">\n\t\t\t\t<div class=\"elementor-widget-container\">\n\t\t\t\t\t<div class=\"edubin-nav-menu-wrapper edubin-header-area edubin-navbar-expand-lg edubin-elementor-nav-menu-wrapper\"><nav class=\"main-navigation edubin-navbar-collapse edubin-elementor-nav\"><ul id=\"menu-1-4a27060\" class=\"edubin-navbar-nav edubin-navbar-right nav-menu edubin-nav-ul-wrapper\"><li itemscope=\"itemscope\" itemtype=\"https:\/\/www.schema.org\/SiteNavigationElement\" id=\"menu-item-8659\" class=\"menu-item menu-item-type-custom menu-item-object-custom nav-item menu-item-8659\"><a class=\"nav-link\" href=\"\/bacteriologia-y-virologia\/\">Inicio<\/a><\/li>\n<li itemscope=\"itemscope\" itemtype=\"https:\/\/www.schema.org\/SiteNavigationElement\" id=\"menu-item-8319\" class=\"menu-item menu-item-type-custom menu-item-object-custom nav-item menu-item-8319\"><a class=\"nav-link\" href=\"\/bacteriologia-y-virologia\/integrantes\">Integrantes<\/a><\/li>\n<li itemscope=\"itemscope\" itemtype=\"https:\/\/www.schema.org\/SiteNavigationElement\" id=\"menu-item-8585\" class=\"menu-item menu-item-type-custom menu-item-object-custom nav-item menu-item-8585\"><a class=\"nav-link\" href=\"\/bacteriologia-y-virologia\/cursos\">Cursos<\/a><\/li>\n<li itemscope=\"itemscope\" itemtype=\"https:\/\/www.schema.org\/SiteNavigationElement\" id=\"menu-item-8586\" class=\"menu-item menu-item-type-custom menu-item-object-custom nav-item menu-item-8586\"><a class=\"nav-link\" href=\"\/bacteriologia-y-virologia\/lineas-de-investigacion\">L\u00edneas de Investigaci\u00f3n<\/a><\/li>\n<li itemscope=\"itemscope\" itemtype=\"https:\/\/www.schema.org\/SiteNavigationElement\" id=\"menu-item-8644\" class=\"menu-item menu-item-type-custom menu-item-object-custom nav-item menu-item-8644\"><a class=\"nav-link\" href=\"\/bacteriologia-y-virologia\/proyectos\">Proyectos<\/a><\/li>\n<li itemscope=\"itemscope\" itemtype=\"https:\/\/www.schema.org\/SiteNavigationElement\" id=\"menu-item-8582\" class=\"menu-item menu-item-type-custom menu-item-object-custom nav-item menu-item-8582\"><a class=\"nav-link\" href=\"\/bacteriologia-y-virologia\/produccion-cientifica\">Producci\u00f3n cient\u00edfica<\/a><\/li>\n<li itemscope=\"itemscope\" itemtype=\"https:\/\/www.schema.org\/SiteNavigationElement\" id=\"menu-item-8583\" class=\"menu-item menu-item-type-custom menu-item-object-custom nav-item menu-item-8583\"><a class=\"nav-link\" href=\"\/bacteriologia-y-virologia\/extension\">Extensi\u00f3n<\/a><\/li>\n<li itemscope=\"itemscope\" itemtype=\"https:\/\/www.schema.org\/SiteNavigationElement\" id=\"menu-item-8581\" class=\"menu-item menu-item-type-custom menu-item-object-custom nav-item menu-item-8581\"><a class=\"nav-link\" href=\"\/bacteriologia-y-virologia\/links-de-interes\">Links de inter\u00e9s<\/a><\/li>\n<\/ul><\/nav><div class=\"edubin-default-header-mobile-navbar edubin-mobile-menu\"><div class=\"edubin-elementor-mobile-menu-overlay\"><\/div><div class=\"edubin-elementor-mobile-hamburger-menu\"><a href=\"javascript:void(0);\"><svg xmlns=\"http:\/\/www.w3.org\/2000\/svg\" xmlns:xlink=\"http:\/\/www.w3.org\/1999\/xlink\" id=\"Capa_1\" x=\"0px\" y=\"0px\" viewBox=\"0 0 448 512\" style=\"enable-background:new 0 0 448 512;\" xml:space=\"preserve\"><style type=\"text\/css\">\t.st0{fill:#FFFFFF;}<\/style><path class=\"st0\" d=\"M0,96c0-17.7,14.3-32,32-32h384c17.7,0,32,14.3,32,32s-14.3,32-32,32H32C14.3,128,0,113.7,0,96z M0,256 c0-17.7,14.3-32,32-32h384c17.7,0,32,14.3,32,32s-14.3,32-32,32H32C14.3,288,0,273.7,0,256z M448,416c0,17.7-14.3,32-32,32H32 c-17.7,0-32-14.3-32-32s14.3-32,32-32h384C433.7,384,448,398.3,448,416z\"><\/path><\/svg><\/a><\/div><div class=\"edubin-mobile-menu-nav-wrapper edubin-elementor-mobile-menu-nav-wrapper\"><div class=\"edubin-elementor-mobile-menu-close\"><a href=\"javascript:void(0);\"><i aria-hidden=\"true\" class=\"flaticon-cancel\"><\/i><\/a><\/div><ul id=\"edubin-elementor-mobile-menu-item\" class=\"edubin-elementor-mobile-menu-item\"><li itemscope=\"itemscope\" itemtype=\"https:\/\/www.schema.org\/SiteNavigationElement\" class=\"menu-item menu-item-type-custom menu-item-object-custom nav-item menu-item-8659\"><a class=\"nav-link\" href=\"\/bacteriologia-y-virologia\/\">Inicio<\/a><\/li>\n<li itemscope=\"itemscope\" itemtype=\"https:\/\/www.schema.org\/SiteNavigationElement\" class=\"menu-item menu-item-type-custom menu-item-object-custom nav-item menu-item-8319\"><a class=\"nav-link\" href=\"\/bacteriologia-y-virologia\/integrantes\">Integrantes<\/a><\/li>\n<li itemscope=\"itemscope\" itemtype=\"https:\/\/www.schema.org\/SiteNavigationElement\" class=\"menu-item menu-item-type-custom menu-item-object-custom nav-item menu-item-8585\"><a class=\"nav-link\" href=\"\/bacteriologia-y-virologia\/cursos\">Cursos<\/a><\/li>\n<li itemscope=\"itemscope\" itemtype=\"https:\/\/www.schema.org\/SiteNavigationElement\" class=\"menu-item menu-item-type-custom menu-item-object-custom nav-item menu-item-8586\"><a class=\"nav-link\" href=\"\/bacteriologia-y-virologia\/lineas-de-investigacion\">L\u00edneas de Investigaci\u00f3n<\/a><\/li>\n<li itemscope=\"itemscope\" itemtype=\"https:\/\/www.schema.org\/SiteNavigationElement\" class=\"menu-item menu-item-type-custom menu-item-object-custom nav-item menu-item-8644\"><a class=\"nav-link\" href=\"\/bacteriologia-y-virologia\/proyectos\">Proyectos<\/a><\/li>\n<li itemscope=\"itemscope\" itemtype=\"https:\/\/www.schema.org\/SiteNavigationElement\" class=\"menu-item menu-item-type-custom menu-item-object-custom nav-item menu-item-8582\"><a class=\"nav-link\" href=\"\/bacteriologia-y-virologia\/produccion-cientifica\">Producci\u00f3n cient\u00edfica<\/a><\/li>\n<li itemscope=\"itemscope\" itemtype=\"https:\/\/www.schema.org\/SiteNavigationElement\" class=\"menu-item menu-item-type-custom menu-item-object-custom nav-item menu-item-8583\"><a class=\"nav-link\" href=\"\/bacteriologia-y-virologia\/extension\">Extensi\u00f3n<\/a><\/li>\n<li itemscope=\"itemscope\" itemtype=\"https:\/\/www.schema.org\/SiteNavigationElement\" class=\"menu-item menu-item-type-custom menu-item-object-custom nav-item menu-item-8581\"><a class=\"nav-link\" href=\"\/bacteriologia-y-virologia\/links-de-interes\">Links de inter\u00e9s<\/a><\/li>\n<\/ul><\/div><\/div><\/div>\t\t\t\t<\/div>\n\t\t\t\t<\/div>\n\t\t\t\t\t<\/div>\n\t\t<\/div>\n\t\t\t\t\t<\/div>\n\t\t<\/section>\n\t\t\t\t<section class=\"elementor-section elementor-top-section elementor-element elementor-element-f3bb3a9 elementor-section-full_width elementor-section-height-default elementor-section-height-default\" data-id=\"f3bb3a9\" data-element_type=\"section\">\n\t\t\t\t\t\t<div class=\"elementor-container elementor-column-gap-default\">\n\t\t\t\t\t<div class=\"elementor-column elementor-col-100 elementor-top-column elementor-element elementor-element-331a0c2\" data-id=\"331a0c2\" data-element_type=\"column\">\n\t\t\t<div class=\"elementor-widget-wrap elementor-element-populated\">\n\t\t\t\t\t\t<div class=\"elementor-element elementor-element-9c82dcc elementor-widget elementor-widget-spacer\" data-id=\"9c82dcc\" data-element_type=\"widget\" data-widget_type=\"spacer.default\">\n\t\t\t\t<div class=\"elementor-widget-container\">\n\t\t\t\t\t\t\t<div class=\"elementor-spacer\">\n\t\t\t<div class=\"elementor-spacer-inner\"><\/div>\n\t\t<\/div>\n\t\t\t\t\t\t<\/div>\n\t\t\t\t<\/div>\n\t\t\t\t\t<\/div>\n\t\t<\/div>\n\t\t\t\t\t<\/div>\n\t\t<\/section>\n\t\t\t\t<section class=\"elementor-section elementor-top-section elementor-element elementor-element-7148ad0 elementor-section-boxed elementor-section-height-default elementor-section-height-default\" data-id=\"7148ad0\" data-element_type=\"section\">\n\t\t\t\t\t\t<div class=\"elementor-container elementor-column-gap-default\">\n\t\t\t\t\t<div class=\"elementor-column elementor-col-100 elementor-top-column elementor-element elementor-element-b162693\" data-id=\"b162693\" data-element_type=\"column\">\n\t\t\t<div class=\"elementor-widget-wrap elementor-element-populated\">\n\t\t\t\t\t\t<div class=\"elementor-element elementor-element-2625b5c elementor-widget elementor-widget-custom-title-addons\" data-id=\"2625b5c\" data-element_type=\"widget\" data-widget_type=\"custom-title-addons.default\">\n\t\t\t\t<div class=\"elementor-widget-container\">\n\t\t\t\t\t<div class=\"tpc-double_heading\"><div class=\"dbl__subtitle\"><span>PROYECTOS<\/span><\/div><h3 class=\"dbl__title-wrapper\"><span class=\"dbl__title dbl-title_1\">Unidad Acad\u00e9mica de Bacteriolog\u00eda y Virolog\u00eda<\/span><\/h3><\/div>\t\t\t\t<\/div>\n\t\t\t\t<\/div>\n\t\t\t\t\t<\/div>\n\t\t<\/div>\n\t\t\t\t\t<\/div>\n\t\t<\/section>\n\t\t\t\t<section class=\"elementor-section elementor-top-section elementor-element elementor-element-db401c9 elementor-section-boxed elementor-section-height-default elementor-section-height-default\" data-id=\"db401c9\" data-element_type=\"section\">\n\t\t\t\t\t\t<div class=\"elementor-container elementor-column-gap-default\">\n\t\t\t\t\t<div class=\"elementor-column elementor-col-100 elementor-top-column elementor-element elementor-element-dd837a4\" data-id=\"dd837a4\" data-element_type=\"column\">\n\t\t\t<div class=\"elementor-widget-wrap elementor-element-populated\">\n\t\t\t\t\t\t<div class=\"elementor-element elementor-element-7ac4001 elementor-widget elementor-widget-spacer\" data-id=\"7ac4001\" data-element_type=\"widget\" data-widget_type=\"spacer.default\">\n\t\t\t\t<div class=\"elementor-widget-container\">\n\t\t\t\t\t\t\t<div class=\"elementor-spacer\">\n\t\t\t<div class=\"elementor-spacer-inner\"><\/div>\n\t\t<\/div>\n\t\t\t\t\t\t<\/div>\n\t\t\t\t<\/div>\n\t\t\t\t\t<\/div>\n\t\t<\/div>\n\t\t\t\t\t<\/div>\n\t\t<\/section>\n\t\t\t\t<section class=\"elementor-section elementor-top-section elementor-element elementor-element-bf526df elementor-section-boxed elementor-section-height-default elementor-section-height-default\" data-id=\"bf526df\" data-element_type=\"section\">\n\t\t\t\t\t\t<div class=\"elementor-container elementor-column-gap-default\">\n\t\t\t\t\t<div class=\"elementor-column elementor-col-100 elementor-top-column elementor-element elementor-element-a9cd5ed\" data-id=\"a9cd5ed\" data-element_type=\"column\">\n\t\t\t<div class=\"elementor-widget-wrap elementor-element-populated\">\n\t\t\t\t\t\t<div class=\"elementor-element elementor-element-eb3c427 elementor-widget elementor-widget-heading\" data-id=\"eb3c427\" data-element_type=\"widget\" data-widget_type=\"heading.default\">\n\t\t\t\t<div class=\"elementor-widget-container\">\n\t\t\t\t\t<h4 class=\"elementor-heading-title elementor-size-default\">Proyectos en curso<\/h4>\t\t\t\t<\/div>\n\t\t\t\t<\/div>\n\t\t\t\t\t<\/div>\n\t\t<\/div>\n\t\t\t\t\t<\/div>\n\t\t<\/section>\n\t\t\t\t<section class=\"elementor-section elementor-top-section elementor-element elementor-element-c6aba92 elementor-section-boxed elementor-section-height-default elementor-section-height-default\" data-id=\"c6aba92\" data-element_type=\"section\">\n\t\t\t\t\t\t<div class=\"elementor-container elementor-column-gap-default\">\n\t\t\t\t\t<div class=\"elementor-column elementor-col-100 elementor-top-column elementor-element elementor-element-d1acfdf\" data-id=\"d1acfdf\" data-element_type=\"column\">\n\t\t\t<div class=\"elementor-widget-wrap elementor-element-populated\">\n\t\t\t\t\t\t<div class=\"elementor-element elementor-element-1494bc6 elementor-widget elementor-widget-text-editor\" data-id=\"1494bc6\" data-element_type=\"widget\" data-widget_type=\"text-editor.default\">\n\t\t\t\t<div class=\"elementor-widget-container\">\n\t\t\t\t\t\t\t\t\t<ul><li>Trayectoria prote\u00f3mica de cepas de Escherichia coli productor de toxina Shiga (STEC). Perfil de expresi\u00f3n proteico intracelular en condiciones similares a las del tubo digestivo de los rumiantes y del intestino de los seres humanos\u201d. Proyecto I+D CSIC (2023-2025).<\/li><li>\u00abEpidemiolog\u00eda molecular y determinantes de patogenicidad en cepas de Salmonella enterica con habilidad epid\u00e9mica y patog\u00e9nica diferencial\u00bb. Responsables Laura Betancor y Luc\u00eda Yim. Programa grupos de investigaci\u00f3n, financiado por CSIC (2019- 2023).<\/li><li>\u00abEstudio comparativo de pl\u00e1smidos portadores de carbapenemasas en aislamientos de Enterobacterales\u00bb. Responsable: Bado I. Fecha: (03\/2022 \u2013 03\/2024). Fondos Vaz Ferreira, Uruguay, Apoyo financiero.<\/li><li>\u00abAbordaje metagen\u00f3mico a la vigilancia de la Resistencia a Antimicrobianos en el marco de Una Salud\u00bb. Responsables: Vignoli R y Caiata L. (05\/2022 \u2013 04\/2024). Agencia Nacional de Investigaci\u00f3n e Innovaci\u00f3n (Fondo Maria Vi\u00f1as), Uruguay, Apoyo financiero.<\/li><li>\u00abRed de Estudio Sistem\u00e1tico Interacad\u00e9mico de Resistencia (Resistire)\u00bb. Responsables: Gutkind G (Argentina), Vignoli R y Varela G (Uruguay). (11\/2020 -11\/2022). Internacional, Programa Iberoamericano de Ciencia Y Tecnolog\u00eda para el Desarrollo (CYTED), Apoyo financiero.<\/li><li>\u00abSeguimiento de microorganismos resistentes a antibi\u00f3ticos de importancia cr\u00edtica de alta prioridad en el sistema productivo av\u00edcola en el marco de Una Salud\u00bb. Responsables: Vignoli R, Trenchi G. (04\/2021 \u2013 04\/2022). Instituci\u00f3n Extranjera, Honduras. Asociaci\u00f3n Latinoamericana de Avicultura (ALA) Programa de Apoyo a la Investigaci\u00f3n en Ciencias Av\u00edcolas. Apoyo financiero.<\/li><li>\u00ab\u00bfC\u00f3mo definir sensibilidad a fosfomicina, colistina y tigeciclina en tiempos de multidrogorresistencia? Validaci\u00f3n de lo conocido y desarrollo de nuevas t\u00e9cnicas de estudio\u201d. Responsables: Araujo L, Caiata L. (04\/2021 \u2013 04\/2023). Comisi\u00f3n Sectorial de Investigaci\u00f3n Cient\u00edfica (CSIC I+D) \u2013 UDeLaR, Uruguay, Apoyo financiero.<\/li><li>\u00ab\u00bfQu\u00e9 estamos comiendo? B\u00fasqueda de mecanismos de resistencia en alimentos congelados\u00bb. Responsable: Bado I. (04\/2021 \u2013 04\/2023). Agencia Nacional de Investigaci\u00f3n e Innovaci\u00f3n (Fondo Maria Vi\u00f1as), Uruguay, Apoyo financiero.<br \/>Estudio de asociaci\u00f3n del genoma completo (GWAS) en E. coli: una aproximaci\u00f3n original en la b\u00fasqueda de marcadores gen\u00e9ticos del patotipo productor de la toxina Shiga (STEC) CSIC. Apoyo financiero. 2019.<\/li><li>Epidemiolog\u00eda molecular de Listeria monocytogenes recuperadas de casos cl\u00ednicos, alimentos, ambiente y animales. CSIC I+D 2018. Responsable: In\u00e9s Mota.<\/li><li>Mejoramiento del diagn\u00f3stico de la mastitis bovina mediante la puesta a punto de una cu\u00e1druplex droplet digital PCR. ANII. Apoyo financiero. 2020. Responsable: Leticia Diana, F.Veterinaria. Participantes: L. Pardo y G. Varela.<\/li><li>Listeriosis en rumiantes en Uruguay: creaci\u00f3n y caracterizaci\u00f3n de un banco de Listeria spp. Estudio de su presencia en alimentos de origen animal y m\u00e9todos de control. ANII Apoyo financiero. 2020. Co-responsables: C. Matto y G. Varela<\/li><li>Prevalencia de Escherichia coli productor de toxina Shiga (STEC) en canales bovinas uruguayas. Distribuci\u00f3n de serotipos, pulsotipos y presencia de genes asociados a virulencia en las cepas recuperadas. ANII. Apoyo financiero. 2018. Responsables G. Varela y S. Luzardo.<\/li><li>LEPTOSPIROSIS: seroprevalencia en poblaciones de equinos y referentes humanos. 2017. Responsables: P. Meny y G. Varela<br \/>Prevalencia de Listeria monocytogenes en quesos artesanales elaborados con leche cruda en Uruguay. ANII. Apoyo financiero. 2018. Participantes: I. Mota, V. Braga y G. Varela.<\/li><li>StaphNET South America: Establishing a network for genomic surveillance of Staphylococcus aureus in South America. 2018. Responsables locales: T. Camou. L. Pardo y G. Varela.<\/li><li>Obtenci\u00f3n y caracterizaci\u00f3n estructural de LPS de Leptospira. ANII-FMV. Apoyo financiero. 2018. Responsables: C. Fontana y G. Varela<\/li><li>Leptopirosis humana: respuesta inmune diferencial seg\u00fan sexo; hemocultivo y evoluci\u00f3n en largo plazo de la sintomatolog\u00eda. CSIC-VUSP. Apoyo financiero. 2019. Responsable: G. Varela.<\/li><li>Desarrollo de un test inmunocromatogr\u00e1fico r\u00e1pido para la detecci\u00f3n de uropat\u00f3genos y betalactamasas de espectro extendido en orina. ANII, Fondo Maria Vi\u00f1as 2018, 3\/2019-9\/2021. Responsable: Luciana Robino<\/li><li>Caracterizaci\u00f3n de la microbiota urinaria y sus implicancias cl\u00ednicas en ni\u00f1os y adultos. ANII, Fondo Clemente Estable 2019, 3\/2020-3\/2023. Responsable: Paola Scavone<\/li><li>Investigaci\u00f3n de la etiolog\u00eda bacteriana y serotipos de Streptococcus pneumoniae en ni\u00f1os con empiema. ANII, FCE, 2020.Responsable: In\u00e9s Mota, Gabriela Algorta.<\/li><li>Vigilancia y epidemiolog\u00eda molecular de SARS-CoV2 en aguas residuales. Espacio Interdisciplinario\/Fundaci\u00f3n Ricaldoni. 2020-2022. Participante. Santiago Mirazo.<\/li><li>An\u00e1lisis mutacional de resistencia a la Ribavirina en el dominio de la ARN polimerasa ARN-dependiente (ORF1) del virus de la Hepatitis E y sus efectos en la replicaci\u00f3n y fitness viral. CSIC. Responsable. Santiago Mirazo.<\/li><\/ul>\t\t\t\t\t\t\t\t<\/div>\n\t\t\t\t<\/div>\n\t\t\t\t\t<\/div>\n\t\t<\/div>\n\t\t\t\t\t<\/div>\n\t\t<\/section>\n\t\t\t\t<section class=\"elementor-section elementor-top-section elementor-element elementor-element-510cccb elementor-section-boxed elementor-section-height-default elementor-section-height-default\" data-id=\"510cccb\" data-element_type=\"section\">\n\t\t\t\t\t\t<div class=\"elementor-container elementor-column-gap-default\">\n\t\t\t\t\t<div class=\"elementor-column elementor-col-100 elementor-top-column elementor-element elementor-element-e3e71b9\" data-id=\"e3e71b9\" data-element_type=\"column\">\n\t\t\t<div class=\"elementor-widget-wrap elementor-element-populated\">\n\t\t\t\t\t\t<div class=\"elementor-element elementor-element-4486ffb elementor-widget elementor-widget-spacer\" data-id=\"4486ffb\" data-element_type=\"widget\" data-widget_type=\"spacer.default\">\n\t\t\t\t<div class=\"elementor-widget-container\">\n\t\t\t\t\t\t\t<div class=\"elementor-spacer\">\n\t\t\t<div class=\"elementor-spacer-inner\"><\/div>\n\t\t<\/div>\n\t\t\t\t\t\t<\/div>\n\t\t\t\t<\/div>\n\t\t\t\t\t<\/div>\n\t\t<\/div>\n\t\t\t\t\t<\/div>\n\t\t<\/section>\n\t\t\t\t<\/div>\n\t\t","protected":false},"excerpt":{"rendered":"<p>Inicio Integrantes Cursos L\u00edneas de Investigaci\u00f3n Proyectos Producci\u00f3n cient\u00edfica Extensi\u00f3n Links de inter\u00e9s Inicio Integrantes Cursos L\u00edneas de Investigaci\u00f3n Proyectos&#8230;<\/p>\n","protected":false},"author":1,"featured_media":0,"parent":0,"menu_order":0,"comment_status":"closed","ping_status":"closed","template":"","meta":{"_acf_changed":false,"footnotes":""},"class_list":["post-8636","page","type-page","status-publish","hentry"],"acf":[],"_links":{"self":[{"href":"https:\/\/higiene.edu.uy\/bacteriologia-y-virologia\/wp-json\/wp\/v2\/pages\/8636","targetHints":{"allow":["GET"]}}],"collection":[{"href":"https:\/\/higiene.edu.uy\/bacteriologia-y-virologia\/wp-json\/wp\/v2\/pages"}],"about":[{"href":"https:\/\/higiene.edu.uy\/bacteriologia-y-virologia\/wp-json\/wp\/v2\/types\/page"}],"author":[{"embeddable":true,"href":"https:\/\/higiene.edu.uy\/bacteriologia-y-virologia\/wp-json\/wp\/v2\/users\/1"}],"replies":[{"embeddable":true,"href":"https:\/\/higiene.edu.uy\/bacteriologia-y-virologia\/wp-json\/wp\/v2\/comments?post=8636"}],"version-history":[{"count":25,"href":"https:\/\/higiene.edu.uy\/bacteriologia-y-virologia\/wp-json\/wp\/v2\/pages\/8636\/revisions"}],"predecessor-version":[{"id":9606,"href":"https:\/\/higiene.edu.uy\/bacteriologia-y-virologia\/wp-json\/wp\/v2\/pages\/8636\/revisions\/9606"}],"wp:attachment":[{"href":"https:\/\/higiene.edu.uy\/bacteriologia-y-virologia\/wp-json\/wp\/v2\/media?parent=8636"}],"curies":[{"name":"wp","href":"https:\/\/api.w.org\/{rel}","templated":true}]}}